{"id":2747,"date":"2022-04-29T07:55:09","date_gmt":"2022-04-29T07:55:09","guid":{"rendered":"https:\/\/microendo.com.mx\/?page_id=2747"},"modified":"2025-08-08T02:14:07","modified_gmt":"2025-08-08T02:14:07","slug":"ficha-insectprotect-beauveria-bassiana","status":"publish","type":"page","link":"https:\/\/microendo.com.mx\/en\/productos\/ficha-insectprotect-beauveria-bassiana\/","title":{"rendered":"Ficha InsectProtect Beauveria bassiana"},"content":{"rendered":"<div data-elementor-type=\"wp-page\" data-elementor-id=\"2747\" class=\"elementor elementor-2747\" data-elementor-post-type=\"page\">\n\t\t\t\t\t\t<section class=\"elementor-section elementor-top-section elementor-element elementor-element-f20344f elementor-section-boxed elementor-section-height-default elementor-section-height-default\" data-id=\"f20344f\" data-element_type=\"section\" data-e-type=\"section\">\n\t\t\t\t\t\t<div class=\"elementor-container elementor-column-gap-default\">\n\t\t\t\t\t<div class=\"elementor-column elementor-col-50 elementor-top-column elementor-element elementor-element-745db39\" data-id=\"745db39\" data-element_type=\"column\" data-e-type=\"column\">\n\t\t\t<div class=\"elementor-widget-wrap elementor-element-populated\">\n\t\t\t\t\t\t<div class=\"elementor-element elementor-element-4f656f6 elementor-widget elementor-widget-image\" data-id=\"4f656f6\" data-element_type=\"widget\" data-e-type=\"widget\" data-widget_type=\"image.default\">\n\t\t\t\t<div class=\"elementor-widget-container\">\n\t\t\t\t\t<style>.elementor-element-4f656f6{display:none !important}<\/style>\t\t\t\t<\/div>\n\t\t\t\t<\/div>\n\t\t\t\t<div class=\"elementor-element elementor-element-0f5f94b elementor-widget elementor-widget-image\" data-id=\"0f5f94b\" data-element_type=\"widget\" data-e-type=\"widget\" data-widget_type=\"image.default\">\n\t\t\t\t<div class=\"elementor-widget-container\">\n\t\t\t\t\t\t\t\t\t\t\t\t<figure class=\"wp-caption\">\n\t\t\t\t\t\t\t\t\t\t<img decoding=\"async\" src=\"https:\/\/microendo.com.mx\/wp-content\/uploads\/elementor\/thumbs\/insectprotect-beauveria-b-quzh2mp5x1p0jwyww5d37edgz1qkw6omkyil11df6o.png\" title=\"insectprotect beauveria b\" alt=\"insectprotect beauveria b\" loading=\"lazy\" \/>\t\t\t\t\t\t\t\t\t\t\t<figcaption class=\"widget-image-caption wp-caption-text\"><\/figcaption>\n\t\t\t\t\t\t\t\t\t\t<\/figure>\n\t\t\t\t\t\t\t\t\t<\/div>\n\t\t\t\t<\/div>\n\t\t\t\t\t<\/div>\n\t\t<\/div>\n\t\t\t\t<div class=\"elementor-column elementor-col-50 elementor-top-column elementor-element elementor-element-e1c04ac\" data-id=\"e1c04ac\" data-element_type=\"column\" data-e-type=\"column\">\n\t\t\t<div class=\"elementor-widget-wrap elementor-element-populated\">\n\t\t\t\t\t\t<div class=\"elementor-element elementor-element-336c9ff elementor-widget elementor-widget-heading\" data-id=\"336c9ff\" data-element_type=\"widget\" data-e-type=\"widget\" data-widget_type=\"heading.default\">\n\t\t\t\t<div class=\"elementor-widget-container\">\n\t\t\t\t\t<h2 class=\"elementor-heading-title elementor-size-default\"><span> INSECT<span>PROTECT<\/span> Beauveria bassiana<\/h2>\t\t\t\t<\/div>\n\t\t\t\t<\/div>\n\t\t\t\t<div class=\"elementor-element elementor-element-3002cc9 elementor-widget elementor-widget-text-editor\" data-id=\"3002cc9\" data-element_type=\"widget\" data-e-type=\"widget\" data-widget_type=\"text-editor.default\">\n\t\t\t\t<div class=\"elementor-widget-container\">\n\t\t\t\t\t\t\t\t\tAgricultural bioinsecticide that protects against Mealybugs and Moths - It can pass from one insect to another through spores\t\t\t\t\t\t\t\t<\/div>\n\t\t\t\t<\/div>\n\t\t\t\t<section class=\"elementor-section elementor-inner-section elementor-element elementor-element-6fdd052 elementor-section-boxed elementor-section-height-default elementor-section-height-default\" data-id=\"6fdd052\" data-element_type=\"section\" data-e-type=\"section\">\n\t\t\t\t\t\t<div class=\"elementor-container elementor-column-gap-default\">\n\t\t\t\t\t<div class=\"elementor-column elementor-col-50 elementor-inner-column elementor-element elementor-element-1bed4b1\" data-id=\"1bed4b1\" data-element_type=\"column\" data-e-type=\"column\">\n\t\t\t<div class=\"elementor-widget-wrap elementor-element-populated\">\n\t\t\t\t\t\t<div class=\"elementor-element elementor-element-a18b4b7 elementor-button-warning elementor-align-justify elementor-widget elementor-widget-button\" data-id=\"a18b4b7\" data-element_type=\"widget\" data-e-type=\"widget\" data-no-translation=\"\" data-widget_type=\"button.default\">\n\t\t\t\t<div class=\"elementor-widget-container\">\n\t\t\t\t\t<style>.elementor-element-a18b4b7{display:none !important}<\/style>\t\t\t\t<\/div>\n\t\t\t\t<\/div>\n\t\t\t\t<div class=\"elementor-element elementor-element-4bed711 elementor-button-warning elementor-align-justify elementor-widget elementor-widget-button\" data-id=\"4bed711\" data-element_type=\"widget\" data-e-type=\"widget\" data-no-translation=\"\" data-widget_type=\"button.default\">\n\t\t\t\t<div class=\"elementor-widget-container\">\n\t\t\t\t\t\t\t\t\t<div class=\"elementor-button-wrapper\">\n\t\t\t\t\t<a class=\"elementor-button elementor-button-link elementor-size-lg\" href=\"https:\/\/microendo.com.mx\/wp-content\/uploads\/2024\/10\/insectprotect-beauveria-bassiana-ficha-tecnica-ingl-1.pdf\" target=\"_blank\">\n\t\t\t\t\t\t<span class=\"elementor-button-content-wrapper\">\n\t\t\t\t\t\t<span class=\"elementor-button-icon\">\n\t\t\t\t<i aria-hidden=\"true\" class=\"fas fa-download\"><\/i>\t\t\t<\/span>\n\t\t\t\t\t\t\t\t\t<span class=\"elementor-button-text\">Data Sheet<\/span>\n\t\t\t\t\t<\/span>\n\t\t\t\t\t<\/a>\n\t\t\t\t<\/div>\n\t\t\t\t\t\t\t\t<\/div>\n\t\t\t\t<\/div>\n\t\t\t\t\t<\/div>\n\t\t<\/div>\n\t\t\t\t<div class=\"elementor-column elementor-col-50 elementor-inner-column elementor-element elementor-element-01f958e\" data-id=\"01f958e\" data-element_type=\"column\" data-e-type=\"column\">\n\t\t\t<div class=\"elementor-widget-wrap elementor-element-populated\">\n\t\t\t\t\t\t<div class=\"elementor-element elementor-element-0131d6d elementor-align-justify elementor-widget elementor-widget-button\" data-id=\"0131d6d\" data-element_type=\"widget\" data-e-type=\"widget\" data-widget_type=\"button.default\">\n\t\t\t\t<div class=\"elementor-widget-container\">\n\t\t\t\t\t\t\t\t\t<div class=\"elementor-button-wrapper\">\n\t\t\t\t\t<a class=\"elementor-button elementor-button-link elementor-size-lg\" href=\"https:\/\/shopmicroendo.com\/producto\/insectprotect-beauveria-bassiana\/\">\n\t\t\t\t\t\t<span class=\"elementor-button-content-wrapper\">\n\t\t\t\t\t\t<span class=\"elementor-button-icon\">\n\t\t\t\t<i aria-hidden=\"true\" class=\"fas fa-shopping-cart\"><\/i>\t\t\t<\/span>\n\t\t\t\t\t\t\t\t\t<span class=\"elementor-button-text\">To buy<\/span>\n\t\t\t\t\t<\/span>\n\t\t\t\t\t<\/a>\n\t\t\t\t<\/div>\n\t\t\t\t\t\t\t\t<\/div>\n\t\t\t\t<\/div>\n\t\t\t\t\t<\/div>\n\t\t<\/div>\n\t\t\t\t\t<\/div>\n\t\t<\/section>\n\t\t\t\t<section class=\"elementor-section elementor-inner-section elementor-element elementor-element-b4b7de8 elementor-section-boxed elementor-section-height-default elementor-section-height-default\" data-id=\"b4b7de8\" data-element_type=\"section\" data-e-type=\"section\">\n\t\t\t\t\t\t<div class=\"elementor-container elementor-column-gap-default\">\n\t\t\t\t\t<div class=\"elementor-column elementor-col-50 elementor-inner-column elementor-element elementor-element-8c638a5\" data-id=\"8c638a5\" data-element_type=\"column\" data-e-type=\"column\">\n\t\t\t<div class=\"elementor-widget-wrap elementor-element-populated\">\n\t\t\t\t\t\t<div class=\"elementor-element elementor-element-5b34c8c elementor-button-warning elementor-align-justify elementor-widget elementor-widget-button\" data-id=\"5b34c8c\" data-element_type=\"widget\" data-e-type=\"widget\" data-no-translation=\"\" data-widget_type=\"button.default\">\n\t\t\t\t<div class=\"elementor-widget-container\">\n\t\t\t\t\t<style>.elementor-element-5b34c8c{display:none !important}<\/style>\t\t\t\t<\/div>\n\t\t\t\t<\/div>\n\t\t\t\t<div class=\"elementor-element elementor-element-36b8a9c elementor-button-warning elementor-align-justify elementor-widget elementor-widget-button\" data-id=\"36b8a9c\" data-element_type=\"widget\" data-e-type=\"widget\" data-no-translation=\"\" data-widget_type=\"button.default\">\n\t\t\t\t<div class=\"elementor-widget-container\">\n\t\t\t\t\t\t\t\t\t<div class=\"elementor-button-wrapper\">\n\t\t\t\t\t<a class=\"elementor-button elementor-button-link elementor-size-lg\" href=\"https:\/\/microendo.com.mx\/wp-content\/uploads\/2024\/10\/insect-beauveria-security-sheet.pdf\" target=\"_blank\">\n\t\t\t\t\t\t<span class=\"elementor-button-content-wrapper\">\n\t\t\t\t\t\t<span class=\"elementor-button-icon\">\n\t\t\t\t<i aria-hidden=\"true\" class=\"far fa-check-circle\"><\/i>\t\t\t<\/span>\n\t\t\t\t\t\t\t\t\t<span class=\"elementor-button-text\">Safety sheet<\/span>\n\t\t\t\t\t<\/span>\n\t\t\t\t\t<\/a>\n\t\t\t\t<\/div>\n\t\t\t\t\t\t\t\t<\/div>\n\t\t\t\t<\/div>\n\t\t\t\t\t<\/div>\n\t\t<\/div>\n\t\t\t\t<div class=\"elementor-column elementor-col-50 elementor-inner-column elementor-element elementor-element-b8eb31a\" data-id=\"b8eb31a\" data-element_type=\"column\" data-e-type=\"column\">\n\t\t\t<div class=\"elementor-widget-wrap elementor-element-populated\">\n\t\t\t\t\t\t<div class=\"elementor-element elementor-element-29a542b elementor-align-justify elementor-widget elementor-widget-button\" data-id=\"29a542b\" data-element_type=\"widget\" data-e-type=\"widget\" data-no-translation=\"\" data-widget_type=\"button.default\">\n\t\t\t\t<div class=\"elementor-widget-container\">\n\t\t\t\t\t<style>.elementor-element-29a542b{display:none !important}<\/style>\t\t\t\t<\/div>\n\t\t\t\t<\/div>\n\t\t\t\t<div class=\"elementor-element elementor-element-890e063 elementor-align-justify elementor-widget elementor-widget-button\" data-id=\"890e063\" data-element_type=\"widget\" data-e-type=\"widget\" data-no-translation=\"\" data-widget_type=\"button.default\">\n\t\t\t\t<div class=\"elementor-widget-container\">\n\t\t\t\t\t\t\t\t\t<div class=\"elementor-button-wrapper\">\n\t\t\t\t\t<a class=\"elementor-button elementor-button-link elementor-size-lg\" href=\"https:\/\/microendo.com.mx\/wp-content\/uploads\/2025\/01\/INSECTPROTECT-Beauveria-bassiana-ingl.pdf\">\n\t\t\t\t\t\t<span class=\"elementor-button-content-wrapper\">\n\t\t\t\t\t\t<span class=\"elementor-button-icon\">\n\t\t\t\t<i aria-hidden=\"true\" class=\"fas fa-download\"><\/i>\t\t\t<\/span>\n\t\t\t\t\t\t\t\t\t<span class=\"elementor-button-text\">OMRI Listed<\/span>\n\t\t\t\t\t<\/span>\n\t\t\t\t\t<\/a>\n\t\t\t\t<\/div>\n\t\t\t\t\t\t\t\t<\/div>\n\t\t\t\t<\/div>\n\t\t\t\t\t<\/div>\n\t\t<\/div>\n\t\t\t\t\t<\/div>\n\t\t<\/section>\n\t\t\t\t<section class=\"elementor-section elementor-inner-section elementor-element elementor-element-4f607ec elementor-section-boxed elementor-section-height-default elementor-section-height-default\" data-id=\"4f607ec\" data-element_type=\"section\" data-e-type=\"section\">\n\t\t\t\t\t\t<div class=\"elementor-container elementor-column-gap-default\">\n\t\t\t\t\t<div class=\"elementor-column elementor-col-100 elementor-inner-column elementor-element elementor-element-d585e3b\" data-id=\"d585e3b\" data-element_type=\"column\" data-e-type=\"column\">\n\t\t\t<div class=\"elementor-widget-wrap elementor-element-populated\">\n\t\t\t\t\t\t<div class=\"elementor-element elementor-element-bb9cce4 elementor-button-warning elementor-align-justify elementor-widget elementor-widget-button\" data-id=\"bb9cce4\" data-element_type=\"widget\" data-e-type=\"widget\" data-no-translation=\"\" data-widget_type=\"button.default\">\n\t\t\t\t<div class=\"elementor-widget-container\">\n\t\t\t\t\t<style>.elementor-element-bb9cce4{display:none !important}<\/style>\t\t\t\t<\/div>\n\t\t\t\t<\/div>\n\t\t\t\t<div class=\"elementor-element elementor-element-2d2caa8 elementor-button-warning elementor-align-justify elementor-widget elementor-widget-button\" data-id=\"2d2caa8\" data-element_type=\"widget\" data-e-type=\"widget\" data-no-translation=\"\" data-widget_type=\"button.default\">\n\t\t\t\t<div class=\"elementor-widget-container\">\n\t\t\t\t\t\t\t\t\t<div class=\"elementor-button-wrapper\">\n\t\t\t\t\t<a class=\"elementor-button elementor-button-link elementor-size-lg\" href=\"https:\/\/microendo.com.mx\/wp-content\/uploads\/2024\/12\/b-bassiana-results-sheet.pdf\" target=\"_blank\">\n\t\t\t\t\t\t<span class=\"elementor-button-content-wrapper\">\n\t\t\t\t\t\t<span class=\"elementor-button-icon\">\n\t\t\t\t<i aria-hidden=\"true\" class=\"fas fa-download\"><\/i>\t\t\t<\/span>\n\t\t\t\t\t\t\t\t\t<span class=\"elementor-button-text\">Results sheet<\/span>\n\t\t\t\t\t<\/span>\n\t\t\t\t\t<\/a>\n\t\t\t\t<\/div>\n\t\t\t\t\t\t\t\t<\/div>\n\t\t\t\t<\/div>\n\t\t\t\t\t<\/div>\n\t\t<\/div>\n\t\t\t\t\t<\/div>\n\t\t<\/section>\n\t\t\t\t\t<\/div>\n\t\t<\/div>\n\t\t\t\t\t<\/div>\n\t\t<\/section>\n\t\t\t\t<\/div>","protected":false},"excerpt":{"rendered":"<p>INSECTPROTECT Beauveria bassiana Data Sheet Comprar en tienda Safety sheet OMRI Listed Results sheet<\/p>","protected":false},"author":2,"featured_media":0,"parent":58,"menu_order":0,"comment_status":"closed","ping_status":"closed","template":"elementor_header_footer","meta":{"rs_blank_template":"","rs_page_bg_color":"","slide_template_v7":"","footnotes":""},"class_list":["post-2747","page","type-page","status-publish","hentry"],"yoast_head":"<!-- This site is optimized with the Yoast SEO plugin v27.2 - https:\/\/yoast.com\/product\/yoast-seo-wordpress\/ -->\n<title>Contacto - Microendo<\/title>\n<meta name=\"description\" content=\"Por favor, complete el siguiente formulario para que podamos brindarle un servicio m\u00e1s r\u00e1pido y efectivo o simplemente comun\u00edquese con nosotros.\" \/>\n<meta name=\"robots\" content=\"index, follow, max-snippet:-1, max-image-preview:large, max-video-preview:-1\" \/>\n<link rel=\"canonical\" href=\"https:\/\/microendo.com.mx\/en\/productos\/ficha-insectprotect-beauveria-bassiana\/\" \/>\n<meta property=\"og:locale\" content=\"en_US\" \/>\n<meta property=\"og:type\" content=\"article\" \/>\n<meta property=\"og:title\" content=\"Contacto - Microendo\" \/>\n<meta property=\"og:description\" content=\"Por favor, complete el siguiente formulario para que podamos brindarle un servicio m\u00e1s r\u00e1pido y efectivo o simplemente comun\u00edquese con nosotros.\" \/>\n<meta property=\"og:url\" content=\"https:\/\/microendo.com.mx\/en\/productos\/ficha-insectprotect-beauveria-bassiana\/\" \/>\n<meta property=\"og:site_name\" content=\"Microendo\" \/>\n<meta property=\"article:modified_time\" content=\"2025-08-08T02:14:07+00:00\" \/>\n<meta property=\"og:image\" content=\"https:\/\/microendo.com.mx\/wp-content\/uploads\/elementor\/thumbs\/insectprotect-beauveria-b-quzh2mp5x1p0jwyww5d37edgz1qkw6omkyil11df6o.png\" \/>\n<meta name=\"twitter:card\" content=\"summary_large_image\" \/>\n<meta name=\"twitter:label1\" content=\"Est. reading time\" \/>\n\t<meta name=\"twitter:data1\" content=\"1 minute\" \/>\n<script type=\"application\/ld+json\" class=\"yoast-schema-graph\">{\"@context\":\"https:\/\/schema.org\",\"@graph\":[{\"@type\":\"WebPage\",\"@id\":\"https:\/\/microendo.com.mx\/productos\/ficha-insectprotect-beauveria-bassiana\/\",\"url\":\"https:\/\/microendo.com.mx\/productos\/ficha-insectprotect-beauveria-bassiana\/\",\"name\":\"Contacto - Microendo\",\"isPartOf\":{\"@id\":\"https:\/\/microendo.com.mx\/#website\"},\"primaryImageOfPage\":{\"@id\":\"https:\/\/microendo.com.mx\/productos\/ficha-insectprotect-beauveria-bassiana\/#primaryimage\"},\"image\":{\"@id\":\"https:\/\/microendo.com.mx\/productos\/ficha-insectprotect-beauveria-bassiana\/#primaryimage\"},\"thumbnailUrl\":\"https:\/\/microendo.com.mx\/wp-content\/uploads\/elementor\/thumbs\/insectprotect-beauveria-b-quzh2mp5x1p0jwyww5d37edgz1qkw6omkyil11df6o.png\",\"datePublished\":\"2022-04-29T07:55:09+00:00\",\"dateModified\":\"2025-08-08T02:14:07+00:00\",\"description\":\"Por favor, complete el siguiente formulario para que podamos brindarle un servicio m\u00e1s r\u00e1pido y efectivo o simplemente comun\u00edquese con nosotros.\",\"breadcrumb\":{\"@id\":\"https:\/\/microendo.com.mx\/productos\/ficha-insectprotect-beauveria-bassiana\/#breadcrumb\"},\"inLanguage\":\"en-US\",\"potentialAction\":[{\"@type\":\"ReadAction\",\"target\":[\"https:\/\/microendo.com.mx\/productos\/ficha-insectprotect-beauveria-bassiana\/\"]}]},{\"@type\":\"ImageObject\",\"inLanguage\":\"en-US\",\"@id\":\"https:\/\/microendo.com.mx\/productos\/ficha-insectprotect-beauveria-bassiana\/#primaryimage\",\"url\":\"https:\/\/microendo.com.mx\/wp-content\/uploads\/elementor\/thumbs\/insectprotect-beauveria-b-quzh2mp5x1p0jwyww5d37edgz1qkw6omkyil11df6o.png\",\"contentUrl\":\"https:\/\/microendo.com.mx\/wp-content\/uploads\/elementor\/thumbs\/insectprotect-beauveria-b-quzh2mp5x1p0jwyww5d37edgz1qkw6omkyil11df6o.png\"},{\"@type\":\"BreadcrumbList\",\"@id\":\"https:\/\/microendo.com.mx\/productos\/ficha-insectprotect-beauveria-bassiana\/#breadcrumb\",\"itemListElement\":[{\"@type\":\"ListItem\",\"position\":1,\"name\":\"Inicio\",\"item\":\"https:\/\/microendo.com.mx\/\"},{\"@type\":\"ListItem\",\"position\":2,\"name\":\"Productos\",\"item\":\"https:\/\/microendo.com.mx\/productos\/\"},{\"@type\":\"ListItem\",\"position\":3,\"name\":\"Ficha InsectProtect Beauveria bassiana\"}]},{\"@type\":\"WebSite\",\"@id\":\"https:\/\/microendo.com.mx\/#website\",\"url\":\"https:\/\/microendo.com.mx\/\",\"name\":\"Microendo\",\"description\":\"Biofertilizantes Personalizados\",\"publisher\":{\"@id\":\"https:\/\/microendo.com.mx\/#organization\"},\"potentialAction\":[{\"@type\":\"SearchAction\",\"target\":{\"@type\":\"EntryPoint\",\"urlTemplate\":\"https:\/\/microendo.com.mx\/?s={search_term_string}\"},\"query-input\":{\"@type\":\"PropertyValueSpecification\",\"valueRequired\":true,\"valueName\":\"search_term_string\"}}],\"inLanguage\":\"en-US\"},{\"@type\":\"Organization\",\"@id\":\"https:\/\/microendo.com.mx\/#organization\",\"name\":\"Microendo\",\"url\":\"https:\/\/microendo.com.mx\/\",\"logo\":{\"@type\":\"ImageObject\",\"inLanguage\":\"en-US\",\"@id\":\"https:\/\/microendo.com.mx\/#\/schema\/logo\/image\/\",\"url\":\"https:\/\/microendo.com.mx\/wp-content\/uploads\/2019\/12\/cropped-cuadlogo-1.png\",\"contentUrl\":\"https:\/\/microendo.com.mx\/wp-content\/uploads\/2019\/12\/cropped-cuadlogo-1.png\",\"width\":250,\"height\":250,\"caption\":\"Microendo\"},\"image\":{\"@id\":\"https:\/\/microendo.com.mx\/#\/schema\/logo\/image\/\"}}]}<\/script>\n<!-- \/ Yoast SEO plugin. -->","yoast_head_json":{"title":"Contacto - Microendo","description":"Por favor, complete el siguiente formulario para que podamos brindarle un servicio m\u00e1s r\u00e1pido y efectivo o simplemente comun\u00edquese con nosotros.","robots":{"index":"index","follow":"follow","max-snippet":"max-snippet:-1","max-image-preview":"max-image-preview:large","max-video-preview":"max-video-preview:-1"},"canonical":"https:\/\/microendo.com.mx\/en\/productos\/ficha-insectprotect-beauveria-bassiana\/","og_locale":"en_US","og_type":"article","og_title":"Contacto - Microendo","og_description":"Por favor, complete el siguiente formulario para que podamos brindarle un servicio m\u00e1s r\u00e1pido y efectivo o simplemente comun\u00edquese con nosotros.","og_url":"https:\/\/microendo.com.mx\/en\/productos\/ficha-insectprotect-beauveria-bassiana\/","og_site_name":"Microendo","article_modified_time":"2025-08-08T02:14:07+00:00","og_image":[{"url":"https:\/\/microendo.com.mx\/wp-content\/uploads\/elementor\/thumbs\/insectprotect-beauveria-b-quzh2mp5x1p0jwyww5d37edgz1qkw6omkyil11df6o.png","type":"","width":"","height":""}],"twitter_card":"summary_large_image","twitter_misc":{"Est. reading time":"1 minute"},"schema":{"@context":"https:\/\/schema.org","@graph":[{"@type":"WebPage","@id":"https:\/\/microendo.com.mx\/productos\/ficha-insectprotect-beauveria-bassiana\/","url":"https:\/\/microendo.com.mx\/productos\/ficha-insectprotect-beauveria-bassiana\/","name":"Contacto - Microendo","isPartOf":{"@id":"https:\/\/microendo.com.mx\/#website"},"primaryImageOfPage":{"@id":"https:\/\/microendo.com.mx\/productos\/ficha-insectprotect-beauveria-bassiana\/#primaryimage"},"image":{"@id":"https:\/\/microendo.com.mx\/productos\/ficha-insectprotect-beauveria-bassiana\/#primaryimage"},"thumbnailUrl":"https:\/\/microendo.com.mx\/wp-content\/uploads\/elementor\/thumbs\/insectprotect-beauveria-b-quzh2mp5x1p0jwyww5d37edgz1qkw6omkyil11df6o.png","datePublished":"2022-04-29T07:55:09+00:00","dateModified":"2025-08-08T02:14:07+00:00","description":"Por favor, complete el siguiente formulario para que podamos brindarle un servicio m\u00e1s r\u00e1pido y efectivo o simplemente comun\u00edquese con nosotros.","breadcrumb":{"@id":"https:\/\/microendo.com.mx\/productos\/ficha-insectprotect-beauveria-bassiana\/#breadcrumb"},"inLanguage":"en-US","potentialAction":[{"@type":"ReadAction","target":["https:\/\/microendo.com.mx\/productos\/ficha-insectprotect-beauveria-bassiana\/"]}]},{"@type":"ImageObject","inLanguage":"en-US","@id":"https:\/\/microendo.com.mx\/productos\/ficha-insectprotect-beauveria-bassiana\/#primaryimage","url":"https:\/\/microendo.com.mx\/wp-content\/uploads\/elementor\/thumbs\/insectprotect-beauveria-b-quzh2mp5x1p0jwyww5d37edgz1qkw6omkyil11df6o.png","contentUrl":"https:\/\/microendo.com.mx\/wp-content\/uploads\/elementor\/thumbs\/insectprotect-beauveria-b-quzh2mp5x1p0jwyww5d37edgz1qkw6omkyil11df6o.png"},{"@type":"BreadcrumbList","@id":"https:\/\/microendo.com.mx\/productos\/ficha-insectprotect-beauveria-bassiana\/#breadcrumb","itemListElement":[{"@type":"ListItem","position":1,"name":"Inicio","item":"https:\/\/microendo.com.mx\/"},{"@type":"ListItem","position":2,"name":"Productos","item":"https:\/\/microendo.com.mx\/productos\/"},{"@type":"ListItem","position":3,"name":"Ficha InsectProtect Beauveria bassiana"}]},{"@type":"WebSite","@id":"https:\/\/microendo.com.mx\/#website","url":"https:\/\/microendo.com.mx\/","name":"microendo","description":"Biofertilizantes Personalizados","publisher":{"@id":"https:\/\/microendo.com.mx\/#organization"},"potentialAction":[{"@type":"SearchAction","target":{"@type":"EntryPoint","urlTemplate":"https:\/\/microendo.com.mx\/?s={search_term_string}"},"query-input":{"@type":"PropertyValueSpecification","valueRequired":true,"valueName":"search_term_string"}}],"inLanguage":"en-US"},{"@type":"Organization","@id":"https:\/\/microendo.com.mx\/#organization","name":"microendo","url":"https:\/\/microendo.com.mx\/","logo":{"@type":"ImageObject","inLanguage":"en-US","@id":"https:\/\/microendo.com.mx\/#\/schema\/logo\/image\/","url":"https:\/\/microendo.com.mx\/wp-content\/uploads\/2019\/12\/cropped-cuadlogo-1.png","contentUrl":"https:\/\/microendo.com.mx\/wp-content\/uploads\/2019\/12\/cropped-cuadlogo-1.png","width":250,"height":250,"caption":"Microendo"},"image":{"@id":"https:\/\/microendo.com.mx\/#\/schema\/logo\/image\/"}}]}},"_links":{"self":[{"href":"https:\/\/microendo.com.mx\/en\/wp-json\/wp\/v2\/pages\/2747","targetHints":{"allow":["GET"]}}],"collection":[{"href":"https:\/\/microendo.com.mx\/en\/wp-json\/wp\/v2\/pages"}],"about":[{"href":"https:\/\/microendo.com.mx\/en\/wp-json\/wp\/v2\/types\/page"}],"author":[{"embeddable":true,"href":"https:\/\/microendo.com.mx\/en\/wp-json\/wp\/v2\/users\/2"}],"replies":[{"embeddable":true,"href":"https:\/\/microendo.com.mx\/en\/wp-json\/wp\/v2\/comments?post=2747"}],"version-history":[{"count":0,"href":"https:\/\/microendo.com.mx\/en\/wp-json\/wp\/v2\/pages\/2747\/revisions"}],"up":[{"embeddable":true,"href":"https:\/\/microendo.com.mx\/en\/wp-json\/wp\/v2\/pages\/58"}],"wp:attachment":[{"href":"https:\/\/microendo.com.mx\/en\/wp-json\/wp\/v2\/media?parent=2747"}],"curies":[{"name":"wp","href":"https:\/\/api.w.org\/{rel}","templated":true}]}}