{"id":2838,"date":"2022-04-29T08:44:47","date_gmt":"2022-04-29T08:44:47","guid":{"rendered":"https:\/\/microendo.com.mx\/?page_id=2838"},"modified":"2025-08-08T02:19:32","modified_gmt":"2025-08-08T02:19:32","slug":"nematoprotect","status":"publish","type":"page","link":"https:\/\/microendo.com.mx\/en\/productos\/nematoprotect\/","title":{"rendered":"NematoProtect"},"content":{"rendered":"<div data-elementor-type=\"wp-page\" data-elementor-id=\"2838\" class=\"elementor elementor-2838\" data-elementor-post-type=\"page\">\n\t\t\t\t\t\t<section class=\"elementor-section elementor-top-section elementor-element elementor-element-f20344f elementor-section-boxed elementor-section-height-default elementor-section-height-default\" data-id=\"f20344f\" data-element_type=\"section\" data-e-type=\"section\">\n\t\t\t\t\t\t<div class=\"elementor-container elementor-column-gap-default\">\n\t\t\t\t\t<div class=\"elementor-column elementor-col-50 elementor-top-column elementor-element elementor-element-745db39\" data-id=\"745db39\" data-element_type=\"column\" data-e-type=\"column\">\n\t\t\t<div class=\"elementor-widget-wrap elementor-element-populated\">\n\t\t\t\t\t\t<div class=\"elementor-element elementor-element-dc29950 elementor-widget elementor-widget-image\" data-id=\"dc29950\" data-element_type=\"widget\" data-e-type=\"widget\" data-widget_type=\"image.default\">\n\t\t\t\t<div class=\"elementor-widget-container\">\n\t\t\t\t\t<style>.elementor-element-dc29950{display:none !important}<\/style>\t\t\t\t<\/div>\n\t\t\t\t<\/div>\n\t\t\t\t<div class=\"elementor-element elementor-element-4f656f6 elementor-widget elementor-widget-image\" data-id=\"4f656f6\" data-element_type=\"widget\" data-e-type=\"widget\" data-widget_type=\"image.default\">\n\t\t\t\t<div class=\"elementor-widget-container\">\n\t\t\t\t\t\t\t\t\t\t\t\t\t\t\t<img loading=\"lazy\" decoding=\"async\" width=\"768\" height=\"768\" src=\"https:\/\/microendo.com.mx\/wp-content\/uploads\/2024\/10\/nemato-protect-768x768.png\" class=\"attachment-medium_large size-medium_large wp-image-9985\" alt=\"\" srcset=\"https:\/\/microendo.com.mx\/wp-content\/uploads\/2024\/10\/nemato-protect-768x768.png 768w, https:\/\/microendo.com.mx\/wp-content\/uploads\/2024\/10\/nemato-protect-300x300.png 300w, https:\/\/microendo.com.mx\/wp-content\/uploads\/2024\/10\/nemato-protect-1024x1024.png 1024w, https:\/\/microendo.com.mx\/wp-content\/uploads\/2024\/10\/nemato-protect-150x150.png 150w, https:\/\/microendo.com.mx\/wp-content\/uploads\/2024\/10\/nemato-protect-12x12.png 12w, https:\/\/microendo.com.mx\/wp-content\/uploads\/2024\/10\/nemato-protect-600x600.png 600w, https:\/\/microendo.com.mx\/wp-content\/uploads\/2024\/10\/nemato-protect-100x100.png 100w, https:\/\/microendo.com.mx\/wp-content\/uploads\/2024\/10\/nemato-protect.png 1080w\" sizes=\"auto, (max-width: 768px) 100vw, 768px\" \/>\t\t\t\t\t\t\t\t\t\t\t\t\t\t\t<\/div>\n\t\t\t\t<\/div>\n\t\t\t\t\t<\/div>\n\t\t<\/div>\n\t\t\t\t<div class=\"elementor-column elementor-col-50 elementor-top-column elementor-element elementor-element-e1c04ac\" data-id=\"e1c04ac\" data-element_type=\"column\" data-e-type=\"column\">\n\t\t\t<div class=\"elementor-widget-wrap elementor-element-populated\">\n\t\t\t\t\t\t<div class=\"elementor-element elementor-element-336c9ff elementor-widget elementor-widget-heading\" data-id=\"336c9ff\" data-element_type=\"widget\" data-e-type=\"widget\" data-widget_type=\"heading.default\">\n\t\t\t\t<div class=\"elementor-widget-container\">\n\t\t\t\t\t<h2 class=\"elementor-heading-title elementor-size-default\"><span> NEMATO<span>PROTECT<\/span>  <\/h2>\t\t\t\t<\/div>\n\t\t\t\t<\/div>\n\t\t\t\t<div class=\"elementor-element elementor-element-3002cc9 elementor-widget elementor-widget-text-editor\" data-id=\"3002cc9\" data-element_type=\"widget\" data-e-type=\"widget\" data-widget_type=\"text-editor.default\">\n\t\t\t\t<div class=\"elementor-widget-container\">\n\t\t\t\t\t\t\t\t\t<strong>Paecilomyces lilacinus:<\/strong> Agricultural bionematicide that protects your plants from nematodes - Effect against Meloidogyne, Globodera, etc.\t\t\t\t\t\t\t\t<\/div>\n\t\t\t\t<\/div>\n\t\t\t\t<section class=\"elementor-section elementor-inner-section elementor-element elementor-element-6fdd052 elementor-section-boxed elementor-section-height-default elementor-section-height-default\" data-id=\"6fdd052\" data-element_type=\"section\" data-e-type=\"section\">\n\t\t\t\t\t\t<div class=\"elementor-container elementor-column-gap-default\">\n\t\t\t\t\t<div class=\"elementor-column elementor-col-50 elementor-inner-column elementor-element elementor-element-1bed4b1\" data-id=\"1bed4b1\" data-element_type=\"column\" data-e-type=\"column\">\n\t\t\t<div class=\"elementor-widget-wrap elementor-element-populated\">\n\t\t\t\t\t\t<div class=\"elementor-element elementor-element-137d56a elementor-button-warning elementor-align-justify elementor-widget elementor-widget-button\" data-id=\"137d56a\" data-element_type=\"widget\" data-e-type=\"widget\" data-no-translation=\"\" data-widget_type=\"button.default\">\n\t\t\t\t<div class=\"elementor-widget-container\">\n\t\t\t\t\t<style>.elementor-element-137d56a{display:none !important}<\/style>\t\t\t\t<\/div>\n\t\t\t\t<\/div>\n\t\t\t\t<div class=\"elementor-element elementor-element-6d6799c elementor-button-warning elementor-align-justify elementor-widget elementor-widget-button\" data-id=\"6d6799c\" data-element_type=\"widget\" data-e-type=\"widget\" data-no-translation=\"\" data-widget_type=\"button.default\">\n\t\t\t\t<div class=\"elementor-widget-container\">\n\t\t\t\t\t\t\t\t\t<div class=\"elementor-button-wrapper\">\n\t\t\t\t\t<a class=\"elementor-button elementor-button-link elementor-size-lg\" href=\"https:\/\/microendo.com.mx\/wp-content\/uploads\/2024\/10\/nematoprotect-ficha-tecnica-ingl-1.pdf\" target=\"_blank\">\n\t\t\t\t\t\t<span class=\"elementor-button-content-wrapper\">\n\t\t\t\t\t\t<span class=\"elementor-button-icon\">\n\t\t\t\t<i aria-hidden=\"true\" class=\"fas fa-download\"><\/i>\t\t\t<\/span>\n\t\t\t\t\t\t\t\t\t<span class=\"elementor-button-text\">Data sheet<\/span>\n\t\t\t\t\t<\/span>\n\t\t\t\t\t<\/a>\n\t\t\t\t<\/div>\n\t\t\t\t\t\t\t\t<\/div>\n\t\t\t\t<\/div>\n\t\t\t\t\t<\/div>\n\t\t<\/div>\n\t\t\t\t<div class=\"elementor-column elementor-col-50 elementor-inner-column elementor-element elementor-element-01f958e\" data-id=\"01f958e\" data-element_type=\"column\" data-e-type=\"column\">\n\t\t\t<div class=\"elementor-widget-wrap elementor-element-populated\">\n\t\t\t\t\t\t<div class=\"elementor-element elementor-element-2a89518 elementor-align-justify elementor-widget elementor-widget-button\" data-id=\"2a89518\" data-element_type=\"widget\" data-e-type=\"widget\" data-widget_type=\"button.default\">\n\t\t\t\t<div class=\"elementor-widget-container\">\n\t\t\t\t\t\t\t\t\t<div class=\"elementor-button-wrapper\">\n\t\t\t\t\t<a class=\"elementor-button elementor-button-link elementor-size-lg\" href=\"https:\/\/shopmicroendo.com\/producto\/nematoprotect-paecilomyces-lilacinus\/\">\n\t\t\t\t\t\t<span class=\"elementor-button-content-wrapper\">\n\t\t\t\t\t\t<span class=\"elementor-button-icon\">\n\t\t\t\t<i aria-hidden=\"true\" class=\"fas fa-shopping-cart\"><\/i>\t\t\t<\/span>\n\t\t\t\t\t\t\t\t\t<span class=\"elementor-button-text\">To buy<\/span>\n\t\t\t\t\t<\/span>\n\t\t\t\t\t<\/a>\n\t\t\t\t<\/div>\n\t\t\t\t\t\t\t\t<\/div>\n\t\t\t\t<\/div>\n\t\t\t\t\t<\/div>\n\t\t<\/div>\n\t\t\t\t\t<\/div>\n\t\t<\/section>\n\t\t\t\t<section class=\"elementor-section elementor-inner-section elementor-element elementor-element-7843060 elementor-section-boxed elementor-section-height-default elementor-section-height-default\" data-id=\"7843060\" data-element_type=\"section\" data-e-type=\"section\">\n\t\t\t\t\t\t<div class=\"elementor-container elementor-column-gap-default\">\n\t\t\t\t\t<div class=\"elementor-column elementor-col-50 elementor-inner-column elementor-element elementor-element-73c1fd5\" data-id=\"73c1fd5\" data-element_type=\"column\" data-e-type=\"column\">\n\t\t\t<div class=\"elementor-widget-wrap elementor-element-populated\">\n\t\t\t\t\t\t<div class=\"elementor-element elementor-element-3ee7346 elementor-button-warning elementor-align-justify elementor-widget elementor-widget-button\" data-id=\"3ee7346\" data-element_type=\"widget\" data-e-type=\"widget\" data-no-translation=\"\" data-widget_type=\"button.default\">\n\t\t\t\t<div class=\"elementor-widget-container\">\n\t\t\t\t\t<style>.elementor-element-3ee7346{display:none !important}<\/style>\t\t\t\t<\/div>\n\t\t\t\t<\/div>\n\t\t\t\t<div class=\"elementor-element elementor-element-6fea204 elementor-button-warning elementor-align-justify elementor-widget elementor-widget-button\" data-id=\"6fea204\" data-element_type=\"widget\" data-e-type=\"widget\" data-no-translation=\"\" data-widget_type=\"button.default\">\n\t\t\t\t<div class=\"elementor-widget-container\">\n\t\t\t\t\t\t\t\t\t<div class=\"elementor-button-wrapper\">\n\t\t\t\t\t<a class=\"elementor-button elementor-button-link elementor-size-lg\" href=\"https:\/\/microendo.com.mx\/wp-content\/uploads\/2024\/10\/nemato-security-sheet.pdf\" target=\"_blank\">\n\t\t\t\t\t\t<span class=\"elementor-button-content-wrapper\">\n\t\t\t\t\t\t<span class=\"elementor-button-icon\">\n\t\t\t\t<i aria-hidden=\"true\" class=\"far fa-check-circle\"><\/i>\t\t\t<\/span>\n\t\t\t\t\t\t\t\t\t<span class=\"elementor-button-text\">Safety sheet<\/span>\n\t\t\t\t\t<\/span>\n\t\t\t\t\t<\/a>\n\t\t\t\t<\/div>\n\t\t\t\t\t\t\t\t<\/div>\n\t\t\t\t<\/div>\n\t\t\t\t\t<\/div>\n\t\t<\/div>\n\t\t\t\t<div class=\"elementor-column elementor-col-50 elementor-inner-column elementor-element elementor-element-ce51913\" data-id=\"ce51913\" data-element_type=\"column\" data-e-type=\"column\">\n\t\t\t<div class=\"elementor-widget-wrap\">\n\t\t\t\t\t\t\t<\/div>\n\t\t<\/div>\n\t\t\t\t\t<\/div>\n\t\t<\/section>\n\t\t\t\t\t<\/div>\n\t\t<\/div>\n\t\t\t\t\t<\/div>\n\t\t<\/section>\n\t\t\t\t<\/div>","protected":false},"excerpt":{"rendered":"<p>NEMATOPROTECT Data sheet Comprar en tienda Safety sheet<\/p>","protected":false},"author":2,"featured_media":0,"parent":58,"menu_order":0,"comment_status":"closed","ping_status":"closed","template":"elementor_header_footer","meta":{"rs_blank_template":"","rs_page_bg_color":"","slide_template_v7":"","footnotes":""},"class_list":["post-2838","page","type-page","status-publish","hentry"],"yoast_head":"<!-- This site is optimized with the Yoast SEO plugin v27.2 - https:\/\/yoast.com\/product\/yoast-seo-wordpress\/ -->\n<title>NematoProtect<\/title>\n<meta name=\"description\" content=\"Por favor, complete el siguiente formulario para que podamos brindarle un servicio m\u00e1s r\u00e1pido y efectivo o simplemente comun\u00edquese con nosotros.\" \/>\n<meta name=\"robots\" content=\"index, follow, max-snippet:-1, max-image-preview:large, max-video-preview:-1\" \/>\n<link rel=\"canonical\" href=\"https:\/\/microendo.com.mx\/en\/productos\/nematoprotect\/\" \/>\n<meta property=\"og:locale\" content=\"en_US\" \/>\n<meta property=\"og:type\" content=\"article\" \/>\n<meta property=\"og:title\" content=\"NematoProtect\" \/>\n<meta property=\"og:description\" content=\"Por favor, complete el siguiente formulario para que podamos brindarle un servicio m\u00e1s r\u00e1pido y efectivo o simplemente comun\u00edquese con nosotros.\" \/>\n<meta property=\"og:url\" content=\"https:\/\/microendo.com.mx\/en\/productos\/nematoprotect\/\" \/>\n<meta property=\"og:site_name\" content=\"Microendo\" \/>\n<meta property=\"article:modified_time\" content=\"2025-08-08T02:19:32+00:00\" \/>\n<meta property=\"og:image\" content=\"https:\/\/microendo.com.mx\/wp-content\/uploads\/2024\/10\/nemato-protect-768x768.png\" \/>\n<meta name=\"twitter:card\" content=\"summary_large_image\" \/>\n<meta name=\"twitter:label1\" content=\"Est. reading time\" \/>\n\t<meta name=\"twitter:data1\" content=\"1 minute\" \/>\n<script type=\"application\/ld+json\" class=\"yoast-schema-graph\">{\"@context\":\"https:\/\/schema.org\",\"@graph\":[{\"@type\":\"WebPage\",\"@id\":\"https:\/\/microendo.com.mx\/productos\/nematoprotect\/\",\"url\":\"https:\/\/microendo.com.mx\/productos\/nematoprotect\/\",\"name\":\"NematoProtect\",\"isPartOf\":{\"@id\":\"https:\/\/microendo.com.mx\/#website\"},\"primaryImageOfPage\":{\"@id\":\"https:\/\/microendo.com.mx\/productos\/nematoprotect\/#primaryimage\"},\"image\":{\"@id\":\"https:\/\/microendo.com.mx\/productos\/nematoprotect\/#primaryimage\"},\"thumbnailUrl\":\"https:\/\/microendo.com.mx\/wp-content\/uploads\/2024\/10\/nemato-protect-768x768.png\",\"datePublished\":\"2022-04-29T08:44:47+00:00\",\"dateModified\":\"2025-08-08T02:19:32+00:00\",\"description\":\"Por favor, complete el siguiente formulario para que podamos brindarle un servicio m\u00e1s r\u00e1pido y efectivo o simplemente comun\u00edquese con nosotros.\",\"breadcrumb\":{\"@id\":\"https:\/\/microendo.com.mx\/productos\/nematoprotect\/#breadcrumb\"},\"inLanguage\":\"en-US\",\"potentialAction\":[{\"@type\":\"ReadAction\",\"target\":[\"https:\/\/microendo.com.mx\/productos\/nematoprotect\/\"]}]},{\"@type\":\"ImageObject\",\"inLanguage\":\"en-US\",\"@id\":\"https:\/\/microendo.com.mx\/productos\/nematoprotect\/#primaryimage\",\"url\":\"https:\/\/microendo.com.mx\/wp-content\/uploads\/2024\/10\/nemato-protect-768x768.png\",\"contentUrl\":\"https:\/\/microendo.com.mx\/wp-content\/uploads\/2024\/10\/nemato-protect-768x768.png\"},{\"@type\":\"BreadcrumbList\",\"@id\":\"https:\/\/microendo.com.mx\/productos\/nematoprotect\/#breadcrumb\",\"itemListElement\":[{\"@type\":\"ListItem\",\"position\":1,\"name\":\"Inicio\",\"item\":\"https:\/\/microendo.com.mx\/\"},{\"@type\":\"ListItem\",\"position\":2,\"name\":\"Productos\",\"item\":\"https:\/\/microendo.com.mx\/productos\/\"},{\"@type\":\"ListItem\",\"position\":3,\"name\":\"NematoProtect\"}]},{\"@type\":\"WebSite\",\"@id\":\"https:\/\/microendo.com.mx\/#website\",\"url\":\"https:\/\/microendo.com.mx\/\",\"name\":\"Microendo\",\"description\":\"Biofertilizantes Personalizados\",\"publisher\":{\"@id\":\"https:\/\/microendo.com.mx\/#organization\"},\"potentialAction\":[{\"@type\":\"SearchAction\",\"target\":{\"@type\":\"EntryPoint\",\"urlTemplate\":\"https:\/\/microendo.com.mx\/?s={search_term_string}\"},\"query-input\":{\"@type\":\"PropertyValueSpecification\",\"valueRequired\":true,\"valueName\":\"search_term_string\"}}],\"inLanguage\":\"en-US\"},{\"@type\":\"Organization\",\"@id\":\"https:\/\/microendo.com.mx\/#organization\",\"name\":\"Microendo\",\"url\":\"https:\/\/microendo.com.mx\/\",\"logo\":{\"@type\":\"ImageObject\",\"inLanguage\":\"en-US\",\"@id\":\"https:\/\/microendo.com.mx\/#\/schema\/logo\/image\/\",\"url\":\"https:\/\/microendo.com.mx\/wp-content\/uploads\/2019\/12\/cropped-cuadlogo-1.png\",\"contentUrl\":\"https:\/\/microendo.com.mx\/wp-content\/uploads\/2019\/12\/cropped-cuadlogo-1.png\",\"width\":250,\"height\":250,\"caption\":\"Microendo\"},\"image\":{\"@id\":\"https:\/\/microendo.com.mx\/#\/schema\/logo\/image\/\"}}]}<\/script>\n<!-- \/ Yoast SEO plugin. -->","yoast_head_json":{"title":"NematoProtect","description":"Por favor, complete el siguiente formulario para que podamos brindarle un servicio m\u00e1s r\u00e1pido y efectivo o simplemente comun\u00edquese con nosotros.","robots":{"index":"index","follow":"follow","max-snippet":"max-snippet:-1","max-image-preview":"max-image-preview:large","max-video-preview":"max-video-preview:-1"},"canonical":"https:\/\/microendo.com.mx\/en\/productos\/nematoprotect\/","og_locale":"en_US","og_type":"article","og_title":"NematoProtect","og_description":"Por favor, complete el siguiente formulario para que podamos brindarle un servicio m\u00e1s r\u00e1pido y efectivo o simplemente comun\u00edquese con nosotros.","og_url":"https:\/\/microendo.com.mx\/en\/productos\/nematoprotect\/","og_site_name":"Microendo","article_modified_time":"2025-08-08T02:19:32+00:00","og_image":[{"url":"https:\/\/microendo.com.mx\/wp-content\/uploads\/2024\/10\/nemato-protect-768x768.png","type":"","width":"","height":""}],"twitter_card":"summary_large_image","twitter_misc":{"Est. reading time":"1 minute"},"schema":{"@context":"https:\/\/schema.org","@graph":[{"@type":"WebPage","@id":"https:\/\/microendo.com.mx\/productos\/nematoprotect\/","url":"https:\/\/microendo.com.mx\/productos\/nematoprotect\/","name":"NematoProtect","isPartOf":{"@id":"https:\/\/microendo.com.mx\/#website"},"primaryImageOfPage":{"@id":"https:\/\/microendo.com.mx\/productos\/nematoprotect\/#primaryimage"},"image":{"@id":"https:\/\/microendo.com.mx\/productos\/nematoprotect\/#primaryimage"},"thumbnailUrl":"https:\/\/microendo.com.mx\/wp-content\/uploads\/2024\/10\/nemato-protect-768x768.png","datePublished":"2022-04-29T08:44:47+00:00","dateModified":"2025-08-08T02:19:32+00:00","description":"Por favor, complete el siguiente formulario para que podamos brindarle un servicio m\u00e1s r\u00e1pido y efectivo o simplemente comun\u00edquese con nosotros.","breadcrumb":{"@id":"https:\/\/microendo.com.mx\/productos\/nematoprotect\/#breadcrumb"},"inLanguage":"en-US","potentialAction":[{"@type":"ReadAction","target":["https:\/\/microendo.com.mx\/productos\/nematoprotect\/"]}]},{"@type":"ImageObject","inLanguage":"en-US","@id":"https:\/\/microendo.com.mx\/productos\/nematoprotect\/#primaryimage","url":"https:\/\/microendo.com.mx\/wp-content\/uploads\/2024\/10\/nemato-protect-768x768.png","contentUrl":"https:\/\/microendo.com.mx\/wp-content\/uploads\/2024\/10\/nemato-protect-768x768.png"},{"@type":"BreadcrumbList","@id":"https:\/\/microendo.com.mx\/productos\/nematoprotect\/#breadcrumb","itemListElement":[{"@type":"ListItem","position":1,"name":"Inicio","item":"https:\/\/microendo.com.mx\/"},{"@type":"ListItem","position":2,"name":"Productos","item":"https:\/\/microendo.com.mx\/productos\/"},{"@type":"ListItem","position":3,"name":"NematoProtect"}]},{"@type":"WebSite","@id":"https:\/\/microendo.com.mx\/#website","url":"https:\/\/microendo.com.mx\/","name":"microendo","description":"Biofertilizantes Personalizados","publisher":{"@id":"https:\/\/microendo.com.mx\/#organization"},"potentialAction":[{"@type":"SearchAction","target":{"@type":"EntryPoint","urlTemplate":"https:\/\/microendo.com.mx\/?s={search_term_string}"},"query-input":{"@type":"PropertyValueSpecification","valueRequired":true,"valueName":"search_term_string"}}],"inLanguage":"en-US"},{"@type":"Organization","@id":"https:\/\/microendo.com.mx\/#organization","name":"microendo","url":"https:\/\/microendo.com.mx\/","logo":{"@type":"ImageObject","inLanguage":"en-US","@id":"https:\/\/microendo.com.mx\/#\/schema\/logo\/image\/","url":"https:\/\/microendo.com.mx\/wp-content\/uploads\/2019\/12\/cropped-cuadlogo-1.png","contentUrl":"https:\/\/microendo.com.mx\/wp-content\/uploads\/2019\/12\/cropped-cuadlogo-1.png","width":250,"height":250,"caption":"Microendo"},"image":{"@id":"https:\/\/microendo.com.mx\/#\/schema\/logo\/image\/"}}]}},"_links":{"self":[{"href":"https:\/\/microendo.com.mx\/en\/wp-json\/wp\/v2\/pages\/2838","targetHints":{"allow":["GET"]}}],"collection":[{"href":"https:\/\/microendo.com.mx\/en\/wp-json\/wp\/v2\/pages"}],"about":[{"href":"https:\/\/microendo.com.mx\/en\/wp-json\/wp\/v2\/types\/page"}],"author":[{"embeddable":true,"href":"https:\/\/microendo.com.mx\/en\/wp-json\/wp\/v2\/users\/2"}],"replies":[{"embeddable":true,"href":"https:\/\/microendo.com.mx\/en\/wp-json\/wp\/v2\/comments?post=2838"}],"version-history":[{"count":0,"href":"https:\/\/microendo.com.mx\/en\/wp-json\/wp\/v2\/pages\/2838\/revisions"}],"up":[{"embeddable":true,"href":"https:\/\/microendo.com.mx\/en\/wp-json\/wp\/v2\/pages\/58"}],"wp:attachment":[{"href":"https:\/\/microendo.com.mx\/en\/wp-json\/wp\/v2\/media?parent=2838"}],"curies":[{"name":"wp","href":"https:\/\/api.w.org\/{rel}","templated":true}]}}