{"id":3507,"date":"2022-05-22T04:42:49","date_gmt":"2022-05-22T04:42:49","guid":{"rendered":"https:\/\/microendo.com.mx\/?page_id=3507"},"modified":"2024-12-11T18:20:35","modified_gmt":"2024-12-11T18:20:35","slug":"ficha-berries-llenado","status":"publish","type":"page","link":"https:\/\/microendo.com.mx\/en\/productos\/ficha-berries-llenado\/","title":{"rendered":"Ficha Berries Llenado"},"content":{"rendered":"<div data-elementor-type=\"wp-page\" data-elementor-id=\"3507\" class=\"elementor elementor-3507\" data-elementor-post-type=\"page\">\n\t\t\t\t\t\t<section class=\"elementor-section elementor-top-section elementor-element elementor-element-f20344f elementor-section-boxed elementor-section-height-default elementor-section-height-default\" data-id=\"f20344f\" data-element_type=\"section\" data-e-type=\"section\">\n\t\t\t\t\t\t<div class=\"elementor-container elementor-column-gap-default\">\n\t\t\t\t\t<div class=\"elementor-column elementor-col-50 elementor-top-column elementor-element elementor-element-745db39\" data-id=\"745db39\" data-element_type=\"column\" data-e-type=\"column\">\n\t\t\t<div class=\"elementor-widget-wrap elementor-element-populated\">\n\t\t\t\t\t\t<div class=\"elementor-element elementor-element-4f656f6 elementor-widget elementor-widget-image\" data-id=\"4f656f6\" data-element_type=\"widget\" data-e-type=\"widget\" data-widget_type=\"image.default\">\n\t\t\t\t<div class=\"elementor-widget-container\">\n\t\t\t\t\t<style>.elementor-element-4f656f6{display:none !important}<\/style>\t\t\t\t<\/div>\n\t\t\t\t<\/div>\n\t\t\t\t<div class=\"elementor-element elementor-element-c0f2093 elementor-widget elementor-widget-image\" data-id=\"c0f2093\" data-element_type=\"widget\" data-e-type=\"widget\" data-widget_type=\"image.default\">\n\t\t\t\t<div class=\"elementor-widget-container\">\n\t\t\t\t\t\t\t\t\t\t\t\t<figure class=\"wp-caption\">\n\t\t\t\t\t\t\t\t\t\t<img loading=\"lazy\" decoding=\"async\" width=\"800\" height=\"800\" src=\"https:\/\/microendo.com.mx\/wp-content\/uploads\/2024\/10\/berries-filling-1024x1024.png\" class=\"attachment-large size-large wp-image-9891\" alt=\"\" srcset=\"https:\/\/microendo.com.mx\/wp-content\/uploads\/2024\/10\/berries-filling-1024x1024.png 1024w, https:\/\/microendo.com.mx\/wp-content\/uploads\/2024\/10\/berries-filling-300x300.png 300w, https:\/\/microendo.com.mx\/wp-content\/uploads\/2024\/10\/berries-filling-150x150.png 150w, https:\/\/microendo.com.mx\/wp-content\/uploads\/2024\/10\/berries-filling-768x768.png 768w, https:\/\/microendo.com.mx\/wp-content\/uploads\/2024\/10\/berries-filling-12x12.png 12w, https:\/\/microendo.com.mx\/wp-content\/uploads\/2024\/10\/berries-filling-600x600.png 600w, https:\/\/microendo.com.mx\/wp-content\/uploads\/2024\/10\/berries-filling-100x100.png 100w, https:\/\/microendo.com.mx\/wp-content\/uploads\/2024\/10\/berries-filling.png 1080w\" sizes=\"auto, (max-width: 800px) 100vw, 800px\" \/>\t\t\t\t\t\t\t\t\t\t\t<figcaption class=\"widget-image-caption wp-caption-text\"><\/figcaption>\n\t\t\t\t\t\t\t\t\t\t<\/figure>\n\t\t\t\t\t\t\t\t\t<\/div>\n\t\t\t\t<\/div>\n\t\t\t\t\t<\/div>\n\t\t<\/div>\n\t\t\t\t<div class=\"elementor-column elementor-col-50 elementor-top-column elementor-element elementor-element-e1c04ac\" data-id=\"e1c04ac\" data-element_type=\"column\" data-e-type=\"column\">\n\t\t\t<div class=\"elementor-widget-wrap elementor-element-populated\">\n\t\t\t\t\t\t<div class=\"elementor-element elementor-element-336c9ff elementor-widget elementor-widget-heading\" data-id=\"336c9ff\" data-element_type=\"widget\" data-e-type=\"widget\" data-widget_type=\"heading.default\">\n\t\t\t\t<div class=\"elementor-widget-container\">\n\t\t\t\t\t<h2 class=\"elementor-heading-title elementor-size-default\"><span style=\"color:#49A010\"> BERRIES<span>MICROBIOTA<\/span> Filling\n\n<\/span><\/h2>\t\t\t\t<\/div>\n\t\t\t\t<\/div>\n\t\t\t\t<div class=\"elementor-element elementor-element-3002cc9 elementor-widget elementor-widget-text-editor\" data-id=\"3002cc9\" data-element_type=\"widget\" data-e-type=\"widget\" data-widget_type=\"text-editor.default\">\n\t\t\t\t<div class=\"elementor-widget-container\">\n\t\t\t\t\t\t\t\t\t<p><strong>ANTI-STRESS <\/strong>Bio-inoculant specially designed for filling berries. Strengthens the immune system and reduces plant stress.<\/p><p><strong>STIMULANT<\/strong> Bio-inoculant specially designed for filling berries. Stimulates growth by increasing the number of leaves and roots of the plant.<\/p><p><strong>PROTECTIVE<\/strong> Bio-inoculant specially designed for filling berries. Protection against pathogenic fungi.<\/p>\t\t\t\t\t\t\t\t<\/div>\n\t\t\t\t<\/div>\n\t\t\t\t<section class=\"elementor-section elementor-inner-section elementor-element elementor-element-80ed01d elementor-section-boxed elementor-section-height-default elementor-section-height-default\" data-id=\"80ed01d\" data-element_type=\"section\" data-e-type=\"section\">\n\t\t\t\t\t\t<div class=\"elementor-container elementor-column-gap-default\">\n\t\t\t\t\t<div class=\"elementor-column elementor-col-50 elementor-inner-column elementor-element elementor-element-691a367\" data-id=\"691a367\" data-element_type=\"column\" data-e-type=\"column\">\n\t\t\t<div class=\"elementor-widget-wrap elementor-element-populated\">\n\t\t\t\t\t\t<div class=\"elementor-element elementor-element-42c44cc elementor-button-warning elementor-align-justify elementor-widget elementor-widget-button\" data-id=\"42c44cc\" data-element_type=\"widget\" data-e-type=\"widget\" data-no-translation=\"\" data-widget_type=\"button.default\">\n\t\t\t\t<div class=\"elementor-widget-container\">\n\t\t\t\t\t<style>.elementor-element-42c44cc{display:none !important}<\/style>\t\t\t\t<\/div>\n\t\t\t\t<\/div>\n\t\t\t\t<div class=\"elementor-element elementor-element-3bd74ac elementor-button-warning elementor-align-justify elementor-widget elementor-widget-button\" data-id=\"3bd74ac\" data-element_type=\"widget\" data-e-type=\"widget\" data-no-translation=\"\" data-widget_type=\"button.default\">\n\t\t\t\t<div class=\"elementor-widget-container\">\n\t\t\t\t\t\t\t\t\t<div class=\"elementor-button-wrapper\">\n\t\t\t\t\t<a class=\"elementor-button elementor-button-link elementor-size-lg\" href=\"https:\/\/microendo.com.mx\/wp-content\/uploads\/2024\/10\/berries-llenado-ficha-tecnica-ingl-1.pdf\" target=\"_blank\">\n\t\t\t\t\t\t<span class=\"elementor-button-content-wrapper\">\n\t\t\t\t\t\t<span class=\"elementor-button-icon\">\n\t\t\t\t<i aria-hidden=\"true\" class=\"fas fa-download\"><\/i>\t\t\t<\/span>\n\t\t\t\t\t\t\t\t\t<span class=\"elementor-button-text\">Data Sheet<\/span>\n\t\t\t\t\t<\/span>\n\t\t\t\t\t<\/a>\n\t\t\t\t<\/div>\n\t\t\t\t\t\t\t\t<\/div>\n\t\t\t\t<\/div>\n\t\t\t\t\t<\/div>\n\t\t<\/div>\n\t\t\t\t<div class=\"elementor-column elementor-col-50 elementor-inner-column elementor-element elementor-element-9c6028e\" data-id=\"9c6028e\" data-element_type=\"column\" data-e-type=\"column\">\n\t\t\t<div class=\"elementor-widget-wrap elementor-element-populated\">\n\t\t\t\t\t\t<div class=\"elementor-element elementor-element-1a6dcee elementor-align-justify elementor-widget elementor-widget-button\" data-id=\"1a6dcee\" data-element_type=\"widget\" data-e-type=\"widget\" data-widget_type=\"button.default\">\n\t\t\t\t<div class=\"elementor-widget-container\">\n\t\t\t\t\t\t\t\t\t<div class=\"elementor-button-wrapper\">\n\t\t\t\t\t<a class=\"elementor-button elementor-button-link elementor-size-lg\" href=\"https:\/\/shopmicroendo.com\/producto\/berriesmicrobiota-llenado\/\">\n\t\t\t\t\t\t<span class=\"elementor-button-content-wrapper\">\n\t\t\t\t\t\t<span class=\"elementor-button-icon\">\n\t\t\t\t<i aria-hidden=\"true\" class=\"fas fa-shopping-cart\"><\/i>\t\t\t<\/span>\n\t\t\t\t\t\t\t\t\t<span class=\"elementor-button-text\">To buy<\/span>\n\t\t\t\t\t<\/span>\n\t\t\t\t\t<\/a>\n\t\t\t\t<\/div>\n\t\t\t\t\t\t\t\t<\/div>\n\t\t\t\t<\/div>\n\t\t\t\t\t<\/div>\n\t\t<\/div>\n\t\t\t\t\t<\/div>\n\t\t<\/section>\n\t\t\t\t<section class=\"elementor-section elementor-inner-section elementor-element elementor-element-55e6f29 elementor-section-boxed elementor-section-height-default elementor-section-height-default\" data-id=\"55e6f29\" data-element_type=\"section\" data-e-type=\"section\">\n\t\t\t\t\t\t<div class=\"elementor-container elementor-column-gap-default\">\n\t\t\t\t\t<div class=\"elementor-column elementor-col-50 elementor-inner-column elementor-element elementor-element-70a90c7\" data-id=\"70a90c7\" data-element_type=\"column\" data-e-type=\"column\">\n\t\t\t<div class=\"elementor-widget-wrap elementor-element-populated\">\n\t\t\t\t\t\t<div class=\"elementor-element elementor-element-22203be elementor-button-warning elementor-align-justify elementor-widget elementor-widget-button\" data-id=\"22203be\" data-element_type=\"widget\" data-e-type=\"widget\" data-no-translation=\"\" data-widget_type=\"button.default\">\n\t\t\t\t<div class=\"elementor-widget-container\">\n\t\t\t\t\t<style>.elementor-element-22203be{display:none !important}<\/style>\t\t\t\t<\/div>\n\t\t\t\t<\/div>\n\t\t\t\t<div class=\"elementor-element elementor-element-c0588dc elementor-button-warning elementor-align-justify elementor-widget elementor-widget-button\" data-id=\"c0588dc\" data-element_type=\"widget\" data-e-type=\"widget\" data-no-translation=\"\" data-widget_type=\"button.default\">\n\t\t\t\t<div class=\"elementor-widget-container\">\n\t\t\t\t\t\t\t\t\t<div class=\"elementor-button-wrapper\">\n\t\t\t\t\t<a class=\"elementor-button elementor-button-link elementor-size-lg\" href=\"https:\/\/microendo.com.mx\/wp-content\/uploads\/2024\/12\/berries-filling-safety-sheet.pdf\" target=\"_blank\">\n\t\t\t\t\t\t<span class=\"elementor-button-content-wrapper\">\n\t\t\t\t\t\t<span class=\"elementor-button-icon\">\n\t\t\t\t<i aria-hidden=\"true\" class=\"far fa-check-circle\"><\/i>\t\t\t<\/span>\n\t\t\t\t\t\t\t\t\t<span class=\"elementor-button-text\">Safety sheet<\/span>\n\t\t\t\t\t<\/span>\n\t\t\t\t\t<\/a>\n\t\t\t\t<\/div>\n\t\t\t\t\t\t\t\t<\/div>\n\t\t\t\t<\/div>\n\t\t\t\t\t<\/div>\n\t\t<\/div>\n\t\t\t\t<div class=\"elementor-column elementor-col-50 elementor-inner-column elementor-element elementor-element-1bbbeff\" data-id=\"1bbbeff\" data-element_type=\"column\" data-e-type=\"column\">\n\t\t\t<div class=\"elementor-widget-wrap\">\n\t\t\t\t\t\t\t<\/div>\n\t\t<\/div>\n\t\t\t\t\t<\/div>\n\t\t<\/section>\n\t\t\t\t\t<\/div>\n\t\t<\/div>\n\t\t\t\t\t<\/div>\n\t\t<\/section>\n\t\t\t\t<\/div>","protected":false},"excerpt":{"rendered":"<p>BERRIESMICROBIOTA Llenado ANTIESTRES Bio-inoculante dise\u00f1ado especialmente para el llenado de berries. Fortalece el sistema inmune y disminuye el estr\u00e9s de la planta. ESTIMULANTE Bio-inoculante dise\u00f1ado especialmente para el llenado de berries. Estimula el crecimiento aumentando el n\u00famero de hojas y ra\u00edces de la planta. PROTECTOR Bio-inoculante dise\u00f1ado especialmente para el llenado de berries. Protecci\u00f3n contra [&hellip;]<\/p>\n","protected":false},"author":2,"featured_media":0,"parent":58,"menu_order":0,"comment_status":"closed","ping_status":"closed","template":"elementor_header_footer","meta":{"rs_blank_template":"","rs_page_bg_color":"","slide_template_v7":"","footnotes":""},"class_list":["post-3507","page","type-page","status-publish","hentry"],"yoast_head":"<!-- This site is optimized with the Yoast SEO plugin v27.2 - https:\/\/yoast.com\/product\/yoast-seo-wordpress\/ -->\n<title>Contacto - Microendo<\/title>\n<meta name=\"description\" content=\"Por favor, complete el siguiente formulario para que podamos brindarle un servicio m\u00e1s r\u00e1pido y efectivo o simplemente comun\u00edquese con nosotros.\" \/>\n<meta name=\"robots\" content=\"index, follow, max-snippet:-1, max-image-preview:large, max-video-preview:-1\" \/>\n<link rel=\"canonical\" href=\"https:\/\/microendo.com.mx\/en\/productos\/ficha-berries-llenado\/\" \/>\n<meta property=\"og:locale\" content=\"en_US\" \/>\n<meta property=\"og:type\" content=\"article\" \/>\n<meta property=\"og:title\" content=\"Contacto - Microendo\" \/>\n<meta property=\"og:description\" content=\"Por favor, complete el siguiente formulario para que podamos brindarle un servicio m\u00e1s r\u00e1pido y efectivo o simplemente comun\u00edquese con nosotros.\" \/>\n<meta property=\"og:url\" content=\"https:\/\/microendo.com.mx\/en\/productos\/ficha-berries-llenado\/\" \/>\n<meta property=\"og:site_name\" content=\"Microendo\" \/>\n<meta property=\"article:modified_time\" content=\"2024-12-11T18:20:35+00:00\" \/>\n<meta property=\"og:image\" content=\"https:\/\/microendo.com.mx\/wp-content\/uploads\/2024\/10\/berries-filling-1024x1024.png\" \/>\n<meta name=\"twitter:card\" content=\"summary_large_image\" \/>\n<meta name=\"twitter:label1\" content=\"Est. reading time\" \/>\n\t<meta name=\"twitter:data1\" content=\"1 minute\" \/>\n<script type=\"application\/ld+json\" class=\"yoast-schema-graph\">{\"@context\":\"https:\/\/schema.org\",\"@graph\":[{\"@type\":\"WebPage\",\"@id\":\"https:\/\/microendo.com.mx\/productos\/ficha-berries-llenado\/\",\"url\":\"https:\/\/microendo.com.mx\/productos\/ficha-berries-llenado\/\",\"name\":\"Contacto - Microendo\",\"isPartOf\":{\"@id\":\"https:\/\/microendo.com.mx\/#website\"},\"primaryImageOfPage\":{\"@id\":\"https:\/\/microendo.com.mx\/productos\/ficha-berries-llenado\/#primaryimage\"},\"image\":{\"@id\":\"https:\/\/microendo.com.mx\/productos\/ficha-berries-llenado\/#primaryimage\"},\"thumbnailUrl\":\"https:\/\/microendo.com.mx\/wp-content\/uploads\/2024\/10\/berries-filling-1024x1024.png\",\"datePublished\":\"2022-05-22T04:42:49+00:00\",\"dateModified\":\"2024-12-11T18:20:35+00:00\",\"description\":\"Por favor, complete el siguiente formulario para que podamos brindarle un servicio m\u00e1s r\u00e1pido y efectivo o simplemente comun\u00edquese con nosotros.\",\"breadcrumb\":{\"@id\":\"https:\/\/microendo.com.mx\/productos\/ficha-berries-llenado\/#breadcrumb\"},\"inLanguage\":\"en-US\",\"potentialAction\":[{\"@type\":\"ReadAction\",\"target\":[\"https:\/\/microendo.com.mx\/productos\/ficha-berries-llenado\/\"]}]},{\"@type\":\"ImageObject\",\"inLanguage\":\"en-US\",\"@id\":\"https:\/\/microendo.com.mx\/productos\/ficha-berries-llenado\/#primaryimage\",\"url\":\"https:\/\/microendo.com.mx\/wp-content\/uploads\/2024\/10\/berries-filling-1024x1024.png\",\"contentUrl\":\"https:\/\/microendo.com.mx\/wp-content\/uploads\/2024\/10\/berries-filling-1024x1024.png\"},{\"@type\":\"BreadcrumbList\",\"@id\":\"https:\/\/microendo.com.mx\/productos\/ficha-berries-llenado\/#breadcrumb\",\"itemListElement\":[{\"@type\":\"ListItem\",\"position\":1,\"name\":\"Inicio\",\"item\":\"https:\/\/microendo.com.mx\/\"},{\"@type\":\"ListItem\",\"position\":2,\"name\":\"Productos\",\"item\":\"https:\/\/microendo.com.mx\/productos\/\"},{\"@type\":\"ListItem\",\"position\":3,\"name\":\"Ficha Berries Llenado\"}]},{\"@type\":\"WebSite\",\"@id\":\"https:\/\/microendo.com.mx\/#website\",\"url\":\"https:\/\/microendo.com.mx\/\",\"name\":\"Microendo\",\"description\":\"Biofertilizantes Personalizados\",\"publisher\":{\"@id\":\"https:\/\/microendo.com.mx\/#organization\"},\"potentialAction\":[{\"@type\":\"SearchAction\",\"target\":{\"@type\":\"EntryPoint\",\"urlTemplate\":\"https:\/\/microendo.com.mx\/?s={search_term_string}\"},\"query-input\":{\"@type\":\"PropertyValueSpecification\",\"valueRequired\":true,\"valueName\":\"search_term_string\"}}],\"inLanguage\":\"en-US\"},{\"@type\":\"Organization\",\"@id\":\"https:\/\/microendo.com.mx\/#organization\",\"name\":\"Microendo\",\"url\":\"https:\/\/microendo.com.mx\/\",\"logo\":{\"@type\":\"ImageObject\",\"inLanguage\":\"en-US\",\"@id\":\"https:\/\/microendo.com.mx\/#\/schema\/logo\/image\/\",\"url\":\"https:\/\/microendo.com.mx\/wp-content\/uploads\/2019\/12\/cropped-cuadlogo-1.png\",\"contentUrl\":\"https:\/\/microendo.com.mx\/wp-content\/uploads\/2019\/12\/cropped-cuadlogo-1.png\",\"width\":250,\"height\":250,\"caption\":\"Microendo\"},\"image\":{\"@id\":\"https:\/\/microendo.com.mx\/#\/schema\/logo\/image\/\"}}]}<\/script>\n<!-- \/ Yoast SEO plugin. -->","yoast_head_json":{"title":"Contacto - Microendo","description":"Por favor, complete el siguiente formulario para que podamos brindarle un servicio m\u00e1s r\u00e1pido y efectivo o simplemente comun\u00edquese con nosotros.","robots":{"index":"index","follow":"follow","max-snippet":"max-snippet:-1","max-image-preview":"max-image-preview:large","max-video-preview":"max-video-preview:-1"},"canonical":"https:\/\/microendo.com.mx\/en\/productos\/ficha-berries-llenado\/","og_locale":"en_US","og_type":"article","og_title":"Contacto - Microendo","og_description":"Por favor, complete el siguiente formulario para que podamos brindarle un servicio m\u00e1s r\u00e1pido y efectivo o simplemente comun\u00edquese con nosotros.","og_url":"https:\/\/microendo.com.mx\/en\/productos\/ficha-berries-llenado\/","og_site_name":"Microendo","article_modified_time":"2024-12-11T18:20:35+00:00","og_image":[{"url":"https:\/\/microendo.com.mx\/wp-content\/uploads\/2024\/10\/berries-filling-1024x1024.png","type":"","width":"","height":""}],"twitter_card":"summary_large_image","twitter_misc":{"Est. reading time":"1 minute"},"schema":{"@context":"https:\/\/schema.org","@graph":[{"@type":"WebPage","@id":"https:\/\/microendo.com.mx\/productos\/ficha-berries-llenado\/","url":"https:\/\/microendo.com.mx\/productos\/ficha-berries-llenado\/","name":"Contacto - Microendo","isPartOf":{"@id":"https:\/\/microendo.com.mx\/#website"},"primaryImageOfPage":{"@id":"https:\/\/microendo.com.mx\/productos\/ficha-berries-llenado\/#primaryimage"},"image":{"@id":"https:\/\/microendo.com.mx\/productos\/ficha-berries-llenado\/#primaryimage"},"thumbnailUrl":"https:\/\/microendo.com.mx\/wp-content\/uploads\/2024\/10\/berries-filling-1024x1024.png","datePublished":"2022-05-22T04:42:49+00:00","dateModified":"2024-12-11T18:20:35+00:00","description":"Por favor, complete el siguiente formulario para que podamos brindarle un servicio m\u00e1s r\u00e1pido y efectivo o simplemente comun\u00edquese con nosotros.","breadcrumb":{"@id":"https:\/\/microendo.com.mx\/productos\/ficha-berries-llenado\/#breadcrumb"},"inLanguage":"en-US","potentialAction":[{"@type":"ReadAction","target":["https:\/\/microendo.com.mx\/productos\/ficha-berries-llenado\/"]}]},{"@type":"ImageObject","inLanguage":"en-US","@id":"https:\/\/microendo.com.mx\/productos\/ficha-berries-llenado\/#primaryimage","url":"https:\/\/microendo.com.mx\/wp-content\/uploads\/2024\/10\/berries-filling-1024x1024.png","contentUrl":"https:\/\/microendo.com.mx\/wp-content\/uploads\/2024\/10\/berries-filling-1024x1024.png"},{"@type":"BreadcrumbList","@id":"https:\/\/microendo.com.mx\/productos\/ficha-berries-llenado\/#breadcrumb","itemListElement":[{"@type":"ListItem","position":1,"name":"Inicio","item":"https:\/\/microendo.com.mx\/"},{"@type":"ListItem","position":2,"name":"Productos","item":"https:\/\/microendo.com.mx\/productos\/"},{"@type":"ListItem","position":3,"name":"Ficha Berries Llenado"}]},{"@type":"WebSite","@id":"https:\/\/microendo.com.mx\/#website","url":"https:\/\/microendo.com.mx\/","name":"microendo","description":"Biofertilizantes Personalizados","publisher":{"@id":"https:\/\/microendo.com.mx\/#organization"},"potentialAction":[{"@type":"SearchAction","target":{"@type":"EntryPoint","urlTemplate":"https:\/\/microendo.com.mx\/?s={search_term_string}"},"query-input":{"@type":"PropertyValueSpecification","valueRequired":true,"valueName":"search_term_string"}}],"inLanguage":"en-US"},{"@type":"Organization","@id":"https:\/\/microendo.com.mx\/#organization","name":"microendo","url":"https:\/\/microendo.com.mx\/","logo":{"@type":"ImageObject","inLanguage":"en-US","@id":"https:\/\/microendo.com.mx\/#\/schema\/logo\/image\/","url":"https:\/\/microendo.com.mx\/wp-content\/uploads\/2019\/12\/cropped-cuadlogo-1.png","contentUrl":"https:\/\/microendo.com.mx\/wp-content\/uploads\/2019\/12\/cropped-cuadlogo-1.png","width":250,"height":250,"caption":"Microendo"},"image":{"@id":"https:\/\/microendo.com.mx\/#\/schema\/logo\/image\/"}}]}},"_links":{"self":[{"href":"https:\/\/microendo.com.mx\/en\/wp-json\/wp\/v2\/pages\/3507","targetHints":{"allow":["GET"]}}],"collection":[{"href":"https:\/\/microendo.com.mx\/en\/wp-json\/wp\/v2\/pages"}],"about":[{"href":"https:\/\/microendo.com.mx\/en\/wp-json\/wp\/v2\/types\/page"}],"author":[{"embeddable":true,"href":"https:\/\/microendo.com.mx\/en\/wp-json\/wp\/v2\/users\/2"}],"replies":[{"embeddable":true,"href":"https:\/\/microendo.com.mx\/en\/wp-json\/wp\/v2\/comments?post=3507"}],"version-history":[{"count":0,"href":"https:\/\/microendo.com.mx\/en\/wp-json\/wp\/v2\/pages\/3507\/revisions"}],"up":[{"embeddable":true,"href":"https:\/\/microendo.com.mx\/en\/wp-json\/wp\/v2\/pages\/58"}],"wp:attachment":[{"href":"https:\/\/microendo.com.mx\/en\/wp-json\/wp\/v2\/media?parent=3507"}],"curies":[{"name":"wp","href":"https:\/\/api.w.org\/{rel}","templated":true}]}}