{"id":4471,"date":"2022-06-09T01:51:09","date_gmt":"2022-06-09T01:51:09","guid":{"rendered":"https:\/\/microendo.com.mx\/?page_id=4471"},"modified":"2025-01-30T17:32:11","modified_gmt":"2025-01-30T17:32:11","slug":"ficha-heatprotect","status":"publish","type":"page","link":"https:\/\/microendo.com.mx\/en\/productos\/ficha-heatprotect\/","title":{"rendered":"Ficha HEATPROTECT"},"content":{"rendered":"<div data-elementor-type=\"wp-page\" data-elementor-id=\"4471\" class=\"elementor elementor-4471\" data-elementor-post-type=\"page\">\n\t\t\t\t\t\t<section class=\"elementor-section elementor-top-section elementor-element elementor-element-f20344f elementor-section-boxed elementor-section-height-default elementor-section-height-default\" data-id=\"f20344f\" data-element_type=\"section\" data-e-type=\"section\">\n\t\t\t\t\t\t<div class=\"elementor-container elementor-column-gap-default\">\n\t\t\t\t\t<div class=\"elementor-column elementor-col-50 elementor-top-column elementor-element elementor-element-745db39\" data-id=\"745db39\" data-element_type=\"column\" data-e-type=\"column\">\n\t\t\t<div class=\"elementor-widget-wrap elementor-element-populated\">\n\t\t\t\t\t\t<div class=\"elementor-element elementor-element-4f656f6 elementor-widget elementor-widget-image\" data-id=\"4f656f6\" data-element_type=\"widget\" data-e-type=\"widget\" data-widget_type=\"image.default\">\n\t\t\t\t<div class=\"elementor-widget-container\">\n\t\t\t\t\t<style>.elementor-element-4f656f6{display:none !important}<\/style>\t\t\t\t<\/div>\n\t\t\t\t<\/div>\n\t\t\t\t<div class=\"elementor-element elementor-element-20288a3 elementor-widget elementor-widget-image\" data-id=\"20288a3\" data-element_type=\"widget\" data-e-type=\"widget\" data-widget_type=\"image.default\">\n\t\t\t\t<div class=\"elementor-widget-container\">\n\t\t\t\t\t\t\t\t\t\t\t\t<figure class=\"wp-caption\">\n\t\t\t\t\t\t\t\t\t\t<img loading=\"lazy\" decoding=\"async\" width=\"800\" height=\"800\" src=\"https:\/\/microendo.com.mx\/wp-content\/uploads\/2024\/10\/heatprotect1-1024x1024.png\" class=\"attachment-large size-large wp-image-9909\" alt=\"\" srcset=\"https:\/\/microendo.com.mx\/wp-content\/uploads\/2024\/10\/heatprotect1-1024x1024.png 1024w, https:\/\/microendo.com.mx\/wp-content\/uploads\/2024\/10\/heatprotect1-300x300.png 300w, https:\/\/microendo.com.mx\/wp-content\/uploads\/2024\/10\/heatprotect1-150x150.png 150w, https:\/\/microendo.com.mx\/wp-content\/uploads\/2024\/10\/heatprotect1-768x768.png 768w, https:\/\/microendo.com.mx\/wp-content\/uploads\/2024\/10\/heatprotect1-12x12.png 12w, https:\/\/microendo.com.mx\/wp-content\/uploads\/2024\/10\/heatprotect1-600x600.png 600w, https:\/\/microendo.com.mx\/wp-content\/uploads\/2024\/10\/heatprotect1-100x100.png 100w, https:\/\/microendo.com.mx\/wp-content\/uploads\/2024\/10\/heatprotect1.png 1080w\" sizes=\"auto, (max-width: 800px) 100vw, 800px\" \/>\t\t\t\t\t\t\t\t\t\t\t<figcaption class=\"widget-image-caption wp-caption-text\"><\/figcaption>\n\t\t\t\t\t\t\t\t\t\t<\/figure>\n\t\t\t\t\t\t\t\t\t<\/div>\n\t\t\t\t<\/div>\n\t\t\t\t\t<\/div>\n\t\t<\/div>\n\t\t\t\t<div class=\"elementor-column elementor-col-50 elementor-top-column elementor-element elementor-element-e1c04ac\" data-id=\"e1c04ac\" data-element_type=\"column\" data-e-type=\"column\">\n\t\t\t<div class=\"elementor-widget-wrap elementor-element-populated\">\n\t\t\t\t\t\t<div class=\"elementor-element elementor-element-336c9ff elementor-widget elementor-widget-heading\" data-id=\"336c9ff\" data-element_type=\"widget\" data-e-type=\"widget\" data-widget_type=\"heading.default\">\n\t\t\t\t<div class=\"elementor-widget-container\">\n\t\t\t\t\t<h2 class=\"elementor-heading-title elementor-size-default\"><span> HEAT<span>PROTECT<\/span>\n\n<\/h2>\t\t\t\t<\/div>\n\t\t\t\t<\/div>\n\t\t\t\t<div class=\"elementor-element elementor-element-3002cc9 elementor-widget elementor-widget-text-editor\" data-id=\"3002cc9\" data-element_type=\"widget\" data-e-type=\"widget\" data-widget_type=\"text-editor.default\">\n\t\t\t\t<div class=\"elementor-widget-container\">\n\t\t\t\t\t\t\t\t\tBio-inoculant specially designed for hydric stress and salt excess. Reduces plant stress and favors water retention in the roots.  It stimulates the growth of the plant and favors the retention of water in the roots. Protection against pathogenic fungi and promotes water retention in the roots.\t\t\t\t\t\t\t\t<\/div>\n\t\t\t\t<\/div>\n\t\t\t\t<section class=\"elementor-section elementor-inner-section elementor-element elementor-element-80ed01d elementor-section-boxed elementor-section-height-default elementor-section-height-default\" data-id=\"80ed01d\" data-element_type=\"section\" data-e-type=\"section\">\n\t\t\t\t\t\t<div class=\"elementor-container elementor-column-gap-default\">\n\t\t\t\t\t<div class=\"elementor-column elementor-col-50 elementor-inner-column elementor-element elementor-element-691a367\" data-id=\"691a367\" data-element_type=\"column\" data-e-type=\"column\">\n\t\t\t<div class=\"elementor-widget-wrap elementor-element-populated\">\n\t\t\t\t\t\t<div class=\"elementor-element elementor-element-b0c22c3 elementor-button-warning elementor-align-justify elementor-widget elementor-widget-button\" data-id=\"b0c22c3\" data-element_type=\"widget\" data-e-type=\"widget\" data-no-translation=\"\" data-widget_type=\"button.default\">\n\t\t\t\t<div class=\"elementor-widget-container\">\n\t\t\t\t\t<style>.elementor-element-b0c22c3{display:none !important}<\/style>\t\t\t\t<\/div>\n\t\t\t\t<\/div>\n\t\t\t\t<div class=\"elementor-element elementor-element-f2b51cb elementor-button-warning elementor-align-justify elementor-widget elementor-widget-button\" data-id=\"f2b51cb\" data-element_type=\"widget\" data-e-type=\"widget\" data-no-translation=\"\" data-widget_type=\"button.default\">\n\t\t\t\t<div class=\"elementor-widget-container\">\n\t\t\t\t\t\t\t\t\t<div class=\"elementor-button-wrapper\">\n\t\t\t\t\t<a class=\"elementor-button elementor-button-link elementor-size-lg\" href=\"https:\/\/microendo.com.mx\/wp-content\/uploads\/2024\/10\/heatprotect-ficha-tecnica-ingl-1.pdf\" target=\"_blank\">\n\t\t\t\t\t\t<span class=\"elementor-button-content-wrapper\">\n\t\t\t\t\t\t<span class=\"elementor-button-icon\">\n\t\t\t\t<i aria-hidden=\"true\" class=\"fas fa-download\"><\/i>\t\t\t<\/span>\n\t\t\t\t\t\t\t\t\t<span class=\"elementor-button-text\">Data Sheet<\/span>\n\t\t\t\t\t<\/span>\n\t\t\t\t\t<\/a>\n\t\t\t\t<\/div>\n\t\t\t\t\t\t\t\t<\/div>\n\t\t\t\t<\/div>\n\t\t\t\t\t<\/div>\n\t\t<\/div>\n\t\t\t\t<div class=\"elementor-column elementor-col-50 elementor-inner-column elementor-element elementor-element-9c6028e\" data-id=\"9c6028e\" data-element_type=\"column\" data-e-type=\"column\">\n\t\t\t<div class=\"elementor-widget-wrap elementor-element-populated\">\n\t\t\t\t\t\t<div class=\"elementor-element elementor-element-d27b07d elementor-align-justify elementor-widget elementor-widget-button\" data-id=\"d27b07d\" data-element_type=\"widget\" data-e-type=\"widget\" data-widget_type=\"button.default\">\n\t\t\t\t<div class=\"elementor-widget-container\">\n\t\t\t\t\t\t\t\t\t<div class=\"elementor-button-wrapper\">\n\t\t\t\t\t<a class=\"elementor-button elementor-button-link elementor-size-lg\" href=\"https:\/\/shopmicroendo.com\/producto\/heatprotect\/\">\n\t\t\t\t\t\t<span class=\"elementor-button-content-wrapper\">\n\t\t\t\t\t\t<span class=\"elementor-button-icon\">\n\t\t\t\t<i aria-hidden=\"true\" class=\"fas fa-shopping-cart\"><\/i>\t\t\t<\/span>\n\t\t\t\t\t\t\t\t\t<span class=\"elementor-button-text\">To buy<\/span>\n\t\t\t\t\t<\/span>\n\t\t\t\t\t<\/a>\n\t\t\t\t<\/div>\n\t\t\t\t\t\t\t\t<\/div>\n\t\t\t\t<\/div>\n\t\t\t\t\t<\/div>\n\t\t<\/div>\n\t\t\t\t\t<\/div>\n\t\t<\/section>\n\t\t\t\t<section class=\"elementor-section elementor-inner-section elementor-element elementor-element-43eaf4b elementor-section-boxed elementor-section-height-default elementor-section-height-default\" data-id=\"43eaf4b\" data-element_type=\"section\" data-e-type=\"section\">\n\t\t\t\t\t\t<div class=\"elementor-container elementor-column-gap-default\">\n\t\t\t\t\t<div class=\"elementor-column elementor-col-50 elementor-inner-column elementor-element elementor-element-12fd243\" data-id=\"12fd243\" data-element_type=\"column\" data-e-type=\"column\">\n\t\t\t<div class=\"elementor-widget-wrap elementor-element-populated\">\n\t\t\t\t\t\t<div class=\"elementor-element elementor-element-4bda38c elementor-button-warning elementor-align-justify elementor-widget elementor-widget-button\" data-id=\"4bda38c\" data-element_type=\"widget\" data-e-type=\"widget\" data-no-translation=\"\" data-widget_type=\"button.default\">\n\t\t\t\t<div class=\"elementor-widget-container\">\n\t\t\t\t\t<style>.elementor-element-4bda38c{display:none !important}<\/style>\t\t\t\t<\/div>\n\t\t\t\t<\/div>\n\t\t\t\t<div class=\"elementor-element elementor-element-10227a9 elementor-button-warning elementor-align-justify elementor-widget elementor-widget-button\" data-id=\"10227a9\" data-element_type=\"widget\" data-e-type=\"widget\" data-no-translation=\"\" data-widget_type=\"button.default\">\n\t\t\t\t<div class=\"elementor-widget-container\">\n\t\t\t\t\t\t\t\t\t<div class=\"elementor-button-wrapper\">\n\t\t\t\t\t<a class=\"elementor-button elementor-button-link elementor-size-lg\" href=\"https:\/\/microendo.com.mx\/wp-content\/uploads\/2024\/12\/heatprotect-safety-sheet.pdf\" target=\"_blank\">\n\t\t\t\t\t\t<span class=\"elementor-button-content-wrapper\">\n\t\t\t\t\t\t<span class=\"elementor-button-icon\">\n\t\t\t\t<i aria-hidden=\"true\" class=\"far fa-check-circle\"><\/i>\t\t\t<\/span>\n\t\t\t\t\t\t\t\t\t<span class=\"elementor-button-text\">Safety sheet<\/span>\n\t\t\t\t\t<\/span>\n\t\t\t\t\t<\/a>\n\t\t\t\t<\/div>\n\t\t\t\t\t\t\t\t<\/div>\n\t\t\t\t<\/div>\n\t\t\t\t\t<\/div>\n\t\t<\/div>\n\t\t\t\t<div class=\"elementor-column elementor-col-50 elementor-inner-column elementor-element elementor-element-ee12fd6\" data-id=\"ee12fd6\" data-element_type=\"column\" data-e-type=\"column\">\n\t\t\t<div class=\"elementor-widget-wrap elementor-element-populated\">\n\t\t\t\t\t\t<div class=\"elementor-element elementor-element-e0203b3 elementor-align-justify elementor-widget elementor-widget-button\" data-id=\"e0203b3\" data-element_type=\"widget\" data-e-type=\"widget\" data-no-translation=\"\" data-widget_type=\"button.default\">\n\t\t\t\t<div class=\"elementor-widget-container\">\n\t\t\t\t\t<style>.elementor-element-e0203b3{display:none !important}<\/style>\t\t\t\t<\/div>\n\t\t\t\t<\/div>\n\t\t\t\t<div class=\"elementor-element elementor-element-8345b52 elementor-align-justify elementor-widget elementor-widget-button\" data-id=\"8345b52\" data-element_type=\"widget\" data-e-type=\"widget\" data-no-translation=\"\" data-widget_type=\"button.default\">\n\t\t\t\t<div class=\"elementor-widget-container\">\n\t\t\t\t\t\t\t\t\t<div class=\"elementor-button-wrapper\">\n\t\t\t\t\t<a class=\"elementor-button elementor-button-link elementor-size-lg\" href=\"https:\/\/microendo.com.mx\/wp-content\/uploads\/2025\/01\/HeatProtect-ingles-omri.pdf\" target=\"_blank\">\n\t\t\t\t\t\t<span class=\"elementor-button-content-wrapper\">\n\t\t\t\t\t\t<span class=\"elementor-button-icon\">\n\t\t\t\t<i aria-hidden=\"true\" class=\"fas fa-download\"><\/i>\t\t\t<\/span>\n\t\t\t\t\t\t\t\t\t<span class=\"elementor-button-text\">OMRI Listed<\/span>\n\t\t\t\t\t<\/span>\n\t\t\t\t\t<\/a>\n\t\t\t\t<\/div>\n\t\t\t\t\t\t\t\t<\/div>\n\t\t\t\t<\/div>\n\t\t\t\t\t<\/div>\n\t\t<\/div>\n\t\t\t\t\t<\/div>\n\t\t<\/section>\n\t\t\t\t<section class=\"elementor-section elementor-inner-section elementor-element elementor-element-c1c9f5c elementor-section-boxed elementor-section-height-default elementor-section-height-default\" data-id=\"c1c9f5c\" data-element_type=\"section\" data-e-type=\"section\">\n\t\t\t\t\t\t<div class=\"elementor-container elementor-column-gap-default\">\n\t\t\t\t\t<div class=\"elementor-column elementor-col-100 elementor-inner-column elementor-element elementor-element-2c703a7\" data-id=\"2c703a7\" data-element_type=\"column\" data-e-type=\"column\">\n\t\t\t<div class=\"elementor-widget-wrap elementor-element-populated\">\n\t\t\t\t\t\t<div class=\"elementor-element elementor-element-26010f0 elementor-align-justify elementor-widget elementor-widget-button\" data-id=\"26010f0\" data-element_type=\"widget\" data-e-type=\"widget\" data-no-translation=\"\" data-widget_type=\"button.default\">\n\t\t\t\t<div class=\"elementor-widget-container\">\n\t\t\t\t\t<style>.elementor-element-26010f0{display:none !important}<\/style>\t\t\t\t<\/div>\n\t\t\t\t<\/div>\n\t\t\t\t<div class=\"elementor-element elementor-element-cb07d78 elementor-align-justify elementor-widget elementor-widget-button\" data-id=\"cb07d78\" data-element_type=\"widget\" data-e-type=\"widget\" data-no-translation=\"\" data-widget_type=\"button.default\">\n\t\t\t\t<div class=\"elementor-widget-container\">\n\t\t\t\t\t\t\t\t\t<div class=\"elementor-button-wrapper\">\n\t\t\t\t\t<a class=\"elementor-button elementor-button-link elementor-size-lg\" href=\"https:\/\/microendo.com.mx\/wp-content\/uploads\/2024\/12\/heatprotect-results-sheet.pdf\" target=\"_blank\">\n\t\t\t\t\t\t<span class=\"elementor-button-content-wrapper\">\n\t\t\t\t\t\t<span class=\"elementor-button-icon\">\n\t\t\t\t<i aria-hidden=\"true\" class=\"fas fa-flask\"><\/i>\t\t\t<\/span>\n\t\t\t\t\t\t\t\t\t<span class=\"elementor-button-text\">Results<\/span>\n\t\t\t\t\t<\/span>\n\t\t\t\t\t<\/a>\n\t\t\t\t<\/div>\n\t\t\t\t\t\t\t\t<\/div>\n\t\t\t\t<\/div>\n\t\t\t\t\t<\/div>\n\t\t<\/div>\n\t\t\t\t\t<\/div>\n\t\t<\/section>\n\t\t\t\t\t<\/div>\n\t\t<\/div>\n\t\t\t\t\t<\/div>\n\t\t<\/section>\n\t\t\t\t<\/div>","protected":false},"excerpt":{"rendered":"<p>HEATPROTECT Data Sheet Comprar en tienda Safety sheet OMRI Listed Results<\/p>","protected":false},"author":2,"featured_media":0,"parent":58,"menu_order":0,"comment_status":"closed","ping_status":"closed","template":"elementor_header_footer","meta":{"rs_blank_template":"","rs_page_bg_color":"","slide_template_v7":"","footnotes":""},"class_list":["post-4471","page","type-page","status-publish","hentry"],"yoast_head":"<!-- This site is optimized with the Yoast SEO plugin v27.2 - https:\/\/yoast.com\/product\/yoast-seo-wordpress\/ -->\n<title>Contacto - Microendo<\/title>\n<meta name=\"description\" content=\"Por favor, complete el siguiente formulario para que podamos brindarle un servicio m\u00e1s r\u00e1pido y efectivo o simplemente comun\u00edquese con nosotros.\" \/>\n<meta name=\"robots\" content=\"index, follow, max-snippet:-1, max-image-preview:large, max-video-preview:-1\" \/>\n<link rel=\"canonical\" href=\"https:\/\/microendo.com.mx\/en\/productos\/ficha-heatprotect\/\" \/>\n<meta property=\"og:locale\" content=\"en_US\" \/>\n<meta property=\"og:type\" content=\"article\" \/>\n<meta property=\"og:title\" content=\"Contacto - Microendo\" \/>\n<meta property=\"og:description\" content=\"Por favor, complete el siguiente formulario para que podamos brindarle un servicio m\u00e1s r\u00e1pido y efectivo o simplemente comun\u00edquese con nosotros.\" \/>\n<meta property=\"og:url\" content=\"https:\/\/microendo.com.mx\/en\/productos\/ficha-heatprotect\/\" \/>\n<meta property=\"og:site_name\" content=\"Microendo\" \/>\n<meta property=\"article:modified_time\" content=\"2025-01-30T17:32:11+00:00\" \/>\n<meta property=\"og:image\" content=\"https:\/\/microendo.com.mx\/wp-content\/uploads\/2024\/10\/heatprotect1-1024x1024.png\" \/>\n<meta name=\"twitter:card\" content=\"summary_large_image\" \/>\n<meta name=\"twitter:label1\" content=\"Est. reading time\" \/>\n\t<meta name=\"twitter:data1\" content=\"1 minute\" \/>\n<script type=\"application\/ld+json\" class=\"yoast-schema-graph\">{\"@context\":\"https:\/\/schema.org\",\"@graph\":[{\"@type\":\"WebPage\",\"@id\":\"https:\/\/microendo.com.mx\/productos\/ficha-heatprotect\/\",\"url\":\"https:\/\/microendo.com.mx\/productos\/ficha-heatprotect\/\",\"name\":\"Contacto - Microendo\",\"isPartOf\":{\"@id\":\"https:\/\/microendo.com.mx\/#website\"},\"primaryImageOfPage\":{\"@id\":\"https:\/\/microendo.com.mx\/productos\/ficha-heatprotect\/#primaryimage\"},\"image\":{\"@id\":\"https:\/\/microendo.com.mx\/productos\/ficha-heatprotect\/#primaryimage\"},\"thumbnailUrl\":\"https:\/\/microendo.com.mx\/wp-content\/uploads\/2024\/10\/heatprotect1-1024x1024.png\",\"datePublished\":\"2022-06-09T01:51:09+00:00\",\"dateModified\":\"2025-01-30T17:32:11+00:00\",\"description\":\"Por favor, complete el siguiente formulario para que podamos brindarle un servicio m\u00e1s r\u00e1pido y efectivo o simplemente comun\u00edquese con nosotros.\",\"breadcrumb\":{\"@id\":\"https:\/\/microendo.com.mx\/productos\/ficha-heatprotect\/#breadcrumb\"},\"inLanguage\":\"en-US\",\"potentialAction\":[{\"@type\":\"ReadAction\",\"target\":[\"https:\/\/microendo.com.mx\/productos\/ficha-heatprotect\/\"]}]},{\"@type\":\"ImageObject\",\"inLanguage\":\"en-US\",\"@id\":\"https:\/\/microendo.com.mx\/productos\/ficha-heatprotect\/#primaryimage\",\"url\":\"https:\/\/microendo.com.mx\/wp-content\/uploads\/2024\/10\/heatprotect1-1024x1024.png\",\"contentUrl\":\"https:\/\/microendo.com.mx\/wp-content\/uploads\/2024\/10\/heatprotect1-1024x1024.png\"},{\"@type\":\"BreadcrumbList\",\"@id\":\"https:\/\/microendo.com.mx\/productos\/ficha-heatprotect\/#breadcrumb\",\"itemListElement\":[{\"@type\":\"ListItem\",\"position\":1,\"name\":\"Inicio\",\"item\":\"https:\/\/microendo.com.mx\/\"},{\"@type\":\"ListItem\",\"position\":2,\"name\":\"Productos\",\"item\":\"https:\/\/microendo.com.mx\/productos\/\"},{\"@type\":\"ListItem\",\"position\":3,\"name\":\"Ficha HEATPROTECT\"}]},{\"@type\":\"WebSite\",\"@id\":\"https:\/\/microendo.com.mx\/#website\",\"url\":\"https:\/\/microendo.com.mx\/\",\"name\":\"Microendo\",\"description\":\"Biofertilizantes Personalizados\",\"publisher\":{\"@id\":\"https:\/\/microendo.com.mx\/#organization\"},\"potentialAction\":[{\"@type\":\"SearchAction\",\"target\":{\"@type\":\"EntryPoint\",\"urlTemplate\":\"https:\/\/microendo.com.mx\/?s={search_term_string}\"},\"query-input\":{\"@type\":\"PropertyValueSpecification\",\"valueRequired\":true,\"valueName\":\"search_term_string\"}}],\"inLanguage\":\"en-US\"},{\"@type\":\"Organization\",\"@id\":\"https:\/\/microendo.com.mx\/#organization\",\"name\":\"Microendo\",\"url\":\"https:\/\/microendo.com.mx\/\",\"logo\":{\"@type\":\"ImageObject\",\"inLanguage\":\"en-US\",\"@id\":\"https:\/\/microendo.com.mx\/#\/schema\/logo\/image\/\",\"url\":\"https:\/\/microendo.com.mx\/wp-content\/uploads\/2019\/12\/cropped-cuadlogo-1.png\",\"contentUrl\":\"https:\/\/microendo.com.mx\/wp-content\/uploads\/2019\/12\/cropped-cuadlogo-1.png\",\"width\":250,\"height\":250,\"caption\":\"Microendo\"},\"image\":{\"@id\":\"https:\/\/microendo.com.mx\/#\/schema\/logo\/image\/\"}}]}<\/script>\n<!-- \/ Yoast SEO plugin. -->","yoast_head_json":{"title":"Contacto - Microendo","description":"Por favor, complete el siguiente formulario para que podamos brindarle un servicio m\u00e1s r\u00e1pido y efectivo o simplemente comun\u00edquese con nosotros.","robots":{"index":"index","follow":"follow","max-snippet":"max-snippet:-1","max-image-preview":"max-image-preview:large","max-video-preview":"max-video-preview:-1"},"canonical":"https:\/\/microendo.com.mx\/en\/productos\/ficha-heatprotect\/","og_locale":"en_US","og_type":"article","og_title":"Contacto - Microendo","og_description":"Por favor, complete el siguiente formulario para que podamos brindarle un servicio m\u00e1s r\u00e1pido y efectivo o simplemente comun\u00edquese con nosotros.","og_url":"https:\/\/microendo.com.mx\/en\/productos\/ficha-heatprotect\/","og_site_name":"Microendo","article_modified_time":"2025-01-30T17:32:11+00:00","og_image":[{"url":"https:\/\/microendo.com.mx\/wp-content\/uploads\/2024\/10\/heatprotect1-1024x1024.png","type":"","width":"","height":""}],"twitter_card":"summary_large_image","twitter_misc":{"Est. reading time":"1 minute"},"schema":{"@context":"https:\/\/schema.org","@graph":[{"@type":"WebPage","@id":"https:\/\/microendo.com.mx\/productos\/ficha-heatprotect\/","url":"https:\/\/microendo.com.mx\/productos\/ficha-heatprotect\/","name":"Contacto - Microendo","isPartOf":{"@id":"https:\/\/microendo.com.mx\/#website"},"primaryImageOfPage":{"@id":"https:\/\/microendo.com.mx\/productos\/ficha-heatprotect\/#primaryimage"},"image":{"@id":"https:\/\/microendo.com.mx\/productos\/ficha-heatprotect\/#primaryimage"},"thumbnailUrl":"https:\/\/microendo.com.mx\/wp-content\/uploads\/2024\/10\/heatprotect1-1024x1024.png","datePublished":"2022-06-09T01:51:09+00:00","dateModified":"2025-01-30T17:32:11+00:00","description":"Por favor, complete el siguiente formulario para que podamos brindarle un servicio m\u00e1s r\u00e1pido y efectivo o simplemente comun\u00edquese con nosotros.","breadcrumb":{"@id":"https:\/\/microendo.com.mx\/productos\/ficha-heatprotect\/#breadcrumb"},"inLanguage":"en-US","potentialAction":[{"@type":"ReadAction","target":["https:\/\/microendo.com.mx\/productos\/ficha-heatprotect\/"]}]},{"@type":"ImageObject","inLanguage":"en-US","@id":"https:\/\/microendo.com.mx\/productos\/ficha-heatprotect\/#primaryimage","url":"https:\/\/microendo.com.mx\/wp-content\/uploads\/2024\/10\/heatprotect1-1024x1024.png","contentUrl":"https:\/\/microendo.com.mx\/wp-content\/uploads\/2024\/10\/heatprotect1-1024x1024.png"},{"@type":"BreadcrumbList","@id":"https:\/\/microendo.com.mx\/productos\/ficha-heatprotect\/#breadcrumb","itemListElement":[{"@type":"ListItem","position":1,"name":"Inicio","item":"https:\/\/microendo.com.mx\/"},{"@type":"ListItem","position":2,"name":"Productos","item":"https:\/\/microendo.com.mx\/productos\/"},{"@type":"ListItem","position":3,"name":"Ficha HEATPROTECT"}]},{"@type":"WebSite","@id":"https:\/\/microendo.com.mx\/#website","url":"https:\/\/microendo.com.mx\/","name":"microendo","description":"Biofertilizantes Personalizados","publisher":{"@id":"https:\/\/microendo.com.mx\/#organization"},"potentialAction":[{"@type":"SearchAction","target":{"@type":"EntryPoint","urlTemplate":"https:\/\/microendo.com.mx\/?s={search_term_string}"},"query-input":{"@type":"PropertyValueSpecification","valueRequired":true,"valueName":"search_term_string"}}],"inLanguage":"en-US"},{"@type":"Organization","@id":"https:\/\/microendo.com.mx\/#organization","name":"microendo","url":"https:\/\/microendo.com.mx\/","logo":{"@type":"ImageObject","inLanguage":"en-US","@id":"https:\/\/microendo.com.mx\/#\/schema\/logo\/image\/","url":"https:\/\/microendo.com.mx\/wp-content\/uploads\/2019\/12\/cropped-cuadlogo-1.png","contentUrl":"https:\/\/microendo.com.mx\/wp-content\/uploads\/2019\/12\/cropped-cuadlogo-1.png","width":250,"height":250,"caption":"Microendo"},"image":{"@id":"https:\/\/microendo.com.mx\/#\/schema\/logo\/image\/"}}]}},"_links":{"self":[{"href":"https:\/\/microendo.com.mx\/en\/wp-json\/wp\/v2\/pages\/4471","targetHints":{"allow":["GET"]}}],"collection":[{"href":"https:\/\/microendo.com.mx\/en\/wp-json\/wp\/v2\/pages"}],"about":[{"href":"https:\/\/microendo.com.mx\/en\/wp-json\/wp\/v2\/types\/page"}],"author":[{"embeddable":true,"href":"https:\/\/microendo.com.mx\/en\/wp-json\/wp\/v2\/users\/2"}],"replies":[{"embeddable":true,"href":"https:\/\/microendo.com.mx\/en\/wp-json\/wp\/v2\/comments?post=4471"}],"version-history":[{"count":0,"href":"https:\/\/microendo.com.mx\/en\/wp-json\/wp\/v2\/pages\/4471\/revisions"}],"up":[{"embeddable":true,"href":"https:\/\/microendo.com.mx\/en\/wp-json\/wp\/v2\/pages\/58"}],"wp:attachment":[{"href":"https:\/\/microendo.com.mx\/en\/wp-json\/wp\/v2\/media?parent=4471"}],"curies":[{"name":"wp","href":"https:\/\/api.w.org\/{rel}","templated":true}]}}