{"id":5374,"date":"2022-10-26T16:43:45","date_gmt":"2022-10-26T16:43:45","guid":{"rendered":"https:\/\/microendo.com.mx\/?page_id=5374"},"modified":"2022-10-26T16:52:45","modified_gmt":"2022-10-26T16:52:45","slug":"politicas-de-privacidad","status":"publish","type":"page","link":"https:\/\/microendo.com.mx\/en\/politicas-de-privacidad\/","title":{"rendered":"Privacy Policy"},"content":{"rendered":"<div data-elementor-type=\"wp-page\" data-elementor-id=\"5374\" class=\"elementor elementor-5374\" data-elementor-post-type=\"page\">\n\t\t\t\t\t\t<section class=\"elementor-section elementor-top-section elementor-element elementor-element-c247839 elementor-section-boxed elementor-section-height-default elementor-section-height-default\" data-id=\"c247839\" data-element_type=\"section\" data-e-type=\"section\">\n\t\t\t\t\t\t<div class=\"elementor-container elementor-column-gap-default\">\n\t\t\t\t\t<div class=\"elementor-column elementor-col-100 elementor-top-column elementor-element elementor-element-7cfbcab\" data-id=\"7cfbcab\" data-element_type=\"column\" data-e-type=\"column\">\n\t\t\t<div class=\"elementor-widget-wrap elementor-element-populated\">\n\t\t\t\t\t\t<div class=\"elementor-element elementor-element-99974cc elementor-widget elementor-widget-heading\" data-id=\"99974cc\" data-element_type=\"widget\" data-e-type=\"widget\" data-widget_type=\"heading.default\">\n\t\t\t\t<div class=\"elementor-widget-container\">\n\t\t\t\t\t<h2 class=\"elementor-heading-title elementor-size-default\">POL\u00cdTICAS DE PRIVACIDAD<\/h2>\t\t\t\t<\/div>\n\t\t\t\t<\/div>\n\t\t\t\t<div class=\"elementor-element elementor-element-4ebcf18 elementor-widget elementor-widget-text-editor\" data-id=\"4ebcf18\" data-element_type=\"widget\" data-e-type=\"widget\" data-widget_type=\"text-editor.default\">\n\t\t\t\t<div class=\"elementor-widget-container\">\n\t\t\t\t\t\t\t\t\t<p>Las presentes pol\u00edticas de privacidad aplican para brindar protecci\u00f3n al Usuario del sitio de Internet\u00a0<strong>microendo.com.mx<\/strong>. El uso o navegaci\u00f3n por parte de cualquier persona del sitio de Internet antes mencionado le concede la calidad de Usuario<\/p><ol><li><strong> Tipo de informaci\u00f3n que se obtiene<\/strong><\/li><\/ol><p>El concepto &#8220;datos personales&#8221; en estas pol\u00edticas se refiere a toda aquella informaci\u00f3n\u00a0de car\u00e1cter personal (tales como nombre, fecha de nacimiento, domicilio o correo electr\u00f3nico) que pueda ser usada para identificaci\u00f3n del Usuario.<\/p><p>Se ampara en esta pol\u00edtica de privacidad todos los datos personales que el usuario ingrese voluntariamente al sitio de Internet objeto de las presentes pol\u00edticas, durante el proceso de registro y cualquiera otra ocasi\u00f3n.\u00a0 <strong>microendo<\/strong> puede usar esta direcci\u00f3n &#8220;Internet Protocol&#8221; para sistemas administrativos o para recolectar cierta informaci\u00f3n adicional, la cual tendr\u00e1 el mismo car\u00e1cter de confidencial.<\/p><ol start=\"2\"><li><strong> Declaraci\u00f3n de privacidad<\/strong><\/li><\/ol><p><strong>microendo<\/strong> no recopila datos personales sobre el Usuario excepto cuando el Usuario brinde dicha informaci\u00f3n voluntariamente, al registrarse en el sitio Internet se\u00f1alando anteriormente o al enviar correo electr\u00f3nico u otra comunicaci\u00f3n dirigida a<strong> microendo<\/strong>. <strong>microendo<\/strong> no procesar\u00e1 ni pondr\u00e1 a disposici\u00f3n de terceros los datos personales sin previo consentimiento\u00a0del Usuario, mediante la aceptaci\u00f3n electr\u00f3nica al ingresar sus datos dentro del contenido y funciones del sitio de Internet objeto de las presentes pol\u00edticas.<\/p><ol start=\"3\"><li><strong> Finalidad que tendr\u00e1 la informaci\u00f3n<\/strong><\/li><\/ol><p>Los datos personales contenidos en la informaci\u00f3n confidencial, son utilizados para proveerle al Usuario un servicio personalizado y acorde a sus necesidades, en su caso, ofreciendo publicidad selectiva o contenidos que puedan llegar a serle de inter\u00e9s.<\/p><p>El Usuario acepta que <strong>microendo<\/strong> utilice estos datos personales para fines estad\u00edsticos acumulativos para realizar investigaciones de mercado y otras actividades relacionadas.<\/p><ol start=\"4\"><li><strong> \u00bfQu\u00e9 son las cookies?<\/strong><\/li><\/ol><p>La p\u00e1gina de nuestro sitio Web utiliza cookies, los cuales son peque\u00f1os ficheros de datos que se generan en la computadora del Usuario que graban sus datos personales cuando se conecta al sitio de <strong>microendo<\/strong> y se modifican al abandonar el servicio y las cuales permiten obtener la informaci\u00f3n siguiente:<\/p><ul><li>La fecha y hora de la \u00faltima vez que el usuario visit\u00f3 nuestro sitio Web.<\/li><li>El dise\u00f1o de contenidos o preferencias que el usuario escogi\u00f3 en su primera visita a nuestro sitio web.<\/li><li>Elementos de seguridad que intervienen en el control de acceso a las \u00e1reas restringidas.<\/li><\/ul><p>Las cookies son an\u00f3nimas. El acceso a la informaci\u00f3n por medio de las cookies, permite ofrecer al Usuario un servicio personalizado, ya que almacenan no s\u00f3lo sus datos personales sino tambi\u00e9n la frecuencia de utilizaci\u00f3n del servicio y las secciones de la red visitadas, reflejando as\u00ed sus h\u00e1bitos y preferencias. Las redes publicitarias que insertan avisos en nuestras p\u00e1ginas pueden tambi\u00e9n utilizar sus propias cookies.<\/p><p>El Usuario tiene la opci\u00f3n de impedir la generaci\u00f3n de cookies, mediante la selecci\u00f3n de la correspondiente opci\u00f3n en la configuraci\u00f3n de su navegador de Internet. Sin embargo, <strong>microendo<\/strong> no se responsabiliza de que la desactivaci\u00f3n de los mismos, ya que impedir\u00edan el buen funcionamiento del sitio de Internet.<\/p><ol start=\"5\"><li><strong> Confidencialidad de la informaci\u00f3n<\/strong><\/li><\/ol><p><strong>microendo<\/strong> se compromete a no compartir la informaci\u00f3n confidencial proporcionada por el Usuario, con ning\u00fan tercero, excepto que tenga autorizaci\u00f3n del Usuario, A pesar de su pol\u00edtica de no divulgar los datos personales, <strong>microendo<\/strong> podr\u00e1 divulgar dicha informaci\u00f3n: (1) cuando <strong>microendo<\/strong> considere dicha informaci\u00f3n necesaria para identificar, comunicarse con, o emprender una acci\u00f3n legal en contra de alguien que pudiera estar perjudicando u obstaculizando los derechos o la propiedad de <strong>microendo<\/strong>; (2) seg\u00fan sea necesario para hacer respetar y cumplir los &#8220;T\u00e9rminos y condiciones de uso del sitio de Internet&#8221;; (3) seg\u00fan lo requiera la legislaci\u00f3n o alguna Autoridad que en el \u00e1mbito de su competencia lo solicite.<\/p><p>De acuerdo a lo explicado anteriormente, el Usuario entiende y concuerda en que esta pol\u00edtica de privacidad no aplica a la informaci\u00f3n que el Usuario proporcione voluntariamente al comunicarse con otras personas mediante correspondencia electr\u00f3nica, en chats, otras actividades similares. Es responsabilidad del Usuario ser prudente en el tipo de informaci\u00f3n que entrega al participar en estas actividades p\u00fablicas. <strong>microendo<\/strong> no se responsabiliza por la privacidad o pol\u00edticas de recolecci\u00f3n de datos de terceros proveedores de servicios y productos o de c\u00f3mo esos terceros proveedores de servicios o productos usen la informaci\u00f3n que el Usuario brinde.<\/p><ol start=\"6\"><li><strong> Modificaci\u00f3n \/ actualizaci\u00f3n \/eliminaci\u00f3n de la informaci\u00f3n personal<\/strong><\/li><\/ol><p>Los datos personales proporcionados por el Usuario formar\u00e1n parte de un archivo que contendr\u00e1 su perfil. Accediendo al mismo, el Usuario puede modificarlos \/ actualizarlos en cualquier momento. <strong>microendo<\/strong>\u00a0aconseja al Usuario que actualice sus datos cada vez que estos sufran alguna modificaci\u00f3n, ya que ello permitir\u00e1 brindarle un servicio m\u00e1s personalizado.<\/p><p>Al procesar datos personales, <strong>microendo<\/strong> se compromete a que nuestro personal y los mecanismos del sitio de Internet cumplan con los est\u00e1ndares de seguridad y confidencialidad necesarios para procurar la seguridad, integridad y privacidad de la informaci\u00f3n recopilada de los usuarios en el sitio de Internet. <strong>microendo<\/strong> tomar\u00e1 medidas razonables para permitir que los usuarios actualicen los datos personales que hayan inscrito y cuando el Usuario lo solicite procurar\u00e1 eliminar sistem\u00e1ticamente el registro del Usuario y sus datos personales de la base de datos; sin embargo, podr\u00eda ser imposible borrar por completo los datos del Usuario debido a las copias de seguridad y los registros de los datos eliminados.<\/p><ol start=\"7\"><li><strong> Protecci\u00f3n de la informaci\u00f3n personal<\/strong><\/li><\/ol><p>La informaci\u00f3n proporcionada por el usuario est\u00e1 protegida por diversos mecanismos de seguridad, mediante los cuales el Usuario podr\u00e1 acceder a ellos. Debido a que ninguna transmisi\u00f3n por Internet puede garantizar su seguridad al 100%, <strong>microendo<\/strong> no puede garantizar que la informaci\u00f3n transmitida utilizando su servicio sea completamente segura, con lo cual el Usuario corre su propio riesgo. El Usuario es el \u00fanico responsable de mantener en secreto su clave y la informaci\u00f3n de su cuenta, que en un momento dado <strong>microendo<\/strong> pudiera asignarle. Para disminuir los riesgos <strong>microendo<\/strong> recomienda al Usuario salir de su cuenta y cerrar la ventana de su navegador cuando finalice su actividad, m\u00e1s a\u00fan si comparte su computadora con alguien o utiliza una computadora en un lugar p\u00fablico como una biblioteca o un cibercaf\u00e9.<\/p><ol start=\"8\"><li><strong> Aceptaci\u00f3n de los t\u00e9rminos<\/strong><\/li><\/ol><p>Esta declaraci\u00f3n de confidencialidad \/ privacidad, que describe la Pol\u00edtica de Privacidad de <strong>microendo<\/strong>, constituye un acuerdo v\u00e1lido entre el Usuario y <strong>microendo<\/strong>; si el Usuario utiliza los servicios de <strong>microendo<\/strong> significa que ha le\u00eddo, entendido, aceptado y consecuentemente acordado con <strong>microendo<\/strong> los t\u00e9rminos antes expuestos. En caso de no estar de acuerdo con ellos, el Usuario NO deber\u00e1 proporcionar ninguna informaci\u00f3n personal, ni utilizar este servicio o cualquier informaci\u00f3n relacionada con el sitio de Internet.<\/p>\t\t\t\t\t\t\t\t<\/div>\n\t\t\t\t<\/div>\n\t\t\t\t\t<\/div>\n\t\t<\/div>\n\t\t\t\t\t<\/div>\n\t\t<\/section>\n\t\t\t\t<\/div>","protected":false},"excerpt":{"rendered":"<p>POL\u00cdTICAS DE PRIVACIDAD Las presentes pol\u00edticas de privacidad aplican para brindar protecci\u00f3n al Usuario del sitio de Internet&nbsp;microendo.com.mx. El uso o navegaci\u00f3n por parte de cualquier persona del sitio de Internet antes mencionado le concede la calidad de Usuario Tipo de informaci\u00f3n que se obtiene El concepto &#8220;datos personales&#8221; en estas pol\u00edticas se refiere a [&hellip;]<\/p>\n","protected":false},"author":1,"featured_media":0,"parent":0,"menu_order":0,"comment_status":"closed","ping_status":"closed","template":"elementor_header_footer","meta":{"rs_blank_template":"","rs_page_bg_color":"","slide_template_v7":"","footnotes":""},"class_list":["post-5374","page","type-page","status-publish","hentry"],"yoast_head":"<!-- This site is optimized with the Yoast SEO plugin v27.2 - https:\/\/yoast.com\/product\/yoast-seo-wordpress\/ -->\n<title>Pol\u00edticas de Privacidad - Microendo<\/title>\n<meta name=\"robots\" content=\"index, follow, max-snippet:-1, max-image-preview:large, max-video-preview:-1\" \/>\n<link rel=\"canonical\" href=\"https:\/\/microendo.com.mx\/en\/politicas-de-privacidad\/\" \/>\n<meta property=\"og:locale\" content=\"en_US\" \/>\n<meta property=\"og:type\" content=\"article\" \/>\n<meta property=\"og:title\" content=\"Pol\u00edticas de Privacidad - Microendo\" \/>\n<meta property=\"og:description\" content=\"POL\u00cdTICAS DE PRIVACIDAD Las presentes pol\u00edticas de privacidad aplican para brindar protecci\u00f3n al Usuario del sitio de Internet&nbsp;microendo.com.mx. El uso o navegaci\u00f3n por parte de cualquier persona del sitio de Internet antes mencionado le concede la calidad de Usuario Tipo de informaci\u00f3n que se obtiene El concepto &#8220;datos personales&#8221; en estas pol\u00edticas se refiere a [&hellip;]\" \/>\n<meta property=\"og:url\" content=\"https:\/\/microendo.com.mx\/en\/politicas-de-privacidad\/\" \/>\n<meta property=\"og:site_name\" content=\"Microendo\" \/>\n<meta property=\"article:modified_time\" content=\"2022-10-26T16:52:45+00:00\" \/>\n<meta name=\"twitter:card\" content=\"summary_large_image\" \/>\n<meta name=\"twitter:label1\" content=\"Est. reading time\" \/>\n\t<meta name=\"twitter:data1\" content=\"5 minutes\" \/>\n<script type=\"application\/ld+json\" class=\"yoast-schema-graph\">{\"@context\":\"https:\/\/schema.org\",\"@graph\":[{\"@type\":\"WebPage\",\"@id\":\"https:\/\/microendo.com.mx\/politicas-de-privacidad\/\",\"url\":\"https:\/\/microendo.com.mx\/politicas-de-privacidad\/\",\"name\":\"Pol\u00edticas de Privacidad - Microendo\",\"isPartOf\":{\"@id\":\"https:\/\/microendo.com.mx\/#website\"},\"datePublished\":\"2022-10-26T16:43:45+00:00\",\"dateModified\":\"2022-10-26T16:52:45+00:00\",\"breadcrumb\":{\"@id\":\"https:\/\/microendo.com.mx\/politicas-de-privacidad\/#breadcrumb\"},\"inLanguage\":\"en-US\",\"potentialAction\":[{\"@type\":\"ReadAction\",\"target\":[\"https:\/\/microendo.com.mx\/politicas-de-privacidad\/\"]}]},{\"@type\":\"BreadcrumbList\",\"@id\":\"https:\/\/microendo.com.mx\/politicas-de-privacidad\/#breadcrumb\",\"itemListElement\":[{\"@type\":\"ListItem\",\"position\":1,\"name\":\"Inicio\",\"item\":\"https:\/\/microendo.com.mx\/\"},{\"@type\":\"ListItem\",\"position\":2,\"name\":\"Pol\u00edticas de Privacidad\"}]},{\"@type\":\"WebSite\",\"@id\":\"https:\/\/microendo.com.mx\/#website\",\"url\":\"https:\/\/microendo.com.mx\/\",\"name\":\"Microendo\",\"description\":\"Biofertilizantes Personalizados\",\"publisher\":{\"@id\":\"https:\/\/microendo.com.mx\/#organization\"},\"potentialAction\":[{\"@type\":\"SearchAction\",\"target\":{\"@type\":\"EntryPoint\",\"urlTemplate\":\"https:\/\/microendo.com.mx\/?s={search_term_string}\"},\"query-input\":{\"@type\":\"PropertyValueSpecification\",\"valueRequired\":true,\"valueName\":\"search_term_string\"}}],\"inLanguage\":\"en-US\"},{\"@type\":\"Organization\",\"@id\":\"https:\/\/microendo.com.mx\/#organization\",\"name\":\"Microendo\",\"url\":\"https:\/\/microendo.com.mx\/\",\"logo\":{\"@type\":\"ImageObject\",\"inLanguage\":\"en-US\",\"@id\":\"https:\/\/microendo.com.mx\/#\/schema\/logo\/image\/\",\"url\":\"https:\/\/microendo.com.mx\/wp-content\/uploads\/2019\/12\/cropped-cuadlogo-1.png\",\"contentUrl\":\"https:\/\/microendo.com.mx\/wp-content\/uploads\/2019\/12\/cropped-cuadlogo-1.png\",\"width\":250,\"height\":250,\"caption\":\"Microendo\"},\"image\":{\"@id\":\"https:\/\/microendo.com.mx\/#\/schema\/logo\/image\/\"}}]}<\/script>\n<!-- \/ Yoast SEO plugin. -->","yoast_head_json":{"title":"Pol\u00edticas de Privacidad - Microendo","robots":{"index":"index","follow":"follow","max-snippet":"max-snippet:-1","max-image-preview":"max-image-preview:large","max-video-preview":"max-video-preview:-1"},"canonical":"https:\/\/microendo.com.mx\/en\/politicas-de-privacidad\/","og_locale":"en_US","og_type":"article","og_title":"Pol\u00edticas de Privacidad - Microendo","og_description":"POL\u00cdTICAS DE PRIVACIDAD Las presentes pol\u00edticas de privacidad aplican para brindar protecci\u00f3n al Usuario del sitio de Internet&nbsp;microendo.com.mx. El uso o navegaci\u00f3n por parte de cualquier persona del sitio de Internet antes mencionado le concede la calidad de Usuario Tipo de informaci\u00f3n que se obtiene El concepto &#8220;datos personales&#8221; en estas pol\u00edticas se refiere a [&hellip;]","og_url":"https:\/\/microendo.com.mx\/en\/politicas-de-privacidad\/","og_site_name":"Microendo","article_modified_time":"2022-10-26T16:52:45+00:00","twitter_card":"summary_large_image","twitter_misc":{"Est. reading time":"5 minutes"},"schema":{"@context":"https:\/\/schema.org","@graph":[{"@type":"WebPage","@id":"https:\/\/microendo.com.mx\/politicas-de-privacidad\/","url":"https:\/\/microendo.com.mx\/politicas-de-privacidad\/","name":"Pol\u00edticas de Privacidad - Microendo","isPartOf":{"@id":"https:\/\/microendo.com.mx\/#website"},"datePublished":"2022-10-26T16:43:45+00:00","dateModified":"2022-10-26T16:52:45+00:00","breadcrumb":{"@id":"https:\/\/microendo.com.mx\/politicas-de-privacidad\/#breadcrumb"},"inLanguage":"en-US","potentialAction":[{"@type":"ReadAction","target":["https:\/\/microendo.com.mx\/politicas-de-privacidad\/"]}]},{"@type":"BreadcrumbList","@id":"https:\/\/microendo.com.mx\/politicas-de-privacidad\/#breadcrumb","itemListElement":[{"@type":"ListItem","position":1,"name":"Inicio","item":"https:\/\/microendo.com.mx\/"},{"@type":"ListItem","position":2,"name":"Pol\u00edticas de Privacidad"}]},{"@type":"WebSite","@id":"https:\/\/microendo.com.mx\/#website","url":"https:\/\/microendo.com.mx\/","name":"microendo","description":"Biofertilizantes Personalizados","publisher":{"@id":"https:\/\/microendo.com.mx\/#organization"},"potentialAction":[{"@type":"SearchAction","target":{"@type":"EntryPoint","urlTemplate":"https:\/\/microendo.com.mx\/?s={search_term_string}"},"query-input":{"@type":"PropertyValueSpecification","valueRequired":true,"valueName":"search_term_string"}}],"inLanguage":"en-US"},{"@type":"Organization","@id":"https:\/\/microendo.com.mx\/#organization","name":"microendo","url":"https:\/\/microendo.com.mx\/","logo":{"@type":"ImageObject","inLanguage":"en-US","@id":"https:\/\/microendo.com.mx\/#\/schema\/logo\/image\/","url":"https:\/\/microendo.com.mx\/wp-content\/uploads\/2019\/12\/cropped-cuadlogo-1.png","contentUrl":"https:\/\/microendo.com.mx\/wp-content\/uploads\/2019\/12\/cropped-cuadlogo-1.png","width":250,"height":250,"caption":"Microendo"},"image":{"@id":"https:\/\/microendo.com.mx\/#\/schema\/logo\/image\/"}}]}},"_links":{"self":[{"href":"https:\/\/microendo.com.mx\/en\/wp-json\/wp\/v2\/pages\/5374","targetHints":{"allow":["GET"]}}],"collection":[{"href":"https:\/\/microendo.com.mx\/en\/wp-json\/wp\/v2\/pages"}],"about":[{"href":"https:\/\/microendo.com.mx\/en\/wp-json\/wp\/v2\/types\/page"}],"author":[{"embeddable":true,"href":"https:\/\/microendo.com.mx\/en\/wp-json\/wp\/v2\/users\/1"}],"replies":[{"embeddable":true,"href":"https:\/\/microendo.com.mx\/en\/wp-json\/wp\/v2\/comments?post=5374"}],"version-history":[{"count":0,"href":"https:\/\/microendo.com.mx\/en\/wp-json\/wp\/v2\/pages\/5374\/revisions"}],"wp:attachment":[{"href":"https:\/\/microendo.com.mx\/en\/wp-json\/wp\/v2\/media?parent=5374"}],"curies":[{"name":"wp","href":"https:\/\/api.w.org\/{rel}","templated":true}]}}