{"id":3310,"date":"2022-05-19T07:17:16","date_gmt":"2022-05-19T07:17:16","guid":{"rendered":"https:\/\/microendo.com.mx\/?post_type=product&#038;p=3310"},"modified":"2025-05-25T22:41:58","modified_gmt":"2025-05-25T22:41:58","slug":"berriesmicrobiota-llenado","status":"publish","type":"product","link":"https:\/\/microendo.com.mx\/en\/product\/berriesmicrobiota-llenado\/","title":{"rendered":"BerriesMicrobiota Crecimiento"},"content":{"rendered":"<p><strong>ANTI-STRESS\u00a0<\/strong>Bio-inoculant specially designed for filling Berries - Strengthens the immune system and reduces plant stress.<\/p>\n<p><strong>STIMULANT<\/strong>\u00a0Bio-inoculante dise\u00f1ado especialmente para la fertilizaci\u00f3n de berries-estimula el crecimiento aumentando el n\u00famero de hojas y ra\u00edces de la planta<\/p>\n<p><strong>PROTECTIVE<\/strong>\u00a0Bio-inoculant specially designed for filling Berries - Protection against pathogenic fungi<\/p>\n<p>&nbsp;<\/p>\n<p>&nbsp;<\/p>","protected":false},"excerpt":{"rendered":"<p><strong>ANTI-STRESS\u00a0<\/strong>Bio-inoculant specially designed for filling Berries - Strengthens the immune system and reduces plant stress.<\/p>\n<p><strong>STIMULANT<\/strong>\u00a0Bio-inoculant specially designed for filling Berries - Stimulates growth by increasing the number of leaves and roots of the plant<\/p>\n<p><strong>PROTECTIVE<\/strong>\u00a0Bio-inoculant specially designed for filling Berries - Protection against pathogenic fungi<\/p>\n<p>&nbsp;<\/p>\n<p>&nbsp;<\/p>","protected":false},"featured_media":6314,"comment_status":"open","ping_status":"closed","template":"","meta":{"rs_blank_template":"","rs_page_bg_color":"","slide_template_v7":""},"product_brand":[],"product_cat":[32,30],"product_tag":[],"class_list":{"0":"post-3310","1":"product","2":"type-product","3":"status-publish","4":"has-post-thumbnail","6":"product_cat-campo-espanol","7":"product_cat-espanol","9":"first","10":"instock","11":"sale","12":"featured","13":"taxable","14":"shipping-taxable","15":"purchasable","16":"product-type-variable"},"yoast_head":"<!-- This site is optimized with the Yoast SEO plugin v27.2 - https:\/\/yoast.com\/product\/yoast-seo-wordpress\/ -->\n<title>BerriesMicrobiota Crecimiento - Microendo<\/title>\n<meta name=\"robots\" content=\"index, follow, max-snippet:-1, max-image-preview:large, max-video-preview:-1\" \/>\n<link rel=\"canonical\" href=\"https:\/\/microendo.com.mx\/en\/product\/berriesmicrobiota-llenado\/\" \/>\n<meta property=\"og:locale\" content=\"en_US\" \/>\n<meta property=\"og:type\" content=\"article\" \/>\n<meta property=\"og:title\" content=\"BerriesMicrobiota Crecimiento - Microendo\" \/>\n<meta property=\"og:description\" content=\"ANTIESTRES\u00a0Bio-inoculante dise\u00f1ado especialmente para la fertilizaci\u00f3n de berries-fortalece el sistema inmune y disminuye el estr\u00e9s de la planta.  ESTIMULANTE\u00a0Bio-inoculante dise\u00f1ado especialmente para la fertilizaci\u00f3n de berries-estimula el crecimiento aumentando el n\u00famero de hojas y ra\u00edces de la planta.  PROTECTOR\u00a0Bio-inoculante dise\u00f1ado especialmente para la fertilizaci\u00f3n de berries-protecci\u00f3n contra hongos pat\u00f3genos  &nbsp;  &nbsp;\" \/>\n<meta property=\"og:url\" content=\"https:\/\/microendo.com.mx\/en\/product\/berriesmicrobiota-llenado\/\" \/>\n<meta property=\"og:site_name\" content=\"Microendo\" \/>\n<meta property=\"article:modified_time\" content=\"2025-05-25T22:41:58+00:00\" \/>\n<meta property=\"og:image\" content=\"https:\/\/microendo.com.mx\/wp-content\/uploads\/2022\/05\/7f79a2a0-5668-4b44-a067-24f59de89d12-3.png\" \/>\n\t<meta property=\"og:image:width\" content=\"1580\" \/>\n\t<meta property=\"og:image:height\" content=\"1080\" \/>\n\t<meta property=\"og:image:type\" content=\"image\/png\" \/>\n<meta name=\"twitter:card\" content=\"summary_large_image\" \/>\n<meta name=\"twitter:label1\" content=\"Est. reading time\" \/>\n\t<meta name=\"twitter:data1\" content=\"1 minute\" \/>\n<script type=\"application\/ld+json\" class=\"yoast-schema-graph\">{\"@context\":\"https:\/\/schema.org\",\"@graph\":[{\"@type\":\"WebPage\",\"@id\":\"https:\/\/microendo.com.mx\/product\/berriesmicrobiota-llenado\/\",\"url\":\"https:\/\/microendo.com.mx\/product\/berriesmicrobiota-llenado\/\",\"name\":\"BerriesMicrobiota Crecimiento - Microendo\",\"isPartOf\":{\"@id\":\"https:\/\/microendo.com.mx\/#website\"},\"primaryImageOfPage\":{\"@id\":\"https:\/\/microendo.com.mx\/product\/berriesmicrobiota-llenado\/#primaryimage\"},\"image\":{\"@id\":\"https:\/\/microendo.com.mx\/product\/berriesmicrobiota-llenado\/#primaryimage\"},\"thumbnailUrl\":\"https:\/\/microendo.com.mx\/wp-content\/uploads\/2022\/05\/7f79a2a0-5668-4b44-a067-24f59de89d12-3.png\",\"datePublished\":\"2022-05-19T07:17:16+00:00\",\"dateModified\":\"2025-05-25T22:41:58+00:00\",\"breadcrumb\":{\"@id\":\"https:\/\/microendo.com.mx\/product\/berriesmicrobiota-llenado\/#breadcrumb\"},\"inLanguage\":\"en-US\",\"potentialAction\":[{\"@type\":\"ReadAction\",\"target\":[\"https:\/\/microendo.com.mx\/product\/berriesmicrobiota-llenado\/\"]}]},{\"@type\":\"ImageObject\",\"inLanguage\":\"en-US\",\"@id\":\"https:\/\/microendo.com.mx\/product\/berriesmicrobiota-llenado\/#primaryimage\",\"url\":\"https:\/\/microendo.com.mx\/wp-content\/uploads\/2022\/05\/7f79a2a0-5668-4b44-a067-24f59de89d12-3.png\",\"contentUrl\":\"https:\/\/microendo.com.mx\/wp-content\/uploads\/2022\/05\/7f79a2a0-5668-4b44-a067-24f59de89d12-3.png\",\"width\":1580,\"height\":1080},{\"@type\":\"BreadcrumbList\",\"@id\":\"https:\/\/microendo.com.mx\/product\/berriesmicrobiota-llenado\/#breadcrumb\",\"itemListElement\":[{\"@type\":\"ListItem\",\"position\":1,\"name\":\"Inicio\",\"item\":\"https:\/\/microendo.com.mx\/\"},{\"@type\":\"ListItem\",\"position\":2,\"name\":\"Tienda\",\"item\":\"https:\/\/microendo.com.mx\/compras\/\"},{\"@type\":\"ListItem\",\"position\":3,\"name\":\"BerriesMicrobiota Crecimiento\"}]},{\"@type\":\"WebSite\",\"@id\":\"https:\/\/microendo.com.mx\/#website\",\"url\":\"https:\/\/microendo.com.mx\/\",\"name\":\"Microendo\",\"description\":\"Biofertilizantes Personalizados\",\"publisher\":{\"@id\":\"https:\/\/microendo.com.mx\/#organization\"},\"potentialAction\":[{\"@type\":\"SearchAction\",\"target\":{\"@type\":\"EntryPoint\",\"urlTemplate\":\"https:\/\/microendo.com.mx\/?s={search_term_string}\"},\"query-input\":{\"@type\":\"PropertyValueSpecification\",\"valueRequired\":true,\"valueName\":\"search_term_string\"}}],\"inLanguage\":\"en-US\"},{\"@type\":\"Organization\",\"@id\":\"https:\/\/microendo.com.mx\/#organization\",\"name\":\"Microendo\",\"url\":\"https:\/\/microendo.com.mx\/\",\"logo\":{\"@type\":\"ImageObject\",\"inLanguage\":\"en-US\",\"@id\":\"https:\/\/microendo.com.mx\/#\/schema\/logo\/image\/\",\"url\":\"https:\/\/microendo.com.mx\/wp-content\/uploads\/2019\/12\/cropped-cuadlogo-1.png\",\"contentUrl\":\"https:\/\/microendo.com.mx\/wp-content\/uploads\/2019\/12\/cropped-cuadlogo-1.png\",\"width\":250,\"height\":250,\"caption\":\"Microendo\"},\"image\":{\"@id\":\"https:\/\/microendo.com.mx\/#\/schema\/logo\/image\/\"}}]}<\/script>\n<!-- \/ Yoast SEO plugin. -->","yoast_head_json":{"title":"BerriesMicrobiota Crecimiento - Microendo","robots":{"index":"index","follow":"follow","max-snippet":"max-snippet:-1","max-image-preview":"max-image-preview:large","max-video-preview":"max-video-preview:-1"},"canonical":"https:\/\/microendo.com.mx\/en\/product\/berriesmicrobiota-llenado\/","og_locale":"en_US","og_type":"article","og_title":"BerriesMicrobiota Crecimiento - Microendo","og_description":"ANTIESTRES\u00a0Bio-inoculante dise\u00f1ado especialmente para la fertilizaci\u00f3n de berries-fortalece el sistema inmune y disminuye el estr\u00e9s de la planta.  ESTIMULANTE\u00a0Bio-inoculante dise\u00f1ado especialmente para la fertilizaci\u00f3n de berries-estimula el crecimiento aumentando el n\u00famero de hojas y ra\u00edces de la planta.  PROTECTOR\u00a0Bio-inoculante dise\u00f1ado especialmente para la fertilizaci\u00f3n de berries-protecci\u00f3n contra hongos pat\u00f3genos  &nbsp;  &nbsp;","og_url":"https:\/\/microendo.com.mx\/en\/product\/berriesmicrobiota-llenado\/","og_site_name":"Microendo","article_modified_time":"2025-05-25T22:41:58+00:00","og_image":[{"width":1580,"height":1080,"url":"https:\/\/microendo.com.mx\/wp-content\/uploads\/2022\/05\/7f79a2a0-5668-4b44-a067-24f59de89d12-3.png","type":"image\/png"}],"twitter_card":"summary_large_image","twitter_misc":{"Est. reading time":"1 minute"},"schema":{"@context":"https:\/\/schema.org","@graph":[{"@type":"WebPage","@id":"https:\/\/microendo.com.mx\/product\/berriesmicrobiota-llenado\/","url":"https:\/\/microendo.com.mx\/product\/berriesmicrobiota-llenado\/","name":"BerriesMicrobiota Crecimiento - Microendo","isPartOf":{"@id":"https:\/\/microendo.com.mx\/#website"},"primaryImageOfPage":{"@id":"https:\/\/microendo.com.mx\/product\/berriesmicrobiota-llenado\/#primaryimage"},"image":{"@id":"https:\/\/microendo.com.mx\/product\/berriesmicrobiota-llenado\/#primaryimage"},"thumbnailUrl":"https:\/\/microendo.com.mx\/wp-content\/uploads\/2022\/05\/7f79a2a0-5668-4b44-a067-24f59de89d12-3.png","datePublished":"2022-05-19T07:17:16+00:00","dateModified":"2025-05-25T22:41:58+00:00","breadcrumb":{"@id":"https:\/\/microendo.com.mx\/product\/berriesmicrobiota-llenado\/#breadcrumb"},"inLanguage":"en-US","potentialAction":[{"@type":"ReadAction","target":["https:\/\/microendo.com.mx\/product\/berriesmicrobiota-llenado\/"]}]},{"@type":"ImageObject","inLanguage":"en-US","@id":"https:\/\/microendo.com.mx\/product\/berriesmicrobiota-llenado\/#primaryimage","url":"https:\/\/microendo.com.mx\/wp-content\/uploads\/2022\/05\/7f79a2a0-5668-4b44-a067-24f59de89d12-3.png","contentUrl":"https:\/\/microendo.com.mx\/wp-content\/uploads\/2022\/05\/7f79a2a0-5668-4b44-a067-24f59de89d12-3.png","width":1580,"height":1080},{"@type":"BreadcrumbList","@id":"https:\/\/microendo.com.mx\/product\/berriesmicrobiota-llenado\/#breadcrumb","itemListElement":[{"@type":"ListItem","position":1,"name":"Inicio","item":"https:\/\/microendo.com.mx\/"},{"@type":"ListItem","position":2,"name":"Tienda","item":"https:\/\/microendo.com.mx\/compras\/"},{"@type":"ListItem","position":3,"name":"BerriesMicrobiota Crecimiento"}]},{"@type":"WebSite","@id":"https:\/\/microendo.com.mx\/#website","url":"https:\/\/microendo.com.mx\/","name":"microendo","description":"Biofertilizantes Personalizados","publisher":{"@id":"https:\/\/microendo.com.mx\/#organization"},"potentialAction":[{"@type":"SearchAction","target":{"@type":"EntryPoint","urlTemplate":"https:\/\/microendo.com.mx\/?s={search_term_string}"},"query-input":{"@type":"PropertyValueSpecification","valueRequired":true,"valueName":"search_term_string"}}],"inLanguage":"en-US"},{"@type":"Organization","@id":"https:\/\/microendo.com.mx\/#organization","name":"microendo","url":"https:\/\/microendo.com.mx\/","logo":{"@type":"ImageObject","inLanguage":"en-US","@id":"https:\/\/microendo.com.mx\/#\/schema\/logo\/image\/","url":"https:\/\/microendo.com.mx\/wp-content\/uploads\/2019\/12\/cropped-cuadlogo-1.png","contentUrl":"https:\/\/microendo.com.mx\/wp-content\/uploads\/2019\/12\/cropped-cuadlogo-1.png","width":250,"height":250,"caption":"Microendo"},"image":{"@id":"https:\/\/microendo.com.mx\/#\/schema\/logo\/image\/"}}]}},"_links":{"self":[{"href":"https:\/\/microendo.com.mx\/en\/wp-json\/wp\/v2\/product\/3310","targetHints":{"allow":["GET"]}}],"collection":[{"href":"https:\/\/microendo.com.mx\/en\/wp-json\/wp\/v2\/product"}],"about":[{"href":"https:\/\/microendo.com.mx\/en\/wp-json\/wp\/v2\/types\/product"}],"replies":[{"embeddable":true,"href":"https:\/\/microendo.com.mx\/en\/wp-json\/wp\/v2\/comments?post=3310"}],"version-history":[{"count":0,"href":"https:\/\/microendo.com.mx\/en\/wp-json\/wp\/v2\/product\/3310\/revisions"}],"wp:featuredmedia":[{"embeddable":true,"href":"https:\/\/microendo.com.mx\/en\/wp-json\/wp\/v2\/media\/6314"}],"wp:attachment":[{"href":"https:\/\/microendo.com.mx\/en\/wp-json\/wp\/v2\/media?parent=3310"}],"wp:term":[{"taxonomy":"product_brand","embeddable":true,"href":"https:\/\/microendo.com.mx\/en\/wp-json\/wp\/v2\/product_brand?post=3310"},{"taxonomy":"product_cat","embeddable":true,"href":"https:\/\/microendo.com.mx\/en\/wp-json\/wp\/v2\/product_cat?post=3310"},{"taxonomy":"product_tag","embeddable":true,"href":"https:\/\/microendo.com.mx\/en\/wp-json\/wp\/v2\/product_tag?post=3310"}],"curies":[{"name":"wp","href":"https:\/\/api.w.org\/{rel}","templated":true}]}}