{"id":3348,"date":"2022-05-19T18:01:17","date_gmt":"2022-05-19T18:01:17","guid":{"rendered":"https:\/\/microendo.com.mx\/?post_type=product&#038;p=3348"},"modified":"2023-06-28T17:09:36","modified_gmt":"2023-06-28T17:09:36","slug":"blueberrymicrobiota-crecimiento","status":"publish","type":"product","link":"https:\/\/microendo.com.mx\/en\/product\/blueberrymicrobiota-crecimiento\/","title":{"rendered":"BlueberryMicrobiota Crecimiento"},"content":{"rendered":"<p>Bio-inoculant specially designed for Blueberry fertilization.<\/p>\n<p><strong>Anti-stress:<\/strong> Strengthens the immune system and reduces plant stress<\/p>\n<p><strong>Stimulating<\/strong> Stimulates growth by increasing the number of leaves and roots of the plant<\/p>\n<p><strong>Protective<\/strong>: Protection against pathogenic fungi<\/p>","protected":false},"excerpt":{"rendered":"<p>Bio-inoculant specially designed for Blueberry fertilization.<br \/>\n<strong>Anti-stress:<\/strong> Strengthens the immune system and reduces plant stress<\/p>\n<p><strong>Stimulating<\/strong> Stimulates growth by increasing the number of leaves and roots of the plant<\/p>\n<p><strong>Protective<\/strong>: Protection against pathogenic fungi<\/p>","protected":false},"featured_media":6316,"comment_status":"open","ping_status":"closed","template":"","meta":{"rs_blank_template":"","rs_page_bg_color":"","slide_template_v7":""},"product_brand":[],"product_cat":[32,30],"product_tag":[],"class_list":{"0":"post-3348","1":"product","2":"type-product","3":"status-publish","4":"has-post-thumbnail","6":"product_cat-campo-espanol","7":"product_cat-espanol","9":"first","10":"instock","11":"sale","12":"featured","13":"taxable","14":"shipping-taxable","15":"purchasable","16":"product-type-variable"},"yoast_head":"<!-- This site is optimized with the Yoast SEO plugin v27.2 - https:\/\/yoast.com\/product\/yoast-seo-wordpress\/ -->\n<title>BlueberryMicrobiota Crecimiento - Microendo<\/title>\n<meta name=\"robots\" content=\"index, follow, max-snippet:-1, max-image-preview:large, max-video-preview:-1\" \/>\n<link rel=\"canonical\" href=\"https:\/\/microendo.com.mx\/en\/product\/blueberrymicrobiota-crecimiento\/\" \/>\n<meta property=\"og:locale\" content=\"en_US\" \/>\n<meta property=\"og:type\" content=\"article\" \/>\n<meta property=\"og:title\" content=\"BlueberryMicrobiota Crecimiento - Microendo\" \/>\n<meta property=\"og:description\" content=\"Bio-inoculante dise\u00f1ado especialmente para la fertilizaci\u00f3n de ar\u00e1ndano azul. Antiestr\u00e9s: Fortalece el sistema inmune y disminuye el estr\u00e9s de la planta.  Estimulante: Estimula el crecimiento aumentando el n\u00famero de hojas y ra\u00edces de la planta.  Protector: Protecci\u00f3n contra hongos pat\u00f3genos.\" \/>\n<meta property=\"og:url\" content=\"https:\/\/microendo.com.mx\/en\/product\/blueberrymicrobiota-crecimiento\/\" \/>\n<meta property=\"og:site_name\" content=\"Microendo\" \/>\n<meta property=\"article:modified_time\" content=\"2023-06-28T17:09:36+00:00\" \/>\n<meta property=\"og:image\" content=\"https:\/\/microendo.com.mx\/wp-content\/uploads\/2023\/06\/10.png\" \/>\n\t<meta property=\"og:image:width\" content=\"1382\" \/>\n\t<meta property=\"og:image:height\" content=\"1080\" \/>\n\t<meta property=\"og:image:type\" content=\"image\/png\" \/>\n<meta name=\"twitter:card\" content=\"summary_large_image\" \/>\n<meta name=\"twitter:label1\" content=\"Est. reading time\" \/>\n\t<meta name=\"twitter:data1\" content=\"1 minute\" \/>\n<script type=\"application\/ld+json\" class=\"yoast-schema-graph\">{\"@context\":\"https:\/\/schema.org\",\"@graph\":[{\"@type\":\"WebPage\",\"@id\":\"https:\/\/microendo.com.mx\/product\/blueberrymicrobiota-crecimiento\/\",\"url\":\"https:\/\/microendo.com.mx\/product\/blueberrymicrobiota-crecimiento\/\",\"name\":\"BlueberryMicrobiota Crecimiento - Microendo\",\"isPartOf\":{\"@id\":\"https:\/\/microendo.com.mx\/#website\"},\"primaryImageOfPage\":{\"@id\":\"https:\/\/microendo.com.mx\/product\/blueberrymicrobiota-crecimiento\/#primaryimage\"},\"image\":{\"@id\":\"https:\/\/microendo.com.mx\/product\/blueberrymicrobiota-crecimiento\/#primaryimage\"},\"thumbnailUrl\":\"https:\/\/microendo.com.mx\/wp-content\/uploads\/2023\/06\/10.png\",\"datePublished\":\"2022-05-19T18:01:17+00:00\",\"dateModified\":\"2023-06-28T17:09:36+00:00\",\"breadcrumb\":{\"@id\":\"https:\/\/microendo.com.mx\/product\/blueberrymicrobiota-crecimiento\/#breadcrumb\"},\"inLanguage\":\"en-US\",\"potentialAction\":[{\"@type\":\"ReadAction\",\"target\":[\"https:\/\/microendo.com.mx\/product\/blueberrymicrobiota-crecimiento\/\"]}]},{\"@type\":\"ImageObject\",\"inLanguage\":\"en-US\",\"@id\":\"https:\/\/microendo.com.mx\/product\/blueberrymicrobiota-crecimiento\/#primaryimage\",\"url\":\"https:\/\/microendo.com.mx\/wp-content\/uploads\/2023\/06\/10.png\",\"contentUrl\":\"https:\/\/microendo.com.mx\/wp-content\/uploads\/2023\/06\/10.png\",\"width\":1382,\"height\":1080},{\"@type\":\"BreadcrumbList\",\"@id\":\"https:\/\/microendo.com.mx\/product\/blueberrymicrobiota-crecimiento\/#breadcrumb\",\"itemListElement\":[{\"@type\":\"ListItem\",\"position\":1,\"name\":\"Inicio\",\"item\":\"https:\/\/microendo.com.mx\/\"},{\"@type\":\"ListItem\",\"position\":2,\"name\":\"Tienda\",\"item\":\"https:\/\/microendo.com.mx\/compras\/\"},{\"@type\":\"ListItem\",\"position\":3,\"name\":\"BlueberryMicrobiota Crecimiento\"}]},{\"@type\":\"WebSite\",\"@id\":\"https:\/\/microendo.com.mx\/#website\",\"url\":\"https:\/\/microendo.com.mx\/\",\"name\":\"Microendo\",\"description\":\"Biofertilizantes Personalizados\",\"publisher\":{\"@id\":\"https:\/\/microendo.com.mx\/#organization\"},\"potentialAction\":[{\"@type\":\"SearchAction\",\"target\":{\"@type\":\"EntryPoint\",\"urlTemplate\":\"https:\/\/microendo.com.mx\/?s={search_term_string}\"},\"query-input\":{\"@type\":\"PropertyValueSpecification\",\"valueRequired\":true,\"valueName\":\"search_term_string\"}}],\"inLanguage\":\"en-US\"},{\"@type\":\"Organization\",\"@id\":\"https:\/\/microendo.com.mx\/#organization\",\"name\":\"Microendo\",\"url\":\"https:\/\/microendo.com.mx\/\",\"logo\":{\"@type\":\"ImageObject\",\"inLanguage\":\"en-US\",\"@id\":\"https:\/\/microendo.com.mx\/#\/schema\/logo\/image\/\",\"url\":\"https:\/\/microendo.com.mx\/wp-content\/uploads\/2019\/12\/cropped-cuadlogo-1.png\",\"contentUrl\":\"https:\/\/microendo.com.mx\/wp-content\/uploads\/2019\/12\/cropped-cuadlogo-1.png\",\"width\":250,\"height\":250,\"caption\":\"Microendo\"},\"image\":{\"@id\":\"https:\/\/microendo.com.mx\/#\/schema\/logo\/image\/\"}}]}<\/script>\n<!-- \/ Yoast SEO plugin. -->","yoast_head_json":{"title":"BlueberryMicrobiota Crecimiento - Microendo","robots":{"index":"index","follow":"follow","max-snippet":"max-snippet:-1","max-image-preview":"max-image-preview:large","max-video-preview":"max-video-preview:-1"},"canonical":"https:\/\/microendo.com.mx\/en\/product\/blueberrymicrobiota-crecimiento\/","og_locale":"en_US","og_type":"article","og_title":"BlueberryMicrobiota Crecimiento - Microendo","og_description":"Bio-inoculante dise\u00f1ado especialmente para la fertilizaci\u00f3n de ar\u00e1ndano azul. Antiestr\u00e9s: Fortalece el sistema inmune y disminuye el estr\u00e9s de la planta.  Estimulante: Estimula el crecimiento aumentando el n\u00famero de hojas y ra\u00edces de la planta.  Protector: Protecci\u00f3n contra hongos pat\u00f3genos.","og_url":"https:\/\/microendo.com.mx\/en\/product\/blueberrymicrobiota-crecimiento\/","og_site_name":"Microendo","article_modified_time":"2023-06-28T17:09:36+00:00","og_image":[{"width":1382,"height":1080,"url":"https:\/\/microendo.com.mx\/wp-content\/uploads\/2023\/06\/10.png","type":"image\/png"}],"twitter_card":"summary_large_image","twitter_misc":{"Est. reading time":"1 minute"},"schema":{"@context":"https:\/\/schema.org","@graph":[{"@type":"WebPage","@id":"https:\/\/microendo.com.mx\/product\/blueberrymicrobiota-crecimiento\/","url":"https:\/\/microendo.com.mx\/product\/blueberrymicrobiota-crecimiento\/","name":"BlueberryMicrobiota Crecimiento - Microendo","isPartOf":{"@id":"https:\/\/microendo.com.mx\/#website"},"primaryImageOfPage":{"@id":"https:\/\/microendo.com.mx\/product\/blueberrymicrobiota-crecimiento\/#primaryimage"},"image":{"@id":"https:\/\/microendo.com.mx\/product\/blueberrymicrobiota-crecimiento\/#primaryimage"},"thumbnailUrl":"https:\/\/microendo.com.mx\/wp-content\/uploads\/2023\/06\/10.png","datePublished":"2022-05-19T18:01:17+00:00","dateModified":"2023-06-28T17:09:36+00:00","breadcrumb":{"@id":"https:\/\/microendo.com.mx\/product\/blueberrymicrobiota-crecimiento\/#breadcrumb"},"inLanguage":"en-US","potentialAction":[{"@type":"ReadAction","target":["https:\/\/microendo.com.mx\/product\/blueberrymicrobiota-crecimiento\/"]}]},{"@type":"ImageObject","inLanguage":"en-US","@id":"https:\/\/microendo.com.mx\/product\/blueberrymicrobiota-crecimiento\/#primaryimage","url":"https:\/\/microendo.com.mx\/wp-content\/uploads\/2023\/06\/10.png","contentUrl":"https:\/\/microendo.com.mx\/wp-content\/uploads\/2023\/06\/10.png","width":1382,"height":1080},{"@type":"BreadcrumbList","@id":"https:\/\/microendo.com.mx\/product\/blueberrymicrobiota-crecimiento\/#breadcrumb","itemListElement":[{"@type":"ListItem","position":1,"name":"Inicio","item":"https:\/\/microendo.com.mx\/"},{"@type":"ListItem","position":2,"name":"Tienda","item":"https:\/\/microendo.com.mx\/compras\/"},{"@type":"ListItem","position":3,"name":"BlueberryMicrobiota Crecimiento"}]},{"@type":"WebSite","@id":"https:\/\/microendo.com.mx\/#website","url":"https:\/\/microendo.com.mx\/","name":"microendo","description":"Biofertilizantes Personalizados","publisher":{"@id":"https:\/\/microendo.com.mx\/#organization"},"potentialAction":[{"@type":"SearchAction","target":{"@type":"EntryPoint","urlTemplate":"https:\/\/microendo.com.mx\/?s={search_term_string}"},"query-input":{"@type":"PropertyValueSpecification","valueRequired":true,"valueName":"search_term_string"}}],"inLanguage":"en-US"},{"@type":"Organization","@id":"https:\/\/microendo.com.mx\/#organization","name":"microendo","url":"https:\/\/microendo.com.mx\/","logo":{"@type":"ImageObject","inLanguage":"en-US","@id":"https:\/\/microendo.com.mx\/#\/schema\/logo\/image\/","url":"https:\/\/microendo.com.mx\/wp-content\/uploads\/2019\/12\/cropped-cuadlogo-1.png","contentUrl":"https:\/\/microendo.com.mx\/wp-content\/uploads\/2019\/12\/cropped-cuadlogo-1.png","width":250,"height":250,"caption":"Microendo"},"image":{"@id":"https:\/\/microendo.com.mx\/#\/schema\/logo\/image\/"}}]}},"_links":{"self":[{"href":"https:\/\/microendo.com.mx\/en\/wp-json\/wp\/v2\/product\/3348","targetHints":{"allow":["GET"]}}],"collection":[{"href":"https:\/\/microendo.com.mx\/en\/wp-json\/wp\/v2\/product"}],"about":[{"href":"https:\/\/microendo.com.mx\/en\/wp-json\/wp\/v2\/types\/product"}],"replies":[{"embeddable":true,"href":"https:\/\/microendo.com.mx\/en\/wp-json\/wp\/v2\/comments?post=3348"}],"version-history":[{"count":0,"href":"https:\/\/microendo.com.mx\/en\/wp-json\/wp\/v2\/product\/3348\/revisions"}],"wp:featuredmedia":[{"embeddable":true,"href":"https:\/\/microendo.com.mx\/en\/wp-json\/wp\/v2\/media\/6316"}],"wp:attachment":[{"href":"https:\/\/microendo.com.mx\/en\/wp-json\/wp\/v2\/media?parent=3348"}],"wp:term":[{"taxonomy":"product_brand","embeddable":true,"href":"https:\/\/microendo.com.mx\/en\/wp-json\/wp\/v2\/product_brand?post=3348"},{"taxonomy":"product_cat","embeddable":true,"href":"https:\/\/microendo.com.mx\/en\/wp-json\/wp\/v2\/product_cat?post=3348"},{"taxonomy":"product_tag","embeddable":true,"href":"https:\/\/microendo.com.mx\/en\/wp-json\/wp\/v2\/product_tag?post=3348"}],"curies":[{"name":"wp","href":"https:\/\/api.w.org\/{rel}","templated":true}]}}