{"id":3370,"date":"2022-05-19T19:16:13","date_gmt":"2022-05-19T19:16:13","guid":{"rendered":"https:\/\/microendo.com.mx\/?post_type=product&#038;p=3370"},"modified":"2025-05-25T10:25:33","modified_gmt":"2025-05-25T10:25:33","slug":"agavemicrobiota-2","status":"publish","type":"product","link":"https:\/\/microendo.com.mx\/en\/product\/agavemicrobiota-2\/","title":{"rendered":"AgaveMicrobiota"},"content":{"rendered":"<div data-elementor-type=\"product-post\" data-elementor-id=\"3370\" class=\"elementor elementor-3370\" data-elementor-post-type=\"product\">\n\t\t\t\t\t\t<section class=\"elementor-section elementor-top-section elementor-element elementor-element-10e141d6 elementor-section-boxed elementor-section-height-default elementor-section-height-default\" data-id=\"10e141d6\" data-element_type=\"section\" data-e-type=\"section\">\n\t\t\t\t\t\t<div class=\"elementor-container elementor-column-gap-default\">\n\t\t\t\t\t<div class=\"elementor-column elementor-col-100 elementor-top-column elementor-element elementor-element-71d49c39\" data-id=\"71d49c39\" data-element_type=\"column\" data-e-type=\"column\">\n\t\t\t<div class=\"elementor-widget-wrap elementor-element-populated\">\n\t\t\t\t\t\t<div class=\"elementor-element elementor-element-387da9bc elementor-widget elementor-widget-text-editor\" data-id=\"387da9bc\" data-element_type=\"widget\" data-e-type=\"widget\" data-widget_type=\"text-editor.default\">\n\t\t\t\t<div class=\"elementor-widget-container\">\n\t\t\t\t\t\t\t\t\tBio-inoculant specially designed for the fertilization of Agave tequilana\r\n\r\n<strong>anti-stress\u00a0<\/strong>Strengthens the immune system and reduces plant stress\r\n\r\n<strong>Stimulating<\/strong>\u00a0Stimulates growth by increasing the number of leaves and roots of the plant\r\n\r\n<strong>Protector:<\/strong>\u00a0Protection against soft rot and antagonistic effect against Fusarium oxysporum\t\t\t\t\t\t\t\t<\/div>\n\t\t\t\t<\/div>\n\t\t\t\t\t<\/div>\n\t\t<\/div>\n\t\t\t\t\t<\/div>\n\t\t<\/section>\n\t\t\t\t<\/div>","protected":false},"excerpt":{"rendered":"<p>Bio-inoculante dise\u00f1ado especialmente para la fertilizaci\u00f3n de agave tequilana. Anti-estr\u00e9s:\u00a0Fortalece el sistema inmune y disminuye el estr\u00e9s de la planta. Estimulante:\u00a0Estimula el crecimiento aumentando el n\u00famero de hojas y ra\u00edces de la planta. Protector:\u00a0Protecci\u00f3n contra la pudrici\u00f3n del cogollo y efecto antag\u00f3nico contra fusarium oxysporum.<\/p>","protected":false},"featured_media":6265,"comment_status":"open","ping_status":"closed","template":"","meta":{"rs_blank_template":"","rs_page_bg_color":"","slide_template_v7":""},"product_brand":[],"product_cat":[32,30,33],"product_tag":[],"class_list":{"0":"post-3370","1":"product","2":"type-product","3":"status-publish","4":"has-post-thumbnail","6":"product_cat-campo-espanol","7":"product_cat-espanol","8":"product_cat-hogar-espanol","10":"first","11":"instock","12":"sale","13":"featured","14":"taxable","15":"shipping-taxable","16":"purchasable","17":"product-type-variable"},"yoast_head":"<!-- This site is optimized with the Yoast SEO plugin v27.2 - https:\/\/yoast.com\/product\/yoast-seo-wordpress\/ -->\n<title>AgaveMicrobiota - Microendo<\/title>\n<meta name=\"robots\" content=\"index, follow, max-snippet:-1, max-image-preview:large, max-video-preview:-1\" \/>\n<link rel=\"canonical\" href=\"https:\/\/microendo.com.mx\/en\/product\/agavemicrobiota-2\/\" \/>\n<meta property=\"og:locale\" content=\"en_US\" \/>\n<meta property=\"og:type\" content=\"article\" \/>\n<meta property=\"og:title\" content=\"AgaveMicrobiota - Microendo\" \/>\n<meta property=\"og:description\" content=\"Bio-inoculante dise\u00f1ado especialmente para la fertilizaci\u00f3n de agave tequilana. Anti-estr\u00e9s:\u00a0Fortalece el sistema inmune y disminuye el estr\u00e9s de la planta. Estimulante:\u00a0Estimula el crecimiento aumentando el n\u00famero de hojas y ra\u00edces de la planta. Protector:\u00a0Protecci\u00f3n contra la pudrici\u00f3n del cogollo y efecto antag\u00f3nico contra fusarium oxysporum.\" \/>\n<meta property=\"og:url\" content=\"https:\/\/microendo.com.mx\/en\/product\/agavemicrobiota-2\/\" \/>\n<meta property=\"og:site_name\" content=\"Microendo\" \/>\n<meta property=\"article:modified_time\" content=\"2025-05-25T10:25:33+00:00\" \/>\n<meta property=\"og:image\" content=\"https:\/\/microendo.com.mx\/wp-content\/uploads\/2023\/06\/01-1.png\" \/>\n\t<meta property=\"og:image:width\" content=\"1339\" \/>\n\t<meta property=\"og:image:height\" content=\"1080\" \/>\n\t<meta property=\"og:image:type\" content=\"image\/png\" \/>\n<meta name=\"twitter:card\" content=\"summary_large_image\" \/>\n<script type=\"application\/ld+json\" class=\"yoast-schema-graph\">{\"@context\":\"https:\/\/schema.org\",\"@graph\":[{\"@type\":\"WebPage\",\"@id\":\"https:\/\/microendo.com.mx\/product\/agavemicrobiota-2\/\",\"url\":\"https:\/\/microendo.com.mx\/product\/agavemicrobiota-2\/\",\"name\":\"AgaveMicrobiota - Microendo\",\"isPartOf\":{\"@id\":\"https:\/\/microendo.com.mx\/#website\"},\"primaryImageOfPage\":{\"@id\":\"https:\/\/microendo.com.mx\/product\/agavemicrobiota-2\/#primaryimage\"},\"image\":{\"@id\":\"https:\/\/microendo.com.mx\/product\/agavemicrobiota-2\/#primaryimage\"},\"thumbnailUrl\":\"https:\/\/microendo.com.mx\/wp-content\/uploads\/2023\/06\/01-1.png\",\"datePublished\":\"2022-05-19T19:16:13+00:00\",\"dateModified\":\"2025-05-25T10:25:33+00:00\",\"breadcrumb\":{\"@id\":\"https:\/\/microendo.com.mx\/product\/agavemicrobiota-2\/#breadcrumb\"},\"inLanguage\":\"en-US\",\"potentialAction\":[{\"@type\":\"ReadAction\",\"target\":[\"https:\/\/microendo.com.mx\/product\/agavemicrobiota-2\/\"]}]},{\"@type\":\"ImageObject\",\"inLanguage\":\"en-US\",\"@id\":\"https:\/\/microendo.com.mx\/product\/agavemicrobiota-2\/#primaryimage\",\"url\":\"https:\/\/microendo.com.mx\/wp-content\/uploads\/2023\/06\/01-1.png\",\"contentUrl\":\"https:\/\/microendo.com.mx\/wp-content\/uploads\/2023\/06\/01-1.png\",\"width\":1339,\"height\":1080},{\"@type\":\"BreadcrumbList\",\"@id\":\"https:\/\/microendo.com.mx\/product\/agavemicrobiota-2\/#breadcrumb\",\"itemListElement\":[{\"@type\":\"ListItem\",\"position\":1,\"name\":\"Inicio\",\"item\":\"https:\/\/microendo.com.mx\/\"},{\"@type\":\"ListItem\",\"position\":2,\"name\":\"Tienda\",\"item\":\"https:\/\/microendo.com.mx\/compras\/\"},{\"@type\":\"ListItem\",\"position\":3,\"name\":\"AgaveMicrobiota\"}]},{\"@type\":\"WebSite\",\"@id\":\"https:\/\/microendo.com.mx\/#website\",\"url\":\"https:\/\/microendo.com.mx\/\",\"name\":\"Microendo\",\"description\":\"Biofertilizantes Personalizados\",\"publisher\":{\"@id\":\"https:\/\/microendo.com.mx\/#organization\"},\"potentialAction\":[{\"@type\":\"SearchAction\",\"target\":{\"@type\":\"EntryPoint\",\"urlTemplate\":\"https:\/\/microendo.com.mx\/?s={search_term_string}\"},\"query-input\":{\"@type\":\"PropertyValueSpecification\",\"valueRequired\":true,\"valueName\":\"search_term_string\"}}],\"inLanguage\":\"en-US\"},{\"@type\":\"Organization\",\"@id\":\"https:\/\/microendo.com.mx\/#organization\",\"name\":\"Microendo\",\"url\":\"https:\/\/microendo.com.mx\/\",\"logo\":{\"@type\":\"ImageObject\",\"inLanguage\":\"en-US\",\"@id\":\"https:\/\/microendo.com.mx\/#\/schema\/logo\/image\/\",\"url\":\"https:\/\/microendo.com.mx\/wp-content\/uploads\/2019\/12\/cropped-cuadlogo-1.png\",\"contentUrl\":\"https:\/\/microendo.com.mx\/wp-content\/uploads\/2019\/12\/cropped-cuadlogo-1.png\",\"width\":250,\"height\":250,\"caption\":\"Microendo\"},\"image\":{\"@id\":\"https:\/\/microendo.com.mx\/#\/schema\/logo\/image\/\"}}]}<\/script>\n<!-- \/ Yoast SEO plugin. -->","yoast_head_json":{"title":"AgaveMicrobiota - Microendo","robots":{"index":"index","follow":"follow","max-snippet":"max-snippet:-1","max-image-preview":"max-image-preview:large","max-video-preview":"max-video-preview:-1"},"canonical":"https:\/\/microendo.com.mx\/en\/product\/agavemicrobiota-2\/","og_locale":"en_US","og_type":"article","og_title":"AgaveMicrobiota - Microendo","og_description":"Bio-inoculante dise\u00f1ado especialmente para la fertilizaci\u00f3n de agave tequilana. Anti-estr\u00e9s:\u00a0Fortalece el sistema inmune y disminuye el estr\u00e9s de la planta. Estimulante:\u00a0Estimula el crecimiento aumentando el n\u00famero de hojas y ra\u00edces de la planta. Protector:\u00a0Protecci\u00f3n contra la pudrici\u00f3n del cogollo y efecto antag\u00f3nico contra fusarium oxysporum.","og_url":"https:\/\/microendo.com.mx\/en\/product\/agavemicrobiota-2\/","og_site_name":"Microendo","article_modified_time":"2025-05-25T10:25:33+00:00","og_image":[{"width":1339,"height":1080,"url":"https:\/\/microendo.com.mx\/wp-content\/uploads\/2023\/06\/01-1.png","type":"image\/png"}],"twitter_card":"summary_large_image","schema":{"@context":"https:\/\/schema.org","@graph":[{"@type":"WebPage","@id":"https:\/\/microendo.com.mx\/product\/agavemicrobiota-2\/","url":"https:\/\/microendo.com.mx\/product\/agavemicrobiota-2\/","name":"AgaveMicrobiota - Microendo","isPartOf":{"@id":"https:\/\/microendo.com.mx\/#website"},"primaryImageOfPage":{"@id":"https:\/\/microendo.com.mx\/product\/agavemicrobiota-2\/#primaryimage"},"image":{"@id":"https:\/\/microendo.com.mx\/product\/agavemicrobiota-2\/#primaryimage"},"thumbnailUrl":"https:\/\/microendo.com.mx\/wp-content\/uploads\/2023\/06\/01-1.png","datePublished":"2022-05-19T19:16:13+00:00","dateModified":"2025-05-25T10:25:33+00:00","breadcrumb":{"@id":"https:\/\/microendo.com.mx\/product\/agavemicrobiota-2\/#breadcrumb"},"inLanguage":"en-US","potentialAction":[{"@type":"ReadAction","target":["https:\/\/microendo.com.mx\/product\/agavemicrobiota-2\/"]}]},{"@type":"ImageObject","inLanguage":"en-US","@id":"https:\/\/microendo.com.mx\/product\/agavemicrobiota-2\/#primaryimage","url":"https:\/\/microendo.com.mx\/wp-content\/uploads\/2023\/06\/01-1.png","contentUrl":"https:\/\/microendo.com.mx\/wp-content\/uploads\/2023\/06\/01-1.png","width":1339,"height":1080},{"@type":"BreadcrumbList","@id":"https:\/\/microendo.com.mx\/product\/agavemicrobiota-2\/#breadcrumb","itemListElement":[{"@type":"ListItem","position":1,"name":"Inicio","item":"https:\/\/microendo.com.mx\/"},{"@type":"ListItem","position":2,"name":"Tienda","item":"https:\/\/microendo.com.mx\/compras\/"},{"@type":"ListItem","position":3,"name":"AgaveMicrobiota"}]},{"@type":"WebSite","@id":"https:\/\/microendo.com.mx\/#website","url":"https:\/\/microendo.com.mx\/","name":"microendo","description":"Biofertilizantes Personalizados","publisher":{"@id":"https:\/\/microendo.com.mx\/#organization"},"potentialAction":[{"@type":"SearchAction","target":{"@type":"EntryPoint","urlTemplate":"https:\/\/microendo.com.mx\/?s={search_term_string}"},"query-input":{"@type":"PropertyValueSpecification","valueRequired":true,"valueName":"search_term_string"}}],"inLanguage":"en-US"},{"@type":"Organization","@id":"https:\/\/microendo.com.mx\/#organization","name":"microendo","url":"https:\/\/microendo.com.mx\/","logo":{"@type":"ImageObject","inLanguage":"en-US","@id":"https:\/\/microendo.com.mx\/#\/schema\/logo\/image\/","url":"https:\/\/microendo.com.mx\/wp-content\/uploads\/2019\/12\/cropped-cuadlogo-1.png","contentUrl":"https:\/\/microendo.com.mx\/wp-content\/uploads\/2019\/12\/cropped-cuadlogo-1.png","width":250,"height":250,"caption":"Microendo"},"image":{"@id":"https:\/\/microendo.com.mx\/#\/schema\/logo\/image\/"}}]}},"_links":{"self":[{"href":"https:\/\/microendo.com.mx\/en\/wp-json\/wp\/v2\/product\/3370","targetHints":{"allow":["GET"]}}],"collection":[{"href":"https:\/\/microendo.com.mx\/en\/wp-json\/wp\/v2\/product"}],"about":[{"href":"https:\/\/microendo.com.mx\/en\/wp-json\/wp\/v2\/types\/product"}],"replies":[{"embeddable":true,"href":"https:\/\/microendo.com.mx\/en\/wp-json\/wp\/v2\/comments?post=3370"}],"version-history":[{"count":0,"href":"https:\/\/microendo.com.mx\/en\/wp-json\/wp\/v2\/product\/3370\/revisions"}],"wp:featuredmedia":[{"embeddable":true,"href":"https:\/\/microendo.com.mx\/en\/wp-json\/wp\/v2\/media\/6265"}],"wp:attachment":[{"href":"https:\/\/microendo.com.mx\/en\/wp-json\/wp\/v2\/media?parent=3370"}],"wp:term":[{"taxonomy":"product_brand","embeddable":true,"href":"https:\/\/microendo.com.mx\/en\/wp-json\/wp\/v2\/product_brand?post=3370"},{"taxonomy":"product_cat","embeddable":true,"href":"https:\/\/microendo.com.mx\/en\/wp-json\/wp\/v2\/product_cat?post=3370"},{"taxonomy":"product_tag","embeddable":true,"href":"https:\/\/microendo.com.mx\/en\/wp-json\/wp\/v2\/product_tag?post=3370"}],"curies":[{"name":"wp","href":"https:\/\/api.w.org\/{rel}","templated":true}]}}