{"id":4468,"date":"2022-06-09T01:49:12","date_gmt":"2022-06-09T01:49:12","guid":{"rendered":"https:\/\/microendo.com.mx\/?post_type=product&#038;p=4468"},"modified":"2026-01-07T13:11:47","modified_gmt":"2026-01-07T13:11:47","slug":"heatprotect","status":"publish","type":"product","link":"https:\/\/microendo.com.mx\/en\/product\/heatprotect\/","title":{"rendered":"HEATPROTECT"},"content":{"rendered":"","protected":false},"excerpt":{"rendered":"<p>Bio-inoculant specially designed for hydric stress and salt excess. Reduces plant stress and favors water retention in the roots.  It stimulates the growth of the plant and favors the retention of water in the roots. Protection against pathogenic fungi and promotes water retention in the roots.<\/p>","protected":false},"featured_media":6323,"comment_status":"open","ping_status":"closed","template":"","meta":{"rs_blank_template":"","rs_page_bg_color":"","slide_template_v7":""},"product_brand":[],"product_cat":[32,30],"product_tag":[],"class_list":{"0":"post-4468","1":"product","2":"type-product","3":"status-publish","4":"has-post-thumbnail","6":"product_cat-campo-espanol","7":"product_cat-espanol","9":"first","10":"instock","11":"sale","12":"taxable","13":"shipping-taxable","14":"purchasable","15":"product-type-variable"},"yoast_head":"<!-- This site is optimized with the Yoast SEO plugin v27.2 - https:\/\/yoast.com\/product\/yoast-seo-wordpress\/ -->\n<title>HEATPROTECT - Microendo<\/title>\n<meta name=\"robots\" content=\"index, follow, max-snippet:-1, max-image-preview:large, max-video-preview:-1\" \/>\n<link rel=\"canonical\" href=\"https:\/\/microendo.com.mx\/en\/product\/heatprotect\/\" \/>\n<meta property=\"og:locale\" content=\"en_US\" \/>\n<meta property=\"og:type\" content=\"article\" \/>\n<meta property=\"og:title\" content=\"HEATPROTECT - Microendo\" \/>\n<meta property=\"og:description\" content=\"Bio-inoculante dise\u00f1ado especialmente para el estr\u00e9s h\u00eddrico y exceso de sales. Estimula el crecimiento de la planta y favorece la retenci\u00f3n de agua en las ra\u00edces. Protecci\u00f3n contra hongos pat\u00f3genos y favorece la retenci\u00f3n de agua en las ra\u00edces. \u00a0Disminuye el estr\u00e9s de la planta y favorece la retenci\u00f3n de agua en las ra\u00edces.\" \/>\n<meta property=\"og:url\" content=\"https:\/\/microendo.com.mx\/en\/product\/heatprotect\/\" \/>\n<meta property=\"og:site_name\" content=\"Microendo\" \/>\n<meta property=\"article:modified_time\" content=\"2026-01-07T13:11:47+00:00\" \/>\n<meta property=\"og:image\" content=\"https:\/\/microendo.com.mx\/wp-content\/uploads\/2023\/06\/16.png\" \/>\n\t<meta property=\"og:image:width\" content=\"1408\" \/>\n\t<meta property=\"og:image:height\" content=\"1080\" \/>\n\t<meta property=\"og:image:type\" content=\"image\/png\" \/>\n<meta name=\"twitter:card\" content=\"summary_large_image\" \/>\n<script type=\"application\/ld+json\" class=\"yoast-schema-graph\">{\"@context\":\"https:\/\/schema.org\",\"@graph\":[{\"@type\":\"WebPage\",\"@id\":\"https:\/\/microendo.com.mx\/product\/heatprotect\/\",\"url\":\"https:\/\/microendo.com.mx\/product\/heatprotect\/\",\"name\":\"HEATPROTECT - Microendo\",\"isPartOf\":{\"@id\":\"https:\/\/microendo.com.mx\/#website\"},\"primaryImageOfPage\":{\"@id\":\"https:\/\/microendo.com.mx\/product\/heatprotect\/#primaryimage\"},\"image\":{\"@id\":\"https:\/\/microendo.com.mx\/product\/heatprotect\/#primaryimage\"},\"thumbnailUrl\":\"https:\/\/microendo.com.mx\/wp-content\/uploads\/2023\/06\/16.png\",\"datePublished\":\"2022-06-09T01:49:12+00:00\",\"dateModified\":\"2026-01-07T13:11:47+00:00\",\"breadcrumb\":{\"@id\":\"https:\/\/microendo.com.mx\/product\/heatprotect\/#breadcrumb\"},\"inLanguage\":\"en-US\",\"potentialAction\":[{\"@type\":\"ReadAction\",\"target\":[\"https:\/\/microendo.com.mx\/product\/heatprotect\/\"]}]},{\"@type\":\"ImageObject\",\"inLanguage\":\"en-US\",\"@id\":\"https:\/\/microendo.com.mx\/product\/heatprotect\/#primaryimage\",\"url\":\"https:\/\/microendo.com.mx\/wp-content\/uploads\/2023\/06\/16.png\",\"contentUrl\":\"https:\/\/microendo.com.mx\/wp-content\/uploads\/2023\/06\/16.png\",\"width\":1408,\"height\":1080},{\"@type\":\"BreadcrumbList\",\"@id\":\"https:\/\/microendo.com.mx\/product\/heatprotect\/#breadcrumb\",\"itemListElement\":[{\"@type\":\"ListItem\",\"position\":1,\"name\":\"Inicio\",\"item\":\"https:\/\/microendo.com.mx\/\"},{\"@type\":\"ListItem\",\"position\":2,\"name\":\"Tienda\",\"item\":\"https:\/\/microendo.com.mx\/compras\/\"},{\"@type\":\"ListItem\",\"position\":3,\"name\":\"HEATPROTECT\"}]},{\"@type\":\"WebSite\",\"@id\":\"https:\/\/microendo.com.mx\/#website\",\"url\":\"https:\/\/microendo.com.mx\/\",\"name\":\"Microendo\",\"description\":\"Biofertilizantes Personalizados\",\"publisher\":{\"@id\":\"https:\/\/microendo.com.mx\/#organization\"},\"potentialAction\":[{\"@type\":\"SearchAction\",\"target\":{\"@type\":\"EntryPoint\",\"urlTemplate\":\"https:\/\/microendo.com.mx\/?s={search_term_string}\"},\"query-input\":{\"@type\":\"PropertyValueSpecification\",\"valueRequired\":true,\"valueName\":\"search_term_string\"}}],\"inLanguage\":\"en-US\"},{\"@type\":\"Organization\",\"@id\":\"https:\/\/microendo.com.mx\/#organization\",\"name\":\"Microendo\",\"url\":\"https:\/\/microendo.com.mx\/\",\"logo\":{\"@type\":\"ImageObject\",\"inLanguage\":\"en-US\",\"@id\":\"https:\/\/microendo.com.mx\/#\/schema\/logo\/image\/\",\"url\":\"https:\/\/microendo.com.mx\/wp-content\/uploads\/2019\/12\/cropped-cuadlogo-1.png\",\"contentUrl\":\"https:\/\/microendo.com.mx\/wp-content\/uploads\/2019\/12\/cropped-cuadlogo-1.png\",\"width\":250,\"height\":250,\"caption\":\"Microendo\"},\"image\":{\"@id\":\"https:\/\/microendo.com.mx\/#\/schema\/logo\/image\/\"}}]}<\/script>\n<!-- \/ Yoast SEO plugin. -->","yoast_head_json":{"title":"HEATPROTECT - Microendo","robots":{"index":"index","follow":"follow","max-snippet":"max-snippet:-1","max-image-preview":"max-image-preview:large","max-video-preview":"max-video-preview:-1"},"canonical":"https:\/\/microendo.com.mx\/en\/product\/heatprotect\/","og_locale":"en_US","og_type":"article","og_title":"HEATPROTECT - Microendo","og_description":"Bio-inoculante dise\u00f1ado especialmente para el estr\u00e9s h\u00eddrico y exceso de sales. Estimula el crecimiento de la planta y favorece la retenci\u00f3n de agua en las ra\u00edces. Protecci\u00f3n contra hongos pat\u00f3genos y favorece la retenci\u00f3n de agua en las ra\u00edces. \u00a0Disminuye el estr\u00e9s de la planta y favorece la retenci\u00f3n de agua en las ra\u00edces.","og_url":"https:\/\/microendo.com.mx\/en\/product\/heatprotect\/","og_site_name":"Microendo","article_modified_time":"2026-01-07T13:11:47+00:00","og_image":[{"width":1408,"height":1080,"url":"https:\/\/microendo.com.mx\/wp-content\/uploads\/2023\/06\/16.png","type":"image\/png"}],"twitter_card":"summary_large_image","schema":{"@context":"https:\/\/schema.org","@graph":[{"@type":"WebPage","@id":"https:\/\/microendo.com.mx\/product\/heatprotect\/","url":"https:\/\/microendo.com.mx\/product\/heatprotect\/","name":"HEATPROTECT - Microendo","isPartOf":{"@id":"https:\/\/microendo.com.mx\/#website"},"primaryImageOfPage":{"@id":"https:\/\/microendo.com.mx\/product\/heatprotect\/#primaryimage"},"image":{"@id":"https:\/\/microendo.com.mx\/product\/heatprotect\/#primaryimage"},"thumbnailUrl":"https:\/\/microendo.com.mx\/wp-content\/uploads\/2023\/06\/16.png","datePublished":"2022-06-09T01:49:12+00:00","dateModified":"2026-01-07T13:11:47+00:00","breadcrumb":{"@id":"https:\/\/microendo.com.mx\/product\/heatprotect\/#breadcrumb"},"inLanguage":"en-US","potentialAction":[{"@type":"ReadAction","target":["https:\/\/microendo.com.mx\/product\/heatprotect\/"]}]},{"@type":"ImageObject","inLanguage":"en-US","@id":"https:\/\/microendo.com.mx\/product\/heatprotect\/#primaryimage","url":"https:\/\/microendo.com.mx\/wp-content\/uploads\/2023\/06\/16.png","contentUrl":"https:\/\/microendo.com.mx\/wp-content\/uploads\/2023\/06\/16.png","width":1408,"height":1080},{"@type":"BreadcrumbList","@id":"https:\/\/microendo.com.mx\/product\/heatprotect\/#breadcrumb","itemListElement":[{"@type":"ListItem","position":1,"name":"Inicio","item":"https:\/\/microendo.com.mx\/"},{"@type":"ListItem","position":2,"name":"Tienda","item":"https:\/\/microendo.com.mx\/compras\/"},{"@type":"ListItem","position":3,"name":"HEATPROTECT"}]},{"@type":"WebSite","@id":"https:\/\/microendo.com.mx\/#website","url":"https:\/\/microendo.com.mx\/","name":"microendo","description":"Biofertilizantes Personalizados","publisher":{"@id":"https:\/\/microendo.com.mx\/#organization"},"potentialAction":[{"@type":"SearchAction","target":{"@type":"EntryPoint","urlTemplate":"https:\/\/microendo.com.mx\/?s={search_term_string}"},"query-input":{"@type":"PropertyValueSpecification","valueRequired":true,"valueName":"search_term_string"}}],"inLanguage":"en-US"},{"@type":"Organization","@id":"https:\/\/microendo.com.mx\/#organization","name":"microendo","url":"https:\/\/microendo.com.mx\/","logo":{"@type":"ImageObject","inLanguage":"en-US","@id":"https:\/\/microendo.com.mx\/#\/schema\/logo\/image\/","url":"https:\/\/microendo.com.mx\/wp-content\/uploads\/2019\/12\/cropped-cuadlogo-1.png","contentUrl":"https:\/\/microendo.com.mx\/wp-content\/uploads\/2019\/12\/cropped-cuadlogo-1.png","width":250,"height":250,"caption":"Microendo"},"image":{"@id":"https:\/\/microendo.com.mx\/#\/schema\/logo\/image\/"}}]}},"_links":{"self":[{"href":"https:\/\/microendo.com.mx\/en\/wp-json\/wp\/v2\/product\/4468","targetHints":{"allow":["GET"]}}],"collection":[{"href":"https:\/\/microendo.com.mx\/en\/wp-json\/wp\/v2\/product"}],"about":[{"href":"https:\/\/microendo.com.mx\/en\/wp-json\/wp\/v2\/types\/product"}],"replies":[{"embeddable":true,"href":"https:\/\/microendo.com.mx\/en\/wp-json\/wp\/v2\/comments?post=4468"}],"version-history":[{"count":0,"href":"https:\/\/microendo.com.mx\/en\/wp-json\/wp\/v2\/product\/4468\/revisions"}],"wp:featuredmedia":[{"embeddable":true,"href":"https:\/\/microendo.com.mx\/en\/wp-json\/wp\/v2\/media\/6323"}],"wp:attachment":[{"href":"https:\/\/microendo.com.mx\/en\/wp-json\/wp\/v2\/media?parent=4468"}],"wp:term":[{"taxonomy":"product_brand","embeddable":true,"href":"https:\/\/microendo.com.mx\/en\/wp-json\/wp\/v2\/product_brand?post=4468"},{"taxonomy":"product_cat","embeddable":true,"href":"https:\/\/microendo.com.mx\/en\/wp-json\/wp\/v2\/product_cat?post=4468"},{"taxonomy":"product_tag","embeddable":true,"href":"https:\/\/microendo.com.mx\/en\/wp-json\/wp\/v2\/product_tag?post=4468"}],"curies":[{"name":"wp","href":"https:\/\/api.w.org\/{rel}","templated":true}]}}