{"id":6421,"date":"2023-06-20T23:41:36","date_gmt":"2023-06-20T23:41:36","guid":{"rendered":"https:\/\/microendo.com.mx\/?post_type=product&#038;p=6421"},"modified":"2025-05-26T03:46:22","modified_gmt":"2025-05-26T03:46:22","slug":"agaveprotect","status":"publish","type":"product","link":"https:\/\/microendo.com.mx\/en\/product\/agaveprotect\/","title":{"rendered":"AgavePROTECT"},"content":{"rendered":"","protected":false},"excerpt":{"rendered":"<p>AgaveProtect es un producto elaborado apartir de la selecci\u00f3n de los mejores microorganismos obtenidos de la misma planta de Agave tequilana, siendo un producto especializado para su uso en Agav\u00e1ceas, Suculentas y Cactus. AgaveProtect garantiza un producto de alta calidad inofensivo para el ser humano y ben\u00e9fico para el medio ambiente, ideal para todo tipo de Agav\u00e1ceas.<\/p>","protected":false},"featured_media":6514,"comment_status":"open","ping_status":"closed","template":"","meta":{"rs_blank_template":"","rs_page_bg_color":"","slide_template_v7":""},"product_brand":[],"product_cat":[30,33],"product_tag":[],"class_list":{"0":"post-6421","1":"product","2":"type-product","3":"status-publish","4":"has-post-thumbnail","6":"product_cat-espanol","7":"product_cat-hogar-espanol","9":"first","10":"instock","11":"taxable","12":"shipping-taxable","13":"purchasable","14":"product-type-simple"},"yoast_head":"<!-- This site is optimized with the Yoast SEO plugin v27.2 - https:\/\/yoast.com\/product\/yoast-seo-wordpress\/ -->\n<title>AgavePROTECT - Microendo<\/title>\n<meta name=\"robots\" content=\"index, follow, max-snippet:-1, max-image-preview:large, max-video-preview:-1\" \/>\n<link rel=\"canonical\" href=\"https:\/\/microendo.com.mx\/en\/product\/agaveprotect\/\" \/>\n<meta property=\"og:locale\" content=\"en_US\" \/>\n<meta property=\"og:type\" content=\"article\" \/>\n<meta property=\"og:title\" content=\"AgavePROTECT - Microendo\" \/>\n<meta property=\"og:description\" content=\"AgaveProtect es un producto elaborado apartir de la selecci\u00f3n de los mejores microorganismos obtenidos de la misma planta de Agave tequilana, siendo un producto especializado para su uso en Agav\u00e1ceas, Suculentas y Cactus. AgaveProtect garantiza un producto de alta calidad inofensivo para el ser humano y ben\u00e9fico para el medio ambiente, ideal para todo tipo de Agav\u00e1ceas.\" \/>\n<meta property=\"og:url\" content=\"https:\/\/microendo.com.mx\/en\/product\/agaveprotect\/\" \/>\n<meta property=\"og:site_name\" content=\"Microendo\" \/>\n<meta property=\"article:modified_time\" content=\"2025-05-26T03:46:22+00:00\" \/>\n<meta property=\"og:image\" content=\"https:\/\/microendo.com.mx\/wp-content\/uploads\/2023\/06\/89169ac5-8765-4615-9906-ded19d44d8d1.png\" \/>\n\t<meta property=\"og:image:width\" content=\"720\" \/>\n\t<meta property=\"og:image:height\" content=\"1080\" \/>\n\t<meta property=\"og:image:type\" content=\"image\/png\" \/>\n<meta name=\"twitter:card\" content=\"summary_large_image\" \/>\n<script type=\"application\/ld+json\" class=\"yoast-schema-graph\">{\"@context\":\"https:\/\/schema.org\",\"@graph\":[{\"@type\":\"WebPage\",\"@id\":\"https:\/\/microendo.com.mx\/product\/agaveprotect\/\",\"url\":\"https:\/\/microendo.com.mx\/product\/agaveprotect\/\",\"name\":\"AgavePROTECT - Microendo\",\"isPartOf\":{\"@id\":\"https:\/\/microendo.com.mx\/#website\"},\"primaryImageOfPage\":{\"@id\":\"https:\/\/microendo.com.mx\/product\/agaveprotect\/#primaryimage\"},\"image\":{\"@id\":\"https:\/\/microendo.com.mx\/product\/agaveprotect\/#primaryimage\"},\"thumbnailUrl\":\"https:\/\/microendo.com.mx\/wp-content\/uploads\/2023\/06\/89169ac5-8765-4615-9906-ded19d44d8d1.png\",\"datePublished\":\"2023-06-20T23:41:36+00:00\",\"dateModified\":\"2025-05-26T03:46:22+00:00\",\"breadcrumb\":{\"@id\":\"https:\/\/microendo.com.mx\/product\/agaveprotect\/#breadcrumb\"},\"inLanguage\":\"en-US\",\"potentialAction\":[{\"@type\":\"ReadAction\",\"target\":[\"https:\/\/microendo.com.mx\/product\/agaveprotect\/\"]}]},{\"@type\":\"ImageObject\",\"inLanguage\":\"en-US\",\"@id\":\"https:\/\/microendo.com.mx\/product\/agaveprotect\/#primaryimage\",\"url\":\"https:\/\/microendo.com.mx\/wp-content\/uploads\/2023\/06\/89169ac5-8765-4615-9906-ded19d44d8d1.png\",\"contentUrl\":\"https:\/\/microendo.com.mx\/wp-content\/uploads\/2023\/06\/89169ac5-8765-4615-9906-ded19d44d8d1.png\",\"width\":720,\"height\":1080},{\"@type\":\"BreadcrumbList\",\"@id\":\"https:\/\/microendo.com.mx\/product\/agaveprotect\/#breadcrumb\",\"itemListElement\":[{\"@type\":\"ListItem\",\"position\":1,\"name\":\"Inicio\",\"item\":\"https:\/\/microendo.com.mx\/\"},{\"@type\":\"ListItem\",\"position\":2,\"name\":\"Tienda\",\"item\":\"https:\/\/microendo.com.mx\/compras\/\"},{\"@type\":\"ListItem\",\"position\":3,\"name\":\"AgavePROTECT\"}]},{\"@type\":\"WebSite\",\"@id\":\"https:\/\/microendo.com.mx\/#website\",\"url\":\"https:\/\/microendo.com.mx\/\",\"name\":\"Microendo\",\"description\":\"Biofertilizantes Personalizados\",\"publisher\":{\"@id\":\"https:\/\/microendo.com.mx\/#organization\"},\"potentialAction\":[{\"@type\":\"SearchAction\",\"target\":{\"@type\":\"EntryPoint\",\"urlTemplate\":\"https:\/\/microendo.com.mx\/?s={search_term_string}\"},\"query-input\":{\"@type\":\"PropertyValueSpecification\",\"valueRequired\":true,\"valueName\":\"search_term_string\"}}],\"inLanguage\":\"en-US\"},{\"@type\":\"Organization\",\"@id\":\"https:\/\/microendo.com.mx\/#organization\",\"name\":\"Microendo\",\"url\":\"https:\/\/microendo.com.mx\/\",\"logo\":{\"@type\":\"ImageObject\",\"inLanguage\":\"en-US\",\"@id\":\"https:\/\/microendo.com.mx\/#\/schema\/logo\/image\/\",\"url\":\"https:\/\/microendo.com.mx\/wp-content\/uploads\/2019\/12\/cropped-cuadlogo-1.png\",\"contentUrl\":\"https:\/\/microendo.com.mx\/wp-content\/uploads\/2019\/12\/cropped-cuadlogo-1.png\",\"width\":250,\"height\":250,\"caption\":\"Microendo\"},\"image\":{\"@id\":\"https:\/\/microendo.com.mx\/#\/schema\/logo\/image\/\"}}]}<\/script>\n<!-- \/ Yoast SEO plugin. -->","yoast_head_json":{"title":"AgavePROTECT - Microendo","robots":{"index":"index","follow":"follow","max-snippet":"max-snippet:-1","max-image-preview":"max-image-preview:large","max-video-preview":"max-video-preview:-1"},"canonical":"https:\/\/microendo.com.mx\/en\/product\/agaveprotect\/","og_locale":"en_US","og_type":"article","og_title":"AgavePROTECT - Microendo","og_description":"AgaveProtect es un producto elaborado apartir de la selecci\u00f3n de los mejores microorganismos obtenidos de la misma planta de Agave tequilana, siendo un producto especializado para su uso en Agav\u00e1ceas, Suculentas y Cactus. AgaveProtect garantiza un producto de alta calidad inofensivo para el ser humano y ben\u00e9fico para el medio ambiente, ideal para todo tipo de Agav\u00e1ceas.","og_url":"https:\/\/microendo.com.mx\/en\/product\/agaveprotect\/","og_site_name":"Microendo","article_modified_time":"2025-05-26T03:46:22+00:00","og_image":[{"width":720,"height":1080,"url":"https:\/\/microendo.com.mx\/wp-content\/uploads\/2023\/06\/89169ac5-8765-4615-9906-ded19d44d8d1.png","type":"image\/png"}],"twitter_card":"summary_large_image","schema":{"@context":"https:\/\/schema.org","@graph":[{"@type":"WebPage","@id":"https:\/\/microendo.com.mx\/product\/agaveprotect\/","url":"https:\/\/microendo.com.mx\/product\/agaveprotect\/","name":"AgavePROTECT - Microendo","isPartOf":{"@id":"https:\/\/microendo.com.mx\/#website"},"primaryImageOfPage":{"@id":"https:\/\/microendo.com.mx\/product\/agaveprotect\/#primaryimage"},"image":{"@id":"https:\/\/microendo.com.mx\/product\/agaveprotect\/#primaryimage"},"thumbnailUrl":"https:\/\/microendo.com.mx\/wp-content\/uploads\/2023\/06\/89169ac5-8765-4615-9906-ded19d44d8d1.png","datePublished":"2023-06-20T23:41:36+00:00","dateModified":"2025-05-26T03:46:22+00:00","breadcrumb":{"@id":"https:\/\/microendo.com.mx\/product\/agaveprotect\/#breadcrumb"},"inLanguage":"en-US","potentialAction":[{"@type":"ReadAction","target":["https:\/\/microendo.com.mx\/product\/agaveprotect\/"]}]},{"@type":"ImageObject","inLanguage":"en-US","@id":"https:\/\/microendo.com.mx\/product\/agaveprotect\/#primaryimage","url":"https:\/\/microendo.com.mx\/wp-content\/uploads\/2023\/06\/89169ac5-8765-4615-9906-ded19d44d8d1.png","contentUrl":"https:\/\/microendo.com.mx\/wp-content\/uploads\/2023\/06\/89169ac5-8765-4615-9906-ded19d44d8d1.png","width":720,"height":1080},{"@type":"BreadcrumbList","@id":"https:\/\/microendo.com.mx\/product\/agaveprotect\/#breadcrumb","itemListElement":[{"@type":"ListItem","position":1,"name":"Inicio","item":"https:\/\/microendo.com.mx\/"},{"@type":"ListItem","position":2,"name":"Tienda","item":"https:\/\/microendo.com.mx\/compras\/"},{"@type":"ListItem","position":3,"name":"AgavePROTECT"}]},{"@type":"WebSite","@id":"https:\/\/microendo.com.mx\/#website","url":"https:\/\/microendo.com.mx\/","name":"microendo","description":"Biofertilizantes Personalizados","publisher":{"@id":"https:\/\/microendo.com.mx\/#organization"},"potentialAction":[{"@type":"SearchAction","target":{"@type":"EntryPoint","urlTemplate":"https:\/\/microendo.com.mx\/?s={search_term_string}"},"query-input":{"@type":"PropertyValueSpecification","valueRequired":true,"valueName":"search_term_string"}}],"inLanguage":"en-US"},{"@type":"Organization","@id":"https:\/\/microendo.com.mx\/#organization","name":"microendo","url":"https:\/\/microendo.com.mx\/","logo":{"@type":"ImageObject","inLanguage":"en-US","@id":"https:\/\/microendo.com.mx\/#\/schema\/logo\/image\/","url":"https:\/\/microendo.com.mx\/wp-content\/uploads\/2019\/12\/cropped-cuadlogo-1.png","contentUrl":"https:\/\/microendo.com.mx\/wp-content\/uploads\/2019\/12\/cropped-cuadlogo-1.png","width":250,"height":250,"caption":"Microendo"},"image":{"@id":"https:\/\/microendo.com.mx\/#\/schema\/logo\/image\/"}}]}},"_links":{"self":[{"href":"https:\/\/microendo.com.mx\/en\/wp-json\/wp\/v2\/product\/6421","targetHints":{"allow":["GET"]}}],"collection":[{"href":"https:\/\/microendo.com.mx\/en\/wp-json\/wp\/v2\/product"}],"about":[{"href":"https:\/\/microendo.com.mx\/en\/wp-json\/wp\/v2\/types\/product"}],"replies":[{"embeddable":true,"href":"https:\/\/microendo.com.mx\/en\/wp-json\/wp\/v2\/comments?post=6421"}],"version-history":[{"count":0,"href":"https:\/\/microendo.com.mx\/en\/wp-json\/wp\/v2\/product\/6421\/revisions"}],"wp:featuredmedia":[{"embeddable":true,"href":"https:\/\/microendo.com.mx\/en\/wp-json\/wp\/v2\/media\/6514"}],"wp:attachment":[{"href":"https:\/\/microendo.com.mx\/en\/wp-json\/wp\/v2\/media?parent=6421"}],"wp:term":[{"taxonomy":"product_brand","embeddable":true,"href":"https:\/\/microendo.com.mx\/en\/wp-json\/wp\/v2\/product_brand?post=6421"},{"taxonomy":"product_cat","embeddable":true,"href":"https:\/\/microendo.com.mx\/en\/wp-json\/wp\/v2\/product_cat?post=6421"},{"taxonomy":"product_tag","embeddable":true,"href":"https:\/\/microendo.com.mx\/en\/wp-json\/wp\/v2\/product_tag?post=6421"}],"curies":[{"name":"wp","href":"https:\/\/api.w.org\/{rel}","templated":true}]}}